{"id":9997,"date":"2023-05-30T13:23:47","date_gmt":"2023-05-30T11:23:47","guid":{"rendered":"https:\/\/antiquewhite-gerbil-448984.hostingersite.com\/?post_type=product&#038;p=9997"},"modified":"2023-10-28T04:43:21","modified_gmt":"2023-10-28T02:43:21","slug":"insert-a-granules-hydraulique-evacalor-saturno-24-5-kw","status":"publish","type":"product","link":"https:\/\/troncybois.com\/?product=insert-a-granules-hydraulique-evacalor-saturno-24-5-kw","title":{"rendered":"Insert a granul\u00e9s hydraulique &#8211; EVACALOR Saturno 24.5 kW"},"content":{"rendered":"<div class=\"fiche-produit\">\n<p><strong>L&rsquo;insert \u00e0 pellets hydraulique Saturno 24 <\/strong>de la marque <strong>EVA CALOR<\/strong> peut chauffer un volume allant de 350 \u00e0 450 m3. Cet <strong>insert hydraulique<\/strong> ou <strong>thermopo\u00eales \u00e0 granul\u00e9s<\/strong> ou encore <strong>po\u00eale bouilleur<\/strong> fonctionne comme une <strong>chaudi\u00e8re<\/strong>. Il peut \u00eatre raccord\u00e9 \u00e0 un r\u00e9seau de radiateurs ou planchers chauffants de votre maison afin d&rsquo;apporter tout le confort d&rsquo;un <strong>chauffage central.<\/strong><\/p>\n<p>Gr\u00e2ce \u00e0 son r\u00e9servoir \u00e0 granul\u00e9s d&rsquo;une capacit\u00e9 de 28 kilos et sa puissance rendue \u00e0 l&rsquo;eau de 18 kW cet appareil de chauffage r\u00e9pondra \u00e0 toutes vos attentes.<\/p>\n<h2>Informations cl\u00e9s sur l&rsquo;Insert \u00e0 granul\u00e9s hydraulique &#8211; EVA CALOR Saturno 24.5 kW<\/h2>\n<ul>\n<li>Fa\u00e7ade de porte en verre s\u00e9rigraphi\u00e9<\/li>\n<li>Foyer en acier<\/li>\n<li>Brasier en acier<\/li>\n<li>Trappe avant amovible pour le chargement du pellet<\/li>\n<li>5 puissances de fonctionnement<\/li>\n<li>Install\u00e9 sur rails d\u2019extraction<\/li>\n<li>Poign\u00e9e amovible<\/li>\n<li>Chrono-thermostat<\/li>\n<li>Thermostat de s\u00e9curit\u00e9<\/li>\n<li>Pompe de circulation<\/li>\n<li>Vase d\u2019expansion<\/li>\n<li>Vanne de s\u00e9curit\u00e9<\/li>\n<li>Transducteur de pression<\/li>\n<li>Pr\u00e9disposition pour thermostat ext\u00e9rieur<\/li>\n<li>T\u00e9l\u00e9commande : INCLUSE<\/li>\n<li>Tr\u00e9pied\u00a0: OPTION<\/li>\n<li>WIFI\u00a0: OPTION<\/li>\n<li>Kit eau chaude sanitaire\u00a0: OPTION<\/li>\n<\/ul>\n<h2>Caract\u00e9ristiques techniques de l&rsquo;Insert \u00e0 granul\u00e9s hydraulique &#8211; EVA CALOR Saturno 24.5 kW<\/h2>\n<div>\n<ul>\n<li>Puissance nominale : Pmin 6.6 \/ Pmax 22 kW<\/li>\n<li>Puissance br\u00fbl\u00e9e : Pmin 7 \/ Pmax 24.5 kW<\/li>\n<li>Puissance rendue \u00e0 l&rsquo;eau : Pmin 5.2 \/ Pmax 18 kW<\/li>\n<li>Volume de chauffe : 450 m3<\/li>\n<li>Dimensions : L 839 x H 806 x P 649 mm<\/li>\n<li>Poids : 190 kg<\/li>\n<li>Rendement : min 90.5 \/ max 95 %<\/li>\n<li>Consommation : de 1.5 \u00e0 5.2 kg\/h<\/li>\n<li>Capacit\u00e9 du r\u00e9servoir : 28 kg<\/li>\n<li>Diam\u00e8tre sortie de fum\u00e9es : 80 mm<\/li>\n<li>Diam\u00e8tre arriv\u00e9e d&rsquo;air : 42 mm<\/li>\n<li>Classe \u00e9nerg\u00e9tique : A+<\/li>\n<li>Dimensions minimales de l&rsquo;orifice de l&rsquo;insert : L 775 x H 793 mm<\/li>\n<li>Distance minimale des surfaces inflammables : c\u00f4t\u00e9 38cm \/ arri\u00e8re 33cm \/ avant 100cm \/ bas 10cm<\/li>\n<\/ul>\n<h3>Sch\u00e9ma explicatif de l&rsquo;Insert \u00e0 granul\u00e9s hydraulique &#8211; EVA CALOR Saturno 24.5 kW<\/h3>\n<\/div>\n<div><\/div>\n<div>\n<p><img fetchpriority=\"high\" decoding=\"async\" src=\"https:\/\/www.poelediscount.com\/img\/cms\/Sch%C3%A9ma%20technique\/EVA%20CALOR\/Tech_saturno_24.png\" alt=\"\" width=\"839\" height=\"499\" \/><\/p>\n<h3>Mode de fonctionnement de l&rsquo;Insert \u00e0 granul\u00e9s hydraulique &#8211; EVA CALOR Saturno 24.5 kW<\/h3>\n<ul>\n<li>Le syst\u00e8me <span style=\"text-decoration: underline;\">Eco-Stop (StandBy)<\/span> qui permet au <strong>po\u00eale \u00e0 granul\u00e9s<\/strong> de s&rsquo;\u00e9teindre une fois la temp\u00e9rature souhait\u00e9e atteinte et de red\u00e9marrer lorsque celle ci aura diminuer.<\/li>\n<li>Le syst\u00e8me <span style=\"text-decoration: underline;\">Modulation<\/span> qui permet au <strong>po\u00eale \u00e0 granules<\/strong> de fonctionner en continu afin d&rsquo;\u00e9viter les red\u00e9marrages, lorsque la temp\u00e9rature demand\u00e9e est atteinte celui ci va se r\u00e9guler automatiquement afin de diminuer sa puissance au minimum tout en maintenant la temp\u00e9rature.<\/li>\n<li>Le syst\u00e8me <span style=\"text-decoration: underline;\">Programmable<\/span> permettant de d\u00e9marrer et d&rsquo;\u00e9teindre le <strong>po\u00eale<\/strong> \u00e0 un moment pr\u00e9cis de la journ\u00e9e.<\/li>\n<\/ul>\n<p>Il faut savoir que tout les modes peuvent fonctionner ensemble, en m\u00eame temps.<\/p>\n<\/div>\n<h3>Les diff\u00e9rents syst\u00e8mes de l&rsquo;Insert \u00e0 granul\u00e9s hydraulique &#8211; EVA CALOR Saturno 24.5 kW<\/h3>\n<p><span style=\"text-decoration: underline;\">ECODESIGN 2022<\/span><br \/>\nCe produit r\u00e9pond aux crit\u00e8res du label Ecodesign 2022 qui \u00e9tablit les normes d&rsquo;un projet \u00e9co-compatible, ses m\u00e9thodes de calculs et d&rsquo;\u00e9valuation dans le but de r\u00e9duire les \u00e9missions dans l&rsquo;atmosph\u00e8re.<\/p>\n<p><span style=\"text-decoration: underline;\">SHU<\/span><br \/>\nLe symbole SHU indique que le po\u00eale est pourvu d\u2019une poign\u00e9e amovible. C\u2019est une pr\u00e9caution de s\u00e9curit\u00e9 pour \u00e9viter l\u2019ouverture accidentelle et\/ou involontaire de la porte du foyer.<\/p>\n<p><strong>A propos du fabricant :<\/strong> La soci\u00e9t\u00e9 italienne <strong>Eva Calor<\/strong> vous propose des articles de chauffes avec des caract\u00e9ristiques sp\u00e9cifiques. Ayant acquis des ann\u00e9es d\u2019exp\u00e9rience, la marque est \u00e9cologiquement responsable et tr\u00e8s ax\u00e9s sur la s\u00e9curit\u00e9 et la fiabilit\u00e9 de ses produits.<\/p>\n<\/div>\n<p>&nbsp;<\/p>\n<div>\n<p><strong><u>Garantie<\/u>\u00a0:\u00a0<\/strong>Nous vous rappelons que pour la garantie, l&rsquo;installation doit \u00eatre conforme au mode d&#8217;emploi (pr\u00e9conisation du fabricant) et doit respecter les normes en vigueur du pays, pour la France DTU 24.1 ou 24.2.<br \/>\nDe plus, comme pour tous les po\u00eales \u00e0 granul\u00e9s, les appareils sont \u00e0 r\u00e9gler en fonction du tirage naturel de l&rsquo;installation choisie.<\/p>\n<\/div>\n<div class=\"row\" style=\"padding-top: 20px;\">\n<div class=\"col-xs-12 col-sm-12 col-md-12 col-lg-4\" style=\"text-align: center; padding: 15px 2px 25px 2px;\">Questions fr\u00e9quentes<\/div>\n<div class=\"col-xs-12 col-sm-12 col-md-12 col-lg-4\" style=\"text-align: center; padding: 15px 2px 25px 2px;\">Quelle puissance choisir ?<\/div>\n<div class=\"col-xs-12 col-sm-12 col-md-12 col-lg-4\" style=\"text-align: center; padding: 15px 2px 25px 2px;\">Livraison<\/div>\n<\/div>\n","protected":false},"excerpt":{"rendered":"<p id=\"product_reference\"><label>R\u00e9f\u00e9rence <\/label><br \/>\n<span class=\"editable\">8976345768<\/span><\/p>\n<p id=\"product_condition\"><label>\u00c9tat : <\/label><br \/>\n<span class=\"editable\">Neuf<\/span><\/p>\n<p id=\"product_ean13\"><label>Ean13: <\/label><br \/>\n8029728008749<\/p>\n<div id=\"short_description_block\">\n<div id=\"short_description_content\" class=\"rte align_justify\">\n<ul>\n<li>Marque EVA CALOR<\/li>\n<li>Garantie 2 ans pi\u00e8ces<\/li>\n<li>Fabriqu\u00e9 en Italie<\/li>\n<li>Programmable &#8211; Eco-stop (StandBy)<\/li>\n<li>Non \u00e9tanche : Zone 1<\/li>\n<li>EcoDesign 2022<\/li>\n<\/ul>\n<p><strong><span style=\"color: #218e53;\">D\u00e9lai de livraison : 5 \u00e0 12 jours ouvr\u00e9s<\/span> <\/strong><\/p>\n<p><span style=\"text-decoration: underline;\"><strong>LIVRAISON GRATUITE<\/strong><\/span> (Partout en Europe)<\/p>\n<\/div>\n<\/div>\n","protected":false},"featured_media":10027,"comment_status":"open","ping_status":"closed","template":"","meta":[],"product_brand":[],"product_cat":[98,99,101,100],"product_tag":[],"class_list":{"0":"post-9997","1":"product","2":"type-product","3":"status-publish","4":"has-post-thumbnail","6":"product_cat-chaudieres","7":"product_cat-chaudieres-a-granules","8":"product_cat-inserts-a-granules-hydro","9":"product_cat-inserts-cheminees","11":"first","12":"instock","13":"sale","14":"purchasable","15":"product-type-simple"},"jetpack_sharing_enabled":true,"_links":{"self":[{"href":"https:\/\/troncybois.com\/index.php?rest_route=\/wp\/v2\/product\/9997","targetHints":{"allow":["GET"]}}],"collection":[{"href":"https:\/\/troncybois.com\/index.php?rest_route=\/wp\/v2\/product"}],"about":[{"href":"https:\/\/troncybois.com\/index.php?rest_route=\/wp\/v2\/types\/product"}],"replies":[{"embeddable":true,"href":"https:\/\/troncybois.com\/index.php?rest_route=%2Fwp%2Fv2%2Fcomments&post=9997"}],"version-history":[{"count":1,"href":"https:\/\/troncybois.com\/index.php?rest_route=\/wp\/v2\/product\/9997\/revisions"}],"predecessor-version":[{"id":10031,"href":"https:\/\/troncybois.com\/index.php?rest_route=\/wp\/v2\/product\/9997\/revisions\/10031"}],"wp:featuredmedia":[{"embeddable":true,"href":"https:\/\/troncybois.com\/index.php?rest_route=\/wp\/v2\/media\/10027"}],"wp:attachment":[{"href":"https:\/\/troncybois.com\/index.php?rest_route=%2Fwp%2Fv2%2Fmedia&parent=9997"}],"wp:term":[{"taxonomy":"product_brand","embeddable":true,"href":"https:\/\/troncybois.com\/index.php?rest_route=%2Fwp%2Fv2%2Fproduct_brand&post=9997"},{"taxonomy":"product_cat","embeddable":true,"href":"https:\/\/troncybois.com\/index.php?rest_route=%2Fwp%2Fv2%2Fproduct_cat&post=9997"},{"taxonomy":"product_tag","embeddable":true,"href":"https:\/\/troncybois.com\/index.php?rest_route=%2Fwp%2Fv2%2Fproduct_tag&post=9997"}],"curies":[{"name":"wp","href":"https:\/\/api.w.org\/{rel}","templated":true}]}}