{"id":9798,"date":"2023-05-30T13:17:21","date_gmt":"2023-05-30T11:17:21","guid":{"rendered":"https:\/\/antiquewhite-gerbil-448984.hostingersite.com\/?post_type=product&#038;p=9798"},"modified":"2023-05-31T15:14:28","modified_gmt":"2023-05-31T13:14:28","slug":"cuisiniere-a-bois-en-fonte-la-nordica-mamy-11-kw","status":"publish","type":"product","link":"https:\/\/troncybois.com\/?product=cuisiniere-a-bois-en-fonte-la-nordica-mamy-11-kw","title":{"rendered":"Cuisini\u00e8re \u00e0 bois en fonte &#8211; LA NORDICA Mamy 11 kW"},"content":{"rendered":"<div class=\"fiche-produit\">\n<p><strong>La cuisini\u00e8re \u00e0 bois en fonte Mamy<\/strong> de la marque<strong> La Nordica <\/strong>vous offrira la possibilit\u00e9 de chauffer votre maison jusqu&rsquo;\u00e0 249 m3 tout en retrouvant le plaisir de cuisinier au feu de bois gr\u00e2ce \u00e0 son grand four \u00e9maill\u00e9 de 55 litres. Le rev\u00eatement du mod\u00e8le de <strong>cuisini\u00e8re \u00e0 bois<\/strong> Mamy est fait enti\u00e8rement de fonte \u00e9maill\u00e9 ce qui assure au produit une grande long\u00e9vit\u00e9 et r\u00e9sistance aux chocs. Pr\u00e9parez tous vos plats et retrouvez les saveurs d&rsquo;une cuisine d&rsquo;antan avec cette magnifique cuisini\u00e8re \u00e0 bois.<\/p>\n<h2>Informations cl\u00e9s de <strong>la Cuisini\u00e8re \u00e0 bois en fonte &#8211; LA NORDICA Mamy 11 kW <\/strong><\/h2>\n<ul>\n<li>Rev\u00eatement ext\u00e9rieur en fonte \u00e9maill\u00e9e<\/li>\n<li>Fa\u00e7ade et ch\u00e2ssis en fonte<\/li>\n<li>Grille foyer en fonte<\/li>\n<li>Vitre c\u00e9ramique<\/li>\n<li>Air primaire et secondaire r\u00e9glable<\/li>\n<li>Porte du foyer en double vitrage<\/li>\n<li>Capacit\u00e9 du four : 55 L<\/li>\n<li>Plaques et portes en fonte<\/li>\n<li>Grand tiroir \u00e0 bois<\/li>\n<li>Taille des b\u00fbches : 33 cm<\/li>\n<li>Plat pour le four : INCLUS<\/li>\n<li>Grille pour le four : INCLUS<\/li>\n<\/ul>\n<h2>Description technique de la Cuisini\u00e8re \u00e0 bois en fonte &#8211; LA NORDICA Mamy 11 kW<\/h2>\n<ul>\n<li>Puissance br\u00fbl\u00e9e : 11.2 kW<\/li>\n<li>Puissance nominale : 8.7 kW<\/li>\n<li>Rendement : 78 %<\/li>\n<li>Volume de chauffe : 249 m<sup>3<\/sup><\/li>\n<li>Consommation : 2.7 kg\/h<\/li>\n<li>Poids : 210 kg<\/li>\n<li>Diam\u00e8tre des sorties des fum\u00e9es : 150 mm<\/li>\n<li>Dimensions : L 880 x H 860 x P 660 mm<\/li>\n<li>Dimensions du foyer : L 277 x H 304 X P 460 mm<\/li>\n<li>Dimensions du four : L 307 x H 418 x P 430 mm<\/li>\n<li>Classe \u00e9nerg\u00e9tique : A<\/li>\n<\/ul>\n<h2>Sch\u00e9ma technique de la cuisini\u00e8re \u00e0 bois<strong> en fonte <\/strong>&#8211; LA NORDICA Mamy 11 kW<\/h2>\n<p>Cliquez sur le lien suivant pour retrouver le Manuel Utilisateur : T\u00c9L\u00c9CHARGER LE MANUEL<img fetchpriority=\"high\" decoding=\"async\" src=\"https:\/\/www.poelediscount.com\/img\/cms\/Sch%C3%A9ma%20technique\/CAB\/MAMY.png\" alt=\"\" width=\"1409\" height=\"491\" \/><\/p>\n<h3>Les diff\u00e9rents syst\u00e8mes de la Cuisini\u00e8re \u00e0 bois en fonte &#8211; LA NORDICA Mamy 11 kW<\/h3>\n<p><span style=\"text-decoration: underline;\">Post Combustion System<\/span> : Le syst\u00e8me de combustion d\u00e9velopp\u00e9 par La Nordica-Extraflame permet, gr\u00e2ce \u00e0 un syst\u00e8me d\u2019air secondaire\/tertiaire, une postcombustion en mesure de r\u00e9duire drastiquement les \u00e9missions et donc de respecter les normes europ\u00e9ennes les plus s\u00e9v\u00e8res.<\/p>\n<p><span style=\"text-decoration: underline;\">RDT (Resistant Door at the Time)<\/span> : Les portes des produits, r\u00e9alis\u00e9es en fonte de qualit\u00e9 \u00e9lev\u00e9e, sont inalt\u00e9rables dans le temps et garantissent une \u00e9tanch\u00e9it\u00e9 constante.<\/p>\n<p><span style=\"text-decoration: underline;\">Clean Glass Control<\/span> : Ce syst\u00e8me qui gr\u00e2ce \u00e0 un parcours sp\u00e9cifique d&rsquo;air pr\u00e9chauff\u00e9 \u00e9vite efficacement l&rsquo;encrassement de la vitre du foyer, son entretien est ainsi facilit\u00e9.<\/p>\n<p><strong>\u00c0 propos du fournisseur : <\/strong>La marque <strong>La Nordica<\/strong> est une marque italienne qui a \u00e9t\u00e9 cr\u00e9e en 1968. L\u2019entreprise propose des solutions de chauffage modernes et sophistiqu\u00e9es. Les produits<strong> La Nordica<\/strong> respectent l\u2019environnement avec de meilleurs rendements et de faibles \u00e9missions polluantes. Les po\u00eales, cuisini\u00e8res, inserts sont adapt\u00e9s \u00e0 tous les go\u00fbts et exigences.<\/p>\n<\/div>\n<p>&nbsp;<\/p>\n<div>\n<p><strong><u>Garantie<\/u>\u00a0:\u00a0<\/strong>Nous vous rappelons que pour la garantie, l&rsquo;installation doit \u00eatre conforme au mode d&#8217;emploi (pr\u00e9conisation du fabricant) et doit respecter les normes en vigueur du pays, pour la France DTU 24.1 ou 24.2.<br \/>\nDe plus, comme pour tous les po\u00eales \u00e0 granul\u00e9s, les appareils sont \u00e0 r\u00e9gler en fonction du tirage naturel de l&rsquo;installation choisie.<\/p>\n<p class=\"fiche-produit\">Les r\u00e9glages et la mise en service de ce produit doivent \u00eatre effectu\u00e9s par un professionnel agr\u00e9\u00e9 CAT La Nordica-Extraflame, le listing se trouve ici : https:\/\/www.lanordica-extraflame.com\/fr\/cat\/services-apres-vente.<br \/>\nPensez \u00e0 v\u00e9rifier la disponibilit\u00e9 d&rsquo;un professionnel pr\u00e8s de chez vous.<\/p>\n<\/div>\n<div class=\"row\" style=\"padding-top: 20px;\">\n<div class=\"col-xs-12 col-sm-12 col-md-12 col-lg-4\" style=\"text-align: center; padding: 15px 2px 25px 2px;\">Questions fr\u00e9quentes<\/div>\n<div class=\"col-xs-12 col-sm-12 col-md-12 col-lg-4\" style=\"text-align: center; padding: 15px 2px 25px 2px;\">Quelle puissance choisir ?<\/div>\n<div class=\"col-xs-12 col-sm-12 col-md-12 col-lg-4\" style=\"text-align: center; padding: 15px 2px 25px 2px;\">Livraison<\/div>\n<\/div>\n","protected":false},"excerpt":{"rendered":"<p id=\"product_reference\"><label>R\u00e9f\u00e9rence <\/label><br \/>\n<span class=\"editable\">453768906<\/span><\/p>\n<p id=\"product_condition\"><label>\u00c9tat : <\/label><br \/>\n<span class=\"editable\">Neuf<\/span><\/p>\n<p id=\"product_ean13\"><label>Ean13: <\/label><br \/>\n8022724090114<\/p>\n<div id=\"short_description_block\">\n<div id=\"short_description_content\" class=\"rte align_justify\">\n<ul>\n<li>Marque LA NORDICA<\/li>\n<li>Fabriqu\u00e9 en Italie<\/li>\n<li>Garantie 2 ans pi\u00e8ces<\/li>\n<li>Flamme Verte<\/li>\n<li>EcoDesign 2022<\/li>\n<li>Non \u00e9tanche : Zone 1<\/li>\n<\/ul>\n<p><strong><span style=\"color: #218e53;\">D\u00e9lai de livraison : 5 \u00e0 12 jours ouvr\u00e9s<\/span> <\/strong><\/p>\n<p><span style=\"text-decoration: underline;\"><strong>LIVRAISON GRATUITE<\/strong><\/span> (Partout en Europe)<\/p>\n<\/div>\n<\/div>\n","protected":false},"featured_media":9974,"comment_status":"open","ping_status":"closed","template":"","meta":[],"product_brand":[],"product_cat":[93,94],"product_tag":[],"class_list":{"0":"post-9798","1":"product","2":"type-product","3":"status-publish","4":"has-post-thumbnail","6":"product_cat-cuisinieres","7":"product_cat-cuisinieres-a-bois","9":"first","10":"instock","11":"purchasable","12":"product-type-simple"},"jetpack_sharing_enabled":true,"_links":{"self":[{"href":"https:\/\/troncybois.com\/index.php?rest_route=\/wp\/v2\/product\/9798","targetHints":{"allow":["GET"]}}],"collection":[{"href":"https:\/\/troncybois.com\/index.php?rest_route=\/wp\/v2\/product"}],"about":[{"href":"https:\/\/troncybois.com\/index.php?rest_route=\/wp\/v2\/types\/product"}],"replies":[{"embeddable":true,"href":"https:\/\/troncybois.com\/index.php?rest_route=%2Fwp%2Fv2%2Fcomments&post=9798"}],"version-history":[{"count":1,"href":"https:\/\/troncybois.com\/index.php?rest_route=\/wp\/v2\/product\/9798\/revisions"}],"predecessor-version":[{"id":9978,"href":"https:\/\/troncybois.com\/index.php?rest_route=\/wp\/v2\/product\/9798\/revisions\/9978"}],"wp:featuredmedia":[{"embeddable":true,"href":"https:\/\/troncybois.com\/index.php?rest_route=\/wp\/v2\/media\/9974"}],"wp:attachment":[{"href":"https:\/\/troncybois.com\/index.php?rest_route=%2Fwp%2Fv2%2Fmedia&parent=9798"}],"wp:term":[{"taxonomy":"product_brand","embeddable":true,"href":"https:\/\/troncybois.com\/index.php?rest_route=%2Fwp%2Fv2%2Fproduct_brand&post=9798"},{"taxonomy":"product_cat","embeddable":true,"href":"https:\/\/troncybois.com\/index.php?rest_route=%2Fwp%2Fv2%2Fproduct_cat&post=9798"},{"taxonomy":"product_tag","embeddable":true,"href":"https:\/\/troncybois.com\/index.php?rest_route=%2Fwp%2Fv2%2Fproduct_tag&post=9798"}],"curies":[{"name":"wp","href":"https:\/\/api.w.org\/{rel}","templated":true}]}}