{"id":9767,"date":"2023-05-30T13:16:53","date_gmt":"2023-05-30T11:16:53","guid":{"rendered":"https:\/\/antiquewhite-gerbil-448984.hostingersite.com\/?post_type=product&#038;p=9767"},"modified":"2023-05-31T15:14:29","modified_gmt":"2023-05-31T13:14:29","slug":"cuisiniere-a-bois-lincar-duchessa-13-a-15-kw","status":"publish","type":"product","link":"https:\/\/troncybois.com\/?product=cuisiniere-a-bois-lincar-duchessa-13-a-15-kw","title":{"rendered":"Cuisini\u00e8re \u00e0 bois  &#8211; LINCAR Duchessa 13 \u00e0 15 kW"},"content":{"rendered":"<div class=\"fiche-produit\">\n<p><strong>La superbe cuisini\u00e8re \u00e0 bois Duchessa 15 kW<\/strong> de la marque<strong> LINCAR <\/strong>poss\u00e8de de belles finitions ! Elle vous permets de cuisinier tout en chauffant jusqu&rsquo;\u00e0 354 m3. Ce produit r\u00e9pond aux crit\u00e8res du label Ecodesign 2022 qui \u00e9tablit les normes d&rsquo;un projet \u00e9co-compatible, ses m\u00e9thodes de calculs et d&rsquo;\u00e9valuation dans le but de r\u00e9duire les \u00e9missions dans l&rsquo;atmosph\u00e8re. Choisissez la v\u00f4tre !<\/p>\n<h2>Informations cl\u00e9s sur <strong>la <strong>Cuisini\u00e8re \u00e0 bois &#8211; LINCAR Duchessa 15 kW<\/strong><\/strong><\/h2>\n<ul>\n<li>Rev\u00eatement en pierre ou en mosa\u00efque ou en acier<\/li>\n<li>Plaque sup\u00e9rieure en fonte<\/li>\n<li>Foyer en vermiculite<\/li>\n<li>Taille des b\u00fbches : 40 cm<\/li>\n<li>Capacit\u00e9 du four : 39 L<\/li>\n<li>Range-b\u00fbches<\/li>\n<li>Vitroc\u00e9ramique<\/li>\n<li>Thermom\u00e8tre pour le four<\/li>\n<li>Sorties des fum\u00e9es : Sup\u00e9rieur \/ Arri\u00e8re<\/li>\n<\/ul>\n<h2>Caract\u00e9ristiques techniques de la <strong>Cuisini\u00e8re \u00e0 bois &#8211; LINCAR Duchessa 15 kW<\/strong><\/h2>\n<ul>\n<li><!--StartFragment-->Puissance br\u00fbl\u00e9e : 14.9 kW<\/li>\n<li>Puissance nominale :<!--StartFragment--> 13.4 kW<\/li>\n<li><!--EndFragment-->Rendement : 90 %<\/li>\n<li>Poids : 260 kg \/ 288 kg en pierre<\/li>\n<li>Volume de chauffe : 354 m3<\/li>\n<li>Classe \u00e9nerg\u00e9tique : A +<\/li>\n<li>Diam\u00e8tre sortie des fum\u00e9es : 150 mm<\/li>\n<li>Temp\u00e9rature maximal du four : 250 \u00b0C<\/li>\n<li>Ouverture du foyer : L 305 x H 305 mm<\/li>\n<li>Dimensions : L 1255 x P 670 x H 920 mm<\/li>\n<li>Dimensions du four : L 350 x P 400 x H 280 mm<\/li>\n<li>Dimensions du foyer : L 350 x P 400 x H 370 mm<\/li>\n<\/ul>\n<h3>Sch\u00e9ma technique de la Cuisini\u00e8re \u00e0 bois &#8211; LINCAR Duchessa 15 kW<\/h3>\n<p><img fetchpriority=\"high\" decoding=\"async\" src=\"https:\/\/www.poelediscount.com\/img\/cms\/Sch%C3%A9ma%20technique\/CAB\/DUCHESSA%20tech.png\" alt=\"DUCHESSA technique\" width=\"1157\" height=\"245\" \/><\/p>\n<p><strong><strong>A propos du fabricant :<\/strong> <\/strong>Depuis plus de 50 ans, la marque LINCAR r\u00e9alise des produits fiables, de haute technologie. Engag\u00e9e \u00e9cologiquement, cette marque vous propose une large gamme design avec des mat\u00e9riaux innovants, plus respectueux de l&rsquo;environnement en ayant comme point d&rsquo;honneur la s\u00e9curit\u00e9.<\/p>\n<p>&nbsp;<\/p>\n<\/div>\n<p>&nbsp;<\/p>\n<div>\n<p><strong><u>Garantie<\/u>\u00a0:\u00a0<\/strong>Nous vous rappelons que pour la garantie, l&rsquo;installation doit \u00eatre conforme au mode d&#8217;emploi (pr\u00e9conisation du fabricant) et doit respecter les normes en vigueur du pays, pour la France DTU 24.1 ou 24.2.<br \/>\nDe plus, comme pour tous les po\u00eales \u00e0 granul\u00e9s, les appareils sont \u00e0 r\u00e9gler en fonction du tirage naturel de l&rsquo;installation choisie.<\/p>\n<\/div>\n<div class=\"row\" style=\"padding-top: 20px;\">\n<div class=\"col-xs-12 col-sm-12 col-md-12 col-lg-4\" style=\"text-align: center; padding: 15px 2px 25px 2px;\">Questions fr\u00e9quentes<\/div>\n<div class=\"col-xs-12 col-sm-12 col-md-12 col-lg-4\" style=\"text-align: center; padding: 15px 2px 25px 2px;\">Quelle puissance choisir ?<\/div>\n<div class=\"col-xs-12 col-sm-12 col-md-12 col-lg-4\" style=\"text-align: center; padding: 15px 2px 25px 2px;\">Livraison<\/div>\n<\/div>\n","protected":false},"excerpt":{"rendered":"<p id=\"product_reference\"><label>R\u00e9f\u00e9rence <\/label><br \/>\n<span class=\"editable\">SDF9876543<\/span><\/p>\n<p id=\"product_condition\"><label>\u00c9tat : <\/label><br \/>\n<span class=\"editable\">Neuf<\/span><\/p>\n<div id=\"short_description_block\">\n<div id=\"short_description_content\" class=\"rte align_justify\">\n<ul>\n<li>Marque LINCAR<\/li>\n<li>Garantie 2 ans pi\u00e8ces<\/li>\n<li>Fabriqu\u00e9 en Italie<\/li>\n<li>EcoDesign 2022<\/li>\n<li>Non \u00e9tanche : Zone 1<\/li>\n<\/ul>\n<p><strong><span style=\"color: #218e53;\">D\u00e9lai de livraison : 5 \u00e0 12 jours ouvr\u00e9s<\/span> <\/strong><\/p>\n<p><span style=\"text-decoration: underline;\"><strong>LIVRAISON GRATUITE<\/strong><\/span> (Partout en Europe)<\/p>\n<\/div>\n<\/div>\n<div class=\"attribute_list\">\n<div id=\"uniform-group_2\" class=\"selector\" style=\"width: 191.667px;\"><\/div>\n<\/div>\n<p><!-- end attribute_list --><\/p>\n","protected":false},"featured_media":9936,"comment_status":"open","ping_status":"closed","template":"","meta":[],"product_brand":[],"product_cat":[93],"product_tag":[],"class_list":{"0":"post-9767","1":"product","2":"type-product","3":"status-publish","4":"has-post-thumbnail","6":"product_cat-cuisinieres","8":"first","9":"instock","10":"sale","11":"purchasable","12":"product-type-simple"},"jetpack_sharing_enabled":true,"_links":{"self":[{"href":"https:\/\/troncybois.com\/index.php?rest_route=\/wp\/v2\/product\/9767","targetHints":{"allow":["GET"]}}],"collection":[{"href":"https:\/\/troncybois.com\/index.php?rest_route=\/wp\/v2\/product"}],"about":[{"href":"https:\/\/troncybois.com\/index.php?rest_route=\/wp\/v2\/types\/product"}],"replies":[{"embeddable":true,"href":"https:\/\/troncybois.com\/index.php?rest_route=%2Fwp%2Fv2%2Fcomments&post=9767"}],"version-history":[{"count":1,"href":"https:\/\/troncybois.com\/index.php?rest_route=\/wp\/v2\/product\/9767\/revisions"}],"predecessor-version":[{"id":9949,"href":"https:\/\/troncybois.com\/index.php?rest_route=\/wp\/v2\/product\/9767\/revisions\/9949"}],"wp:featuredmedia":[{"embeddable":true,"href":"https:\/\/troncybois.com\/index.php?rest_route=\/wp\/v2\/media\/9936"}],"wp:attachment":[{"href":"https:\/\/troncybois.com\/index.php?rest_route=%2Fwp%2Fv2%2Fmedia&parent=9767"}],"wp:term":[{"taxonomy":"product_brand","embeddable":true,"href":"https:\/\/troncybois.com\/index.php?rest_route=%2Fwp%2Fv2%2Fproduct_brand&post=9767"},{"taxonomy":"product_cat","embeddable":true,"href":"https:\/\/troncybois.com\/index.php?rest_route=%2Fwp%2Fv2%2Fproduct_cat&post=9767"},{"taxonomy":"product_tag","embeddable":true,"href":"https:\/\/troncybois.com\/index.php?rest_route=%2Fwp%2Fv2%2Fproduct_tag&post=9767"}],"curies":[{"name":"wp","href":"https:\/\/api.w.org\/{rel}","templated":true}]}}