{"id":9739,"date":"2023-05-30T13:16:25","date_gmt":"2023-05-30T11:16:25","guid":{"rendered":"https:\/\/antiquewhite-gerbil-448984.hostingersite.com\/?post_type=product&#038;p=9739"},"modified":"2023-05-31T15:14:29","modified_gmt":"2023-05-31T13:14:29","slug":"cuisiniere-a-bois-la-nordica-verona-xxl-maiolica-8-kw","status":"publish","type":"product","link":"https:\/\/troncybois.com\/?product=cuisiniere-a-bois-la-nordica-verona-xxl-maiolica-8-kw","title":{"rendered":"Cuisini\u00e8re \u00e0 bois &#8211; LA NORDICA Verona XXL Maiolica 8 kW"},"content":{"rendered":"<div class=\"fiche-produit\">\n<p>La <strong>cuisini\u00e8re \u00e0 bois Verona XXL Maiolica 8 kW <\/strong>de la marque<strong> LA NORDICA <\/strong>\u00e0 prix discount poss\u00e8de une puissance br\u00fbl\u00e9 de 8 kW ainsi qu&rsquo;un tr\u00e8s bon rendement de 85.1 %. Pour concocter de succulents plats rien de mieux que la <strong>cuisini\u00e8re au feu de bois<\/strong>. Cette appareil multifonction, vous permet \u00e0 la fois de chauffer votre habitat mais aussi de cuire vos mets ! La <strong>cuisini\u00e8re \u00e0 bois<\/strong> garantie une chaleur enveloppante et confortable. La qualit\u00e9 de la combustion se g\u00e8re en adaptant l\u2019air comburant.<\/p>\n<h2>Informations cl\u00e9s sur la Cuisini\u00e8re \u00e0 bois &#8211; LA NORDICA Ve<strong>rona XXL Maiolica 8<\/strong> kW<\/h2>\n<ul>\n<li>Rev\u00eatement ext\u00e9rieur en fa\u00efence<\/li>\n<li>Fa\u00e7ade en acier \u00e9maill\u00e9<\/li>\n<li>Ch\u00e2ssis en acier inox<\/li>\n<li>Vitre c\u00e9ramique<\/li>\n<li>Plaque et cercles en fonte polie<\/li>\n<li>Rev\u00eatement int\u00e9rieur du foyer en fonte Nordiker<\/li>\n<li>Porte en fonte<\/li>\n<li>Porte coupe-feu<\/li>\n<li>Porte de foyer en fonte \u00e0 double vitrage<\/li>\n<li>Porte du four en acier \u00e9maill\u00e9<\/li>\n<li>Portes r\u00e9versibles<\/li>\n<li>Porte du four \u00e0 double vitrage et joints en acier inox<\/li>\n<li>Four en acier \u00e9maill\u00e9<\/li>\n<li>Four avec soupape d&rsquo;exc\u00e8s de vapeur<\/li>\n<li>Tiroir des cendres amovible<\/li>\n<li>Air primaire et secondaire r\u00e9glables<\/li>\n<li>Grille de four chrom\u00e9e avec guides amovibles<\/li>\n<li>Possibilit\u00e9 de pr\u00e9lever l&rsquo;air comburant de l&rsquo;ext\u00e9rieur<\/li>\n<li>Raccord pour une prise d&rsquo;air externe directement sur l&rsquo;appareil<\/li>\n<li>Capacit\u00e9 du four : 68 L<\/li>\n<li>Tailles des b\u00fbches : 50 cm<\/li>\n<li>Sortie des fum\u00e9es : Sup\u00e9rieur \/ Arri\u00e8re \/ Lat\u00e9ral<\/li>\n<li>Plat du four : INCLUS<\/li>\n<li>Grille pour le four : INCLUS<\/li>\n<li>Plaque sup\u00e9rieure en vitroc\u00e9ramique\u00a0: OPTION<\/li>\n<\/ul>\n<h2>Caract\u00e9ristiques techniques de la Cuisini\u00e8re \u00e0 bois &#8211; LA NORDICA Ve<strong>rona XXL Maiolica 8<\/strong> kW<\/h2>\n<ul>\n<li>Technologie NORDIKER<\/li>\n<li>Technologie CGC (vitre propre)<\/li>\n<li>Technologie BBC (prise d&rsquo;air direct externe)<\/li>\n<li>Technologie RDT (Portes r\u00e9sistantes \u00e9tanches)<\/li>\n<li>Syst\u00e8me de post-combustion (basses \u00e9missions)<\/li>\n<li>Puissance brul\u00e9e : 8.2 kW<\/li>\n<li>Puissance nominale : 7 kW<\/li>\n<li>Rendement : 85.1 %<\/li>\n<li>Consommation : 1.9 kg\/h<\/li>\n<li>Volume de chauffe : 200 m3<\/li>\n<li>Dimensions : L 800 x H 910 x P 600 mm<\/li>\n<li>Dimension du foyer : L 568 x H 215 x P 240 mm<\/li>\n<li>Dimensions du four : L 547 x H 275 x P 450 mm<\/li>\n<li>Capacit\u00e9 four : 68 L<\/li>\n<li>Consommation : 25 W<\/li>\n<li>Poids : 210 kg<\/li>\n<li>Classe d\u2019efficacit\u00e9 \u00e9nerg\u00e9tique : A+<\/li>\n<li>Diam\u00e8tre sortie de fum\u00e9es : 150 mm<\/li>\n<li>Diam\u00e8tre arriv\u00e9e d&rsquo;air : 100 mm<\/li>\n<\/ul>\n<h3>Sch\u00e9ma explicatif de la Cuisini\u00e8re \u00e0 bois &#8211; LA NORDICA Ve<strong>rona XXL <\/strong><strong>Maiolica<\/strong><strong> 8<\/strong> kW<\/h3>\n<p><img fetchpriority=\"high\" decoding=\"async\" src=\"https:\/\/www.poelediscount.com\/img\/cms\/verona%20xxl_1.png\" alt=\"\" width=\"1256\" height=\"361\" \/><\/p>\n<h3>Les diff\u00e9rents syst\u00e8mes de la Cuisini\u00e8re \u00e0 bois &#8211; LA NORDICA Ve<strong>rona XXL <\/strong><strong>Maiolica 8<\/strong> kW<\/h3>\n<p><strong>Post Combustion System : <\/strong>Le syst\u00e8me de combustion d\u00e9velopp\u00e9 par La Nordica-Extraflame permet, gr\u00e2ce \u00e0 un syst\u00e8me d\u2019air secondaire\/tertiaire, une postcombustion en mesure de r\u00e9duire drastiquement les \u00e9missions et donc de respecter les norme europ\u00e9ennes les plus s\u00e9v\u00e8res.<\/p>\n<p><strong>RDT (Resistant Door at the Time) : <\/strong>Les portes des produits, r\u00e9alis\u00e9es en fonte de qualit\u00e9 \u00e9lev\u00e9e, sont inalt\u00e9rables dans le temps et garantissent une \u00e9tanch\u00e9it\u00e9 constante.<\/p>\n<p><strong><strong>NORDIKER :<\/strong><\/strong> Pour la r\u00e9alisation des parties r\u00e9fractaires, la marque La Nordica a brevet\u00e9 ce mat\u00e9riau ultra r\u00e9sistant pouvant r\u00e9sister \u00e0 des temp\u00e9ratures de combustion tr\u00e8s \u00e9lev\u00e9s. La couleur claire du mat\u00e9riau intensifie la luminosit\u00e9 de la flamme et offre une simplicit\u00e9 d&rsquo;entretien<strong>.<\/strong><\/p>\n<p><strong>CGC (Clean Glass Control) : <\/strong>Ce syst\u00e8me qui gr\u00e2ce \u00e0 un parcours sp\u00e9cifique d&rsquo;air pr\u00e9chauff\u00e9 \u00e9vite efficacement l&rsquo;encrassement de la vitre du foyer, son entretien est ainsi facilit\u00e9.<\/p>\n<p><strong>BBC (Prise d&rsquo;air Direct Externe) : <\/strong>Ce syst\u00e8me pr\u00e9l\u00e8ve l&rsquo;air frais de l&rsquo;ext\u00e9rieur pour la combustion en l&rsquo;introduisant directement dans la chambre de combustion. (Ceci n&rsquo;est pas une chambre \u00e9tanche)<\/p>\n<p><strong>\u00c0 propos du fournisseur : <\/strong>La marque <strong>La Nordica<\/strong> est une marque italienne qui a \u00e9t\u00e9 cr\u00e9e en 1968. L\u2019entreprise propose des solutions de chauffage modernes et sophistiqu\u00e9es. Les produits<strong> La Nordica<\/strong> respectent l\u2019environnement avec de meilleurs rendements et de faibles \u00e9missions polluantes. Les po\u00eales, cuisini\u00e8res, inserts sont adapt\u00e9s \u00e0 tous les go\u00fbts et exigences.<\/p>\n<ul>\n<li>Retrouvez un mod\u00e8le similaire de cuisini\u00e8re \u00e0 bois<\/li>\n<li>Orientez vous vers un mod\u00e8le similaire comme le VERONA XXL EN PIERRE<\/li>\n<li>D\u00e9couvrez notre large gamme de cuisini\u00e8re \u00e0 bois<\/li>\n<li>Vous appr\u00e9ciez les produits de la marque La Nordica ? D\u00e9couvrez les mod\u00e8les de la marque La Nordica<\/li>\n<li>Poelediscount.com le leader des po\u00eales \u00e0 granul\u00e9s pas chers<\/li>\n<\/ul>\n<\/div>\n<p>&nbsp;<\/p>\n<div>\n<p><strong><u>Garantie<\/u>\u00a0:\u00a0<\/strong>Nous vous rappelons que pour la garantie, l&rsquo;installation doit \u00eatre conforme au mode d&#8217;emploi (pr\u00e9conisation du fabricant) et doit respecter les normes en vigueur du pays, pour la France DTU 24.1 ou 24.2.<br \/>\nDe plus, comme pour tous les po\u00eales \u00e0 granul\u00e9s, les appareils sont \u00e0 r\u00e9gler en fonction du tirage naturel de l&rsquo;installation choisie.<\/p>\n<p class=\"fiche-produit\">Les r\u00e9glages et la mise en service de ce produit doivent \u00eatre effectu\u00e9s par un professionnel agr\u00e9\u00e9 CAT La Nordica-Extraflame, le listing se trouve ici : https:\/\/www.lanordica-extraflame.com\/fr\/cat\/services-apres-vente.<br \/>\nPensez \u00e0 v\u00e9rifier la disponibilit\u00e9 d&rsquo;un professionnel pr\u00e8s de chez vous.<\/p>\n<\/div>\n<div class=\"row\" style=\"padding-top: 20px;\">\n<div class=\"col-xs-12 col-sm-12 col-md-12 col-lg-4\" style=\"text-align: center; padding: 15px 2px 25px 2px;\">Questions fr\u00e9quentes<\/div>\n<div class=\"col-xs-12 col-sm-12 col-md-12 col-lg-4\" style=\"text-align: center; padding: 15px 2px 25px 2px;\">Quelle puissance choisir ?<\/div>\n<div class=\"col-xs-12 col-sm-12 col-md-12 col-lg-4\" style=\"text-align: center; padding: 15px 2px 25px 2px;\">Livraison<\/div>\n<\/div>\n","protected":false},"excerpt":{"rendered":"<p id=\"product_reference\"><label>R\u00e9f\u00e9rence <\/label><br \/>\n<span class=\"editable\">897635789<\/span><\/p>\n<p id=\"product_condition\"><label>\u00c9tat : <\/label><br \/>\n<span class=\"editable\">Neuf<\/span><\/p>\n<p id=\"product_ean13\"><label>Ean13: <\/label><br \/>\n8022724001097<\/p>\n<div id=\"short_description_block\">\n<div id=\"short_description_content\" class=\"rte align_justify\">\n<ul>\n<li>Marque LA NORDICA<\/li>\n<li>Garantie 2 ans pi\u00e8ces<\/li>\n<li>Fabriqu\u00e9 en Italie<\/li>\n<li>EcoDesign 2022<\/li>\n<li>Non \u00e9tanche : Zone 1<\/li>\n<li>Flamme Verte<\/li>\n<\/ul>\n<p><strong><span style=\"color: #218e53;\">D\u00e9lai de livraison : 5 \u00e0 12 jours ouvr\u00e9s<\/span> <\/strong><\/p>\n<p><span style=\"text-decoration: underline;\"><strong>LIVRAISON GRATUITE<\/strong><\/span> (Partout en Europe)<\/p>\n<\/div>\n<\/div>\n<div class=\"attribute_list\">\n<div id=\"uniform-group_2\" class=\"selector\" style=\"width: 191.667px;\"><\/div>\n<\/div>\n<p><!-- end attribute_list --><\/p>\n","protected":false},"featured_media":9932,"comment_status":"open","ping_status":"closed","template":"","meta":[],"product_brand":[],"product_cat":[93],"product_tag":[],"class_list":{"0":"post-9739","1":"product","2":"type-product","3":"status-publish","4":"has-post-thumbnail","6":"product_cat-cuisinieres","8":"first","9":"instock","10":"purchasable","11":"product-type-simple"},"jetpack_sharing_enabled":true,"_links":{"self":[{"href":"https:\/\/troncybois.com\/index.php?rest_route=\/wp\/v2\/product\/9739","targetHints":{"allow":["GET"]}}],"collection":[{"href":"https:\/\/troncybois.com\/index.php?rest_route=\/wp\/v2\/product"}],"about":[{"href":"https:\/\/troncybois.com\/index.php?rest_route=\/wp\/v2\/types\/product"}],"replies":[{"embeddable":true,"href":"https:\/\/troncybois.com\/index.php?rest_route=%2Fwp%2Fv2%2Fcomments&post=9739"}],"version-history":[{"count":1,"href":"https:\/\/troncybois.com\/index.php?rest_route=\/wp\/v2\/product\/9739\/revisions"}],"predecessor-version":[{"id":9935,"href":"https:\/\/troncybois.com\/index.php?rest_route=\/wp\/v2\/product\/9739\/revisions\/9935"}],"wp:featuredmedia":[{"embeddable":true,"href":"https:\/\/troncybois.com\/index.php?rest_route=\/wp\/v2\/media\/9932"}],"wp:attachment":[{"href":"https:\/\/troncybois.com\/index.php?rest_route=%2Fwp%2Fv2%2Fmedia&parent=9739"}],"wp:term":[{"taxonomy":"product_brand","embeddable":true,"href":"https:\/\/troncybois.com\/index.php?rest_route=%2Fwp%2Fv2%2Fproduct_brand&post=9739"},{"taxonomy":"product_cat","embeddable":true,"href":"https:\/\/troncybois.com\/index.php?rest_route=%2Fwp%2Fv2%2Fproduct_cat&post=9739"},{"taxonomy":"product_tag","embeddable":true,"href":"https:\/\/troncybois.com\/index.php?rest_route=%2Fwp%2Fv2%2Fproduct_tag&post=9739"}],"curies":[{"name":"wp","href":"https:\/\/api.w.org\/{rel}","templated":true}]}}