{"id":9737,"date":"2023-05-30T13:16:25","date_gmt":"2023-05-30T11:16:25","guid":{"rendered":"https:\/\/antiquewhite-gerbil-448984.hostingersite.com\/?post_type=product&#038;p=9737"},"modified":"2024-05-30T22:24:06","modified_gmt":"2024-05-30T20:24:06","slug":"thermo-cuisiniere-a-bois-la-nordica-termorosa-dsa-19-kw","status":"publish","type":"product","link":"https:\/\/troncybois.com\/?product=thermo-cuisiniere-a-bois-la-nordica-termorosa-dsa-19-kw","title":{"rendered":"Thermo cuisini\u00e8re \u00e0 bois &#8211; LA NORDICA TermoRosa DSA 19 kW"},"content":{"rendered":"<div class=\"fiche-produit\">\n<p><strong>La cuisini\u00e8re \u00e0 bois bouilleur TermoRosa DSA <\/strong>de la marque<strong> La Nordica<\/strong> poss\u00e8de un rev\u00eatement au choix : c\u00e9ramique ou pierre naturelle.<\/p>\n<p>Gr\u00e2ce \u00e0 sa puissance nominale de 15.5 kW il vous permettra de chauffer un volume pouvant atteindre les 444 m3. Sa puissance rendue \u00e0 l&rsquo;eau de 9 kW, il vous apportera tout le confort d&rsquo;un chauffage central.<\/p>\n<p>Comme un chauffe-eau \u00e9lectrique, la <strong>cuisini\u00e8re \u00e0 bois hydro<\/strong> vous offre la possibilit\u00e9 de chauffer votre eau sanitaire, tout en profitant du bien \u00eatre de la flamme. N\u00e9anmoins, le syst\u00e8me ECS reste g\u00e9n\u00e9ralement une option qu&rsquo;il faut ajouter en compl\u00e9ment de l&rsquo;appareil. La combustion du bois-b\u00fbche produit de la chaleur qui est r\u00e9cup\u00e9r\u00e9e par un \u00e9changeur de chaleur et transmise \u00e0 l&rsquo;eau. Cette eau est mise en circulation par une pompe et dirig\u00e9e vers les radiateurs ou planchers chauffants.<\/p>\n<h2>Informations cl\u00e9s sur la Cuisini\u00e8re \u00e0 bois hydro &#8211; LA NORDICA TermoRosa DSA 19 kW<\/h2>\n<ul>\n<li>Foyer en fonte et acier<\/li>\n<li>Rev\u00eatement ext\u00e9rieur en c\u00e9ramique ou en pierre<\/li>\n<li>Fa\u00e7ade en acier<\/li>\n<li>Portes en fonte<\/li>\n<li>Plaque et cercles en fonte<\/li>\n<li>Vitre c\u00e9ramique<\/li>\n<li>Air primaire et secondaire r\u00e9glable<\/li>\n<li>Tiroir \u00e0 bois amovible<\/li>\n<li>Taille des b\u00fbches : 33 cm<\/li>\n<li>Capacit\u00e9 du four : 41 L<\/li>\n<li>\u00c9vacuation des fum\u00e9es : Sup\u00e9rieur \/ Arri\u00e8re<\/li>\n<li>Plat pour le four : INCLUS<\/li>\n<li>Dispositif de s\u00e9curit\u00e9 DSA\u00a0: OPTION<\/li>\n<\/ul>\n<h2>Caract\u00e9ristiques techniques de la Cuisini\u00e8re \u00e0 bois hydro &#8211; LA NORDICA TermoRosa DSA 19 kW<\/h2>\n<div>\n<ul>\n<li>Puissance br\u00fbl\u00e9e : 19.4 kW<\/li>\n<li>Puissance nominale : 15.5 kW<\/li>\n<li>Puissance rendue \u00e0 l&rsquo;eau : 9 kW<\/li>\n<li>Puissance rendue \u00e0 l&rsquo;air : 6.5 kW<\/li>\n<li>Volume de chauffe : 444 m3<\/li>\n<li>Rendement : 79.9 %<\/li>\n<li>Dimensions : L 1017 x H 852 x P 662 mm<\/li>\n<li>Dimensions du foyer : L 265 x H 285 x P 400 mm<\/li>\n<li>Dimensions du four : L 330 x H 300 x P 410 mm<\/li>\n<li>Poids : 211 kg \/ 226 kg (en pierre)<\/li>\n<li>Consommation : 4.5 kg\/h<\/li>\n<li>Pression : 3 bar<\/li>\n<li>Diam\u00e8tre sortie de fum\u00e9es : 150 mm<\/li>\n<li>Classe \u00e9nerg\u00e9tique : A<\/li>\n<\/ul>\n<h3>Sch\u00e9ma explicatif de la Cuisini\u00e8re \u00e0 bois hydro &#8211; LA NORDICA TermoRosa DSA 19 kW<\/h3>\n<p><img fetchpriority=\"high\" decoding=\"async\" src=\"https:\/\/www.poelediscount.com\/img\/cms\/Sch%C3%A9ma%20technique\/CAB%20HYDRO\/TERMOROSA%20DSA.png\" alt=\"\" width=\"1498\" height=\"582\" \/><\/p>\n<\/div>\n<h3>Les syst\u00e8mes technologiques de la Cuisini\u00e8re \u00e0 bois hydro &#8211; LA NORDICA TermoRosa DSA 19 kW<\/h3>\n<p><span style=\"text-decoration: underline;\">Post Combustion System<\/span> : Le syst\u00e8me de combustion d\u00e9velopp\u00e9 par La Nordica-Extraflame permet, gr\u00e2ce \u00e0 un syst\u00e8me d\u2019air secondaire\/tertiaire, une postcombustion en mesure de r\u00e9duire drastiquement les \u00e9missions et donc de respecter les normes europ\u00e9ennes les plus s\u00e9v\u00e8res.<\/p>\n<p><span style=\"text-decoration: underline;\">CGC (Clean Glass Control)<\/span> : Ce syst\u00e8me qui gr\u00e2ce \u00e0 un parcours sp\u00e9cifique d&rsquo;air pr\u00e9chauff\u00e9 \u00e9vite efficacement l&rsquo;encrassement de la vitre du foyer, son entretien est ainsi facilit\u00e9.<\/p>\n<p><span style=\"text-decoration: underline;\">RDT (Resistant Door at the Time)<\/span> : Les portes des produits, r\u00e9alis\u00e9es en fonte de qualit\u00e9 \u00e9lev\u00e9e, sont inalt\u00e9rables dans le temps et garantissent une \u00e9tanch\u00e9it\u00e9 constante.<\/p>\n<div><strong>A propos du fabricant :<\/strong> En innovation constante sur ses produits, la marque La Nordica est distribu\u00e9 dans 50 pays du monde. Depuis 1968, cette usine reconnue propose des produits de grande qualit\u00e9 afin de r\u00e9pondre \u00e0 vous les besoins.<\/div>\n<\/div>\n<p>&nbsp;<\/p>\n<div>\n<p><strong><u>Garantie<\/u>\u00a0:\u00a0<\/strong>Nous vous rappelons que pour la garantie, l&rsquo;installation doit \u00eatre conforme au mode d&#8217;emploi (pr\u00e9conisation du fabricant) et doit respecter les normes en vigueur du pays, pour la France DTU 24.1 ou 24.2.<br \/>\nDe plus, comme pour tous les po\u00eales \u00e0 granul\u00e9s, les appareils sont \u00e0 r\u00e9gler en fonction du tirage naturel de l&rsquo;installation choisie.<\/p>\n<p class=\"fiche-produit\">Les r\u00e9glages et la mise en service de ce produit doivent \u00eatre effectu\u00e9s par un professionnel agr\u00e9\u00e9 CAT La Nordica-Extraflame, le listing se trouve ici : https:\/\/www.lanordica-extraflame.com\/fr\/cat\/services-apres-vente.<br \/>\nPensez \u00e0 v\u00e9rifier la disponibilit\u00e9 d&rsquo;un professionnel pr\u00e8s de chez vous.<\/p>\n<\/div>\n<div class=\"row\" style=\"padding-top: 20px;\">\n<div class=\"col-xs-12 col-sm-12 col-md-12 col-lg-4\" style=\"text-align: center; padding: 15px 2px 25px 2px;\">Questions fr\u00e9quentes<\/div>\n<div class=\"col-xs-12 col-sm-12 col-md-12 col-lg-4\" style=\"text-align: center; padding: 15px 2px 25px 2px;\">Quelle puissance choisir ?<\/div>\n<div class=\"col-xs-12 col-sm-12 col-md-12 col-lg-4\" style=\"text-align: center; padding: 15px 2px 25px 2px;\">Livraison<\/div>\n<\/div>\n","protected":false},"excerpt":{"rendered":"<p id=\"product_reference\"><label>R\u00e9f\u00e9rence <\/label><br \/>\n<span class=\"editable\">98765433HJG<\/span><\/p>\n<p id=\"product_condition\"><label>\u00c9tat : <\/label><br \/>\n<span class=\"editable\">Neuf<\/span><\/p>\n<p id=\"product_ean13\"><label>Ean13: <\/label><br \/>\n8022724214152<\/p>\n<div id=\"short_description_block\">\n<div id=\"short_description_content\" class=\"rte align_justify\">\n<ul>\n<li>Marque LA NORDICA<\/li>\n<li>Garantie 2 ans pi\u00e8ces<\/li>\n<li>Fabriqu\u00e9 en Italie<\/li>\n<li>Flamme Verte<\/li>\n<li>EcoDesign 2022<\/li>\n<li>Non \u00e9tanche : Zone 1<\/li>\n<\/ul>\n<p><strong><span style=\"color: #218e53;\">D\u00e9lai de livraison : 5 \u00e0 12 jours ouvr\u00e9s<\/span> <\/strong><\/p>\n<p><span style=\"text-decoration: underline;\"><strong>LIVRAISON GRATUITE<\/strong><\/span> (Partout en Europe)<\/p>\n<\/div>\n<\/div>\n<div class=\"attribute_list\">\n<div id=\"uniform-group_2\" class=\"selector\" style=\"width: 191.667px;\"><\/div>\n<\/div>\n<p><!-- end attribute_list --><\/p>\n","protected":false},"featured_media":9919,"comment_status":"open","ping_status":"closed","template":"","meta":[],"product_brand":[],"product_cat":[93,97],"product_tag":[],"class_list":{"0":"post-9737","1":"product","2":"type-product","3":"status-publish","4":"has-post-thumbnail","6":"product_cat-cuisinieres","7":"product_cat-cuisinieres-a-bois-chauffage-central","9":"first","10":"instock","11":"sale","12":"purchasable","13":"product-type-simple"},"jetpack_sharing_enabled":true,"_links":{"self":[{"href":"https:\/\/troncybois.com\/index.php?rest_route=\/wp\/v2\/product\/9737","targetHints":{"allow":["GET"]}}],"collection":[{"href":"https:\/\/troncybois.com\/index.php?rest_route=\/wp\/v2\/product"}],"about":[{"href":"https:\/\/troncybois.com\/index.php?rest_route=\/wp\/v2\/types\/product"}],"replies":[{"embeddable":true,"href":"https:\/\/troncybois.com\/index.php?rest_route=%2Fwp%2Fv2%2Fcomments&post=9737"}],"version-history":[{"count":1,"href":"https:\/\/troncybois.com\/index.php?rest_route=\/wp\/v2\/product\/9737\/revisions"}],"predecessor-version":[{"id":9924,"href":"https:\/\/troncybois.com\/index.php?rest_route=\/wp\/v2\/product\/9737\/revisions\/9924"}],"wp:featuredmedia":[{"embeddable":true,"href":"https:\/\/troncybois.com\/index.php?rest_route=\/wp\/v2\/media\/9919"}],"wp:attachment":[{"href":"https:\/\/troncybois.com\/index.php?rest_route=%2Fwp%2Fv2%2Fmedia&parent=9737"}],"wp:term":[{"taxonomy":"product_brand","embeddable":true,"href":"https:\/\/troncybois.com\/index.php?rest_route=%2Fwp%2Fv2%2Fproduct_brand&post=9737"},{"taxonomy":"product_cat","embeddable":true,"href":"https:\/\/troncybois.com\/index.php?rest_route=%2Fwp%2Fv2%2Fproduct_cat&post=9737"},{"taxonomy":"product_tag","embeddable":true,"href":"https:\/\/troncybois.com\/index.php?rest_route=%2Fwp%2Fv2%2Fproduct_tag&post=9737"}],"curies":[{"name":"wp","href":"https:\/\/api.w.org\/{rel}","templated":true}]}}