{"id":9675,"date":"2023-05-30T13:15:24","date_gmt":"2023-05-30T11:15:24","guid":{"rendered":"https:\/\/antiquewhite-gerbil-448984.hostingersite.com\/?post_type=product&#038;p=9675"},"modified":"2024-05-30T22:27:43","modified_gmt":"2024-05-30T20:27:43","slug":"cuisiniere-a-bois-la-nordica-cucinotta-11-5-kw","status":"publish","type":"product","link":"https:\/\/troncybois.com\/?product=cuisiniere-a-bois-la-nordica-cucinotta-11-5-kw","title":{"rendered":"Cuisini\u00e8re \u00e0 bois &#8211; LA NORDICA Cucinotta 11.5 kW"},"content":{"rendered":"<div class=\"fiche-produit\">\n<p><strong>La cuisini\u00e8re \u00e0 bois Cucinotta<\/strong> de la marque<strong> La Nordica <\/strong>vous offrira la possibilit\u00e9 de chauffer votre maison jusqu&rsquo;\u00e0 261 m3 tout en retrouvant le plaisir de cuisinier au feu de bois.<\/p>\n<h2>Informations cl\u00e9s de <strong>la cuisini\u00e8re \u00e0 bois &#8211; LA NORDICA Cucinotta 11.5 kW <\/strong><\/h2>\n<ul>\n<li>Rev\u00eatement en fonte \u00e9maill\u00e9e<\/li>\n<li>Foyer en fonte et Nordiker<\/li>\n<li>Air primaire et secondaire r\u00e9glables<\/li>\n<li>Grille du foyer en fonte<\/li>\n<li>Tiroir des cendres<\/li>\n<li>Porte du foyer et four en double vitrage<\/li>\n<li>Plaques, portes et cadre en fonte<\/li>\n<li>Grand tiroir \u00e0 bois<\/li>\n<li>Sortie des fum\u00e9es : Arri\u00e8re<\/li>\n<li>Taille des b\u00fbches : 50 cm<\/li>\n<li>Bague de raccord pour la prise d&rsquo;air\u00a0: OPTION<\/li>\n<\/ul>\n<h2>Description technique de la cuisini\u00e8re \u00e0 bois &#8211; LA NORDICA Cucinotta 11.5 kW<\/h2>\n<ul>\n<li>Volume de chauffe : 261 m<sup>3<\/sup><\/li>\n<li>Classe \u00e9nerg\u00e9tique : A<\/li>\n<li>Rendement : 78 %<\/li>\n<li>Puissance br\u00fbl\u00e9e : 11.7 kW<\/li>\n<li>Puissance nominale : 9.1 kW<\/li>\n<li>Consommation : 2.8 kg\/h<\/li>\n<li>Poids : 197 kg<\/li>\n<li>Diam\u00e8tre des sorties des fum\u00e9es : 150 mm<\/li>\n<li>Diam\u00e8tre arriv\u00e9e d&rsquo;air : 120 mm<\/li>\n<li>Dimensions : L 682 x H 860 x P 653 mm<\/li>\n<li>Dimensions du foyer : L 423 x H 346 X P 475 mm<\/li>\n<\/ul>\n<h2>Sch\u00e9ma technique de la cuisini\u00e8re \u00e0 bois &#8211; LA NORDICA Cucinotta 11.5 kW<\/h2>\n<p><img fetchpriority=\"high\" decoding=\"async\" src=\"https:\/\/www.poelediscount.com\/img\/cms\/CUCINOTTA.png\" alt=\"\" width=\"1215\" height=\"455\" \/><\/p>\n<h3>Les diff\u00e9rents syst\u00e8mes de la Cuisini\u00e8re \u00e0 bois &#8211; LA NORDICA Cucinotta 11.5 kW<\/h3>\n<p><span style=\"text-decoration: underline;\">Clean Glass Control<\/span> : C\u2019est un syst\u00e8me qui gr\u00e2ce \u00e0 un parcours sp\u00e9cifique d\u2019air pr\u00e9chauff\u00e9 \u00e9vite efficacement l\u2019encrassement de la vitre du foyer.<\/p>\n<p><span style=\"text-decoration: underline;\">Resistant Door at the Time<\/span> : Les portes des produits, r\u00e9alis\u00e9es en fonte de qualit\u00e9 \u00e9lev\u00e9e, sont inalt\u00e9rables dans le temps et garantissent une \u00e9tanch\u00e9it\u00e9 constante.<\/p>\n<p><span style=\"text-decoration: underline;\">NORDIKER<\/span> : Pour la r\u00e9alisation des parties r\u00e9fractaires, la marque La Nordica a brevet\u00e9 ce mat\u00e9riau ultra r\u00e9sistant pouvant r\u00e9sister \u00e0 des temp\u00e9ratures de combustion tr\u00e8s \u00e9lev\u00e9s. La couleur claire du mat\u00e9riau intensifie la luminosit\u00e9 de la flamme et offre une simplicit\u00e9 d&rsquo;entretien.<\/p>\n<p><span style=\"text-decoration: underline;\">ASC (Prise d&rsquo;air Direct Externe)<\/span> : Syst\u00e8me qui prend l\u2019air de l\u2019ext\u00e9rieur, le pr\u00e9chauffe pour l\u2019introduire dans l\u2019air ambiant. L\u2019air est ensuite pr\u00e9lev\u00e9 par l\u2019appareil pour la combustion.<\/p>\n<p><strong>\u00c0 propos du fournisseur : <\/strong>La marque <strong>La Nordica<\/strong> est une marque italienne qui a \u00e9t\u00e9 cr\u00e9e en 1968. L\u2019entreprise propose des solutions de chauffage modernes et sophistiqu\u00e9es. Les produits<strong> La Nordica<\/strong> respectent l\u2019environnement avec de meilleurs rendements et de faibles \u00e9missions polluantes. Les po\u00eales, cuisini\u00e8res, inserts sont adapt\u00e9s \u00e0 tous les go\u00fbts et exigences.<\/p>\n<\/div>\n<p>&nbsp;<\/p>\n<div>\n<p><strong><u>Garantie<\/u>\u00a0:\u00a0<\/strong>Nous vous rappelons que pour la garantie, l&rsquo;installation doit \u00eatre conforme au mode d&#8217;emploi (pr\u00e9conisation du fabricant) et doit respecter les normes en vigueur du pays, pour la France DTU 24.1 ou 24.2.<br \/>\nDe plus, comme pour tous les po\u00eales \u00e0 granul\u00e9s, les appareils sont \u00e0 r\u00e9gler en fonction du tirage naturel de l&rsquo;installation choisie.<\/p>\n<p class=\"fiche-produit\">Les r\u00e9glages et la mise en service de ce produit doivent \u00eatre effectu\u00e9s par un professionnel agr\u00e9\u00e9 CAT La Nordica-Extraflame, le listing se trouve ici : https:\/\/www.lanordica-extraflame.com\/fr\/cat\/services-apres-vente.<br \/>\nPensez \u00e0 v\u00e9rifier la disponibilit\u00e9 d&rsquo;un professionnel pr\u00e8s de chez vous.<\/p>\n<\/div>\n<div class=\"row\" style=\"padding-top: 20px;\">\n<div class=\"col-xs-12 col-sm-12 col-md-12 col-lg-4\" style=\"text-align: center; padding: 15px 2px 25px 2px;\">Questions fr\u00e9quentes<\/div>\n<div class=\"col-xs-12 col-sm-12 col-md-12 col-lg-4\" style=\"text-align: center; padding: 15px 2px 25px 2px;\">Quelle puissance choisir ?<\/div>\n<div class=\"col-xs-12 col-sm-12 col-md-12 col-lg-4\" style=\"text-align: center; padding: 15px 2px 25px 2px;\">Livraison<\/div>\n<\/div>\n","protected":false},"excerpt":{"rendered":"<p id=\"product_reference\"><label>R\u00e9f\u00e9rence <\/label><br \/>\n<span class=\"editable\">9087645FGJHK<\/span><\/p>\n<p id=\"product_condition\"><label>\u00c9tat : <\/label><br \/>\n<span class=\"editable\">Neuf<\/span><\/p>\n<p id=\"product_ean13\"><label>Ean13: <\/label><br \/>\n8022724050118<\/p>\n<div id=\"short_description_block\">\n<div id=\"short_description_content\" class=\"rte align_justify\">\n<ul>\n<li>Marque : LA NORDICA<\/li>\n<li>Garantie : 2 ans pi\u00e8ces<\/li>\n<li>EcoDesign 2022<\/li>\n<li>Non \u00e9tanche : Zone 1<\/li>\n<\/ul>\n<p><strong><span style=\"color: #218e53;\">D\u00e9lai de livraison : 5 \u00e0 12 jours ouvr\u00e9s<\/span> <\/strong><\/p>\n<p><span style=\"text-decoration: underline;\"><strong>LIVRAISON GRATUITE<\/strong><\/span> (Partout en Europe)<\/p>\n<\/div>\n<\/div>\n","protected":false},"featured_media":9886,"comment_status":"open","ping_status":"closed","template":"","meta":[],"product_brand":[],"product_cat":[93,94],"product_tag":[],"class_list":{"0":"post-9675","1":"product","2":"type-product","3":"status-publish","4":"has-post-thumbnail","6":"product_cat-cuisinieres","7":"product_cat-cuisinieres-a-bois","9":"first","10":"instock","11":"sale","12":"purchasable","13":"product-type-simple"},"jetpack_sharing_enabled":true,"_links":{"self":[{"href":"https:\/\/troncybois.com\/index.php?rest_route=\/wp\/v2\/product\/9675","targetHints":{"allow":["GET"]}}],"collection":[{"href":"https:\/\/troncybois.com\/index.php?rest_route=\/wp\/v2\/product"}],"about":[{"href":"https:\/\/troncybois.com\/index.php?rest_route=\/wp\/v2\/types\/product"}],"replies":[{"embeddable":true,"href":"https:\/\/troncybois.com\/index.php?rest_route=%2Fwp%2Fv2%2Fcomments&post=9675"}],"version-history":[{"count":1,"href":"https:\/\/troncybois.com\/index.php?rest_route=\/wp\/v2\/product\/9675\/revisions"}],"predecessor-version":[{"id":9890,"href":"https:\/\/troncybois.com\/index.php?rest_route=\/wp\/v2\/product\/9675\/revisions\/9890"}],"wp:featuredmedia":[{"embeddable":true,"href":"https:\/\/troncybois.com\/index.php?rest_route=\/wp\/v2\/media\/9886"}],"wp:attachment":[{"href":"https:\/\/troncybois.com\/index.php?rest_route=%2Fwp%2Fv2%2Fmedia&parent=9675"}],"wp:term":[{"taxonomy":"product_brand","embeddable":true,"href":"https:\/\/troncybois.com\/index.php?rest_route=%2Fwp%2Fv2%2Fproduct_brand&post=9675"},{"taxonomy":"product_cat","embeddable":true,"href":"https:\/\/troncybois.com\/index.php?rest_route=%2Fwp%2Fv2%2Fproduct_cat&post=9675"},{"taxonomy":"product_tag","embeddable":true,"href":"https:\/\/troncybois.com\/index.php?rest_route=%2Fwp%2Fv2%2Fproduct_tag&post=9675"}],"curies":[{"name":"wp","href":"https:\/\/api.w.org\/{rel}","templated":true}]}}