{"id":9671,"date":"2023-05-30T13:15:23","date_gmt":"2023-05-30T11:15:23","guid":{"rendered":"https:\/\/antiquewhite-gerbil-448984.hostingersite.com\/?post_type=product&#038;p=9671"},"modified":"2024-05-30T22:29:16","modified_gmt":"2024-05-30T20:29:16","slug":"cuisiniere-a-bois-la-nordica-rosa-reverse-10-kw","status":"publish","type":"product","link":"https:\/\/troncybois.com\/?product=cuisiniere-a-bois-la-nordica-rosa-reverse-10-kw","title":{"rendered":"Cuisini\u00e8re \u00e0 bois &#8211; LA NORDICA Rosa Reverse 10 kW"},"content":{"rendered":"<div class=\"fiche-produit\">\n<p><strong>La cuisini\u00e8re \u00e0 bois Rosa Reverse 10 kW de la marque La Nordica <\/strong>est un appareil qui vous permettra de chauffer votre logement jusqu&rsquo;\u00e0 232 m3 mais aussi de cuisiner vos plats puisqu\u2019il poss\u00e8de un four int\u00e9gr\u00e9 d&rsquo;une capacit\u00e9 de 28 litres. Gr\u00e2ce \u00e0 sa prise d&rsquo;air externe, vous aurez la possibilit\u00e9 de pr\u00e9lever l&rsquo;air comburant directement \u00e0 l&rsquo;ext\u00e9rieur.<\/p>\n<h2>Informations cl\u00e9s de la Cuisini\u00e8re \u00e0 bois &#8211;<strong> LA NORDICA Rosa Reverse 10 kW <\/strong><\/h2>\n<ul>\n<li>Rev\u00eatement ext\u00e9rieur en fa\u00efence<\/li>\n<li>Fa\u00e7ade en acier \u00e9maill\u00e9<\/li>\n<li>Portes et ch\u00e2ssis en fonte<\/li>\n<li>Plaques et cercles en fonte<\/li>\n<li>Raccord pour une prise d&rsquo;air externe directement sur l&rsquo;appareil<\/li>\n<li>Vitres c\u00e9ramique<\/li>\n<li>Porte du foyer double vitrage<\/li>\n<li>Foyer en fonte<\/li>\n<li>Four en acier<\/li>\n<li>Tiroir de rangement pour le bois<\/li>\n<li>Tiroir des cendres<\/li>\n<li>Capacit\u00e9 du four : 28 L<\/li>\n<li>Taille des b\u00fbches : 33 cm<\/li>\n<li>\u00c9vacuation des fum\u00e9es : Arri\u00e8re \/ Sup\u00e9rieur<\/li>\n<li>Plat pour le four : INCLUS<\/li>\n<\/ul>\n<h2>Description technique de la Cuisini\u00e8re \u00e0 bois &#8211;<strong> LA NORDICA Rosa Reverse 10 kW <\/strong><\/h2>\n<ul>\n<li>Technologie CGC (vitre propre)<\/li>\n<li>Technologie RDT (Portes r\u00e9sistantes \u00e9tanches)<\/li>\n<li>Technologie BBC (prise d&rsquo;air direct externe)<\/li>\n<li>Syst\u00e8me de post-combustion (basses \u00e9missions)<\/li>\n<li>Volume de chauffe : 232 m<sup>3<\/sup><\/li>\n<li>Rendement : 81.1 %<\/li>\n<li>Puissance br\u00fbl\u00e9e : 10 kW<\/li>\n<li>Puissance nominale : 8.1 kW<\/li>\n<li>Consommation : 2.3 kg\/h<\/li>\n<li>Poids : 183 kg<\/li>\n<li>Diam\u00e8tre des sorties des fum\u00e9es : 150 mm<\/li>\n<li>Diam\u00e8tre arriv\u00e9e d&rsquo;air : 100 mm<\/li>\n<li>Dimensions : L 1030 x H 851 x P 650 mm<\/li>\n<li>Dimensions du foyer : L 374 x H 290 x P 320 mm<\/li>\n<li>Dimensions du four : L 245 x H 300 x P 384 mm<\/li>\n<li>Classe \u00e9nerg\u00e9tique : A +<\/li>\n<\/ul>\n<h2>Sch\u00e9ma technique de la Cuisini\u00e8re \u00e0 bois &#8211;<strong> LA NORDICA Rosa Reverse 10 kW<br \/>\n<\/strong><\/h2>\n<p><strong><img fetchpriority=\"high\" decoding=\"async\" src=\"https:\/\/www.poelediscount.com\/img\/cms\/Rosa%20R.png\" alt=\"\" width=\"1356\" height=\"327\" \/><br \/>\n<\/strong><\/p>\n<h3>Les diff\u00e9rents syst\u00e8mes de la Cuisini\u00e8re \u00e0 bois &#8211; LA NORDICA Rosa Reverse 10 kW<\/h3>\n<p><span style=\"text-decoration: underline;\">Post Combustion System<\/span> : Le syst\u00e8me de combustion d\u00e9velopp\u00e9 par La Nordica-Extraflame permet, gr\u00e2ce \u00e0 un syst\u00e8me d\u2019air secondaire\/tertiaire, une postcombustion en mesure de r\u00e9duire drastiquement les \u00e9missions et donc de respecter les norme europ\u00e9ennes les plus s\u00e9v\u00e8res.<\/p>\n<p><span style=\"text-decoration: underline;\">Resistant Door at the Time<\/span> : Les portes des produits, r\u00e9alis\u00e9es en fonte de qualit\u00e9 \u00e9lev\u00e9e, sont inalt\u00e9rables dans le temps et garantissent une \u00e9tanch\u00e9it\u00e9 constante.<\/p>\n<p><span style=\"text-decoration: underline;\">BBC (Prise d&rsquo;air Direct Externe)<\/span> : Ce syst\u00e8me pr\u00e9l\u00e8ve l&rsquo;air frais de l&rsquo;ext\u00e9rieur pour la combustion en l&rsquo;introduisant directement dans la chambre de combustion. (Ceci n&rsquo;est pas une chambre \u00e9tanche)<\/p>\n<p><span style=\"text-decoration: underline;\">Clean Glass Control<\/span> : Ce syst\u00e8me qui gr\u00e2ce \u00e0 un parcours sp\u00e9cifique d&rsquo;air pr\u00e9chauff\u00e9 \u00e9vite efficacement l&rsquo;encrassement de la vitre du foyer, son entretien est ainsi facilit\u00e9.<\/p>\n<div><strong>A propos du fabricant :<\/strong> En innovation constante sur ses produits, la marque <strong>La Nordica<\/strong> est distribu\u00e9 dans plus de 50 pays \u00e0 travers le monde. Depuis 1968, elle propose une large gamme de produits de qualit\u00e9 made in Italy.<\/div>\n<\/div>\n<p>&nbsp;<\/p>\n<div>\n<p><strong><u>Garantie<\/u>\u00a0:\u00a0<\/strong>Nous vous rappelons que pour la garantie, l&rsquo;installation doit \u00eatre conforme au mode d&#8217;emploi (pr\u00e9conisation du fabricant) et doit respecter les normes en vigueur du pays, pour la France DTU 24.1 ou 24.2.<br \/>\nDe plus, comme pour tous les po\u00eales \u00e0 granul\u00e9s, les appareils sont \u00e0 r\u00e9gler en fonction du tirage naturel de l&rsquo;installation choisie.<\/p>\n<p class=\"fiche-produit\">Les r\u00e9glages et la mise en service de ce produit doivent \u00eatre effectu\u00e9s par un professionnel agr\u00e9\u00e9 CAT La Nordica-Extraflame, le listing se trouve ici : https:\/\/www.lanordica-extraflame.com\/fr\/cat\/services-apres-vente.<br \/>\nPensez \u00e0 v\u00e9rifier la disponibilit\u00e9 d&rsquo;un professionnel pr\u00e8s de chez vous.<\/p>\n<\/div>\n<div class=\"row\" style=\"padding-top: 20px;\">\n<div class=\"col-xs-12 col-sm-12 col-md-12 col-lg-4\" style=\"text-align: center; padding: 15px 2px 25px 2px;\">Questions fr\u00e9quentes<\/div>\n<div class=\"col-xs-12 col-sm-12 col-md-12 col-lg-4\" style=\"text-align: center; padding: 15px 2px 25px 2px;\">Quelle puissance choisir ?<\/div>\n<div class=\"col-xs-12 col-sm-12 col-md-12 col-lg-4\" style=\"text-align: center; padding: 15px 2px 25px 2px;\">Livraison<\/div>\n<\/div>\n","protected":false},"excerpt":{"rendered":"<p id=\"product_reference\"><label>R\u00e9f\u00e9rence <\/label><br \/>\n<span class=\"editable\">9876JKHGJ9876<\/span><\/p>\n<p id=\"product_condition\"><label>\u00c9tat : <\/label><br \/>\n<span class=\"editable\">Neuf<\/span><\/p>\n<p id=\"product_ean13\"><label>Ean13: <\/label><br \/>\n8022724139158<\/p>\n<div id=\"short_description_block\">\n<div id=\"short_description_content\" class=\"rte align_justify\">\n<ul>\n<li>Marque : LA NORDICA<\/li>\n<li>Garantie : 2 ans pi\u00e8ces<\/li>\n<li>Fabriqu\u00e9 en Italie<\/li>\n<li>Flamme Verte 7*<\/li>\n<li>EcoDesign 2022<\/li>\n<li>Non \u00e9tanche : Zone 1<\/li>\n<\/ul>\n<p><strong><span style=\"color: #218e53;\">D\u00e9lai de livraison : 5 \u00e0 12 jours ouvr\u00e9s<\/span> <\/strong><\/p>\n<p><span style=\"text-decoration: underline;\"><strong>LIVRAISON GRATUITE<\/strong><\/span> (Partout en Europe)<\/p>\n<\/div>\n<\/div>\n<div class=\"attribute_list\">\n<div id=\"uniform-group_2\" class=\"selector\" style=\"width: 191.667px;\"><\/div>\n<\/div>\n<p><!-- end attribute_list --><\/p>\n","protected":false},"featured_media":9864,"comment_status":"open","ping_status":"closed","template":"","meta":[],"product_brand":[],"product_cat":[93,94],"product_tag":[],"class_list":{"0":"post-9671","1":"product","2":"type-product","3":"status-publish","4":"has-post-thumbnail","6":"product_cat-cuisinieres","7":"product_cat-cuisinieres-a-bois","9":"first","10":"instock","11":"sale","12":"purchasable","13":"product-type-simple"},"jetpack_sharing_enabled":true,"_links":{"self":[{"href":"https:\/\/troncybois.com\/index.php?rest_route=\/wp\/v2\/product\/9671","targetHints":{"allow":["GET"]}}],"collection":[{"href":"https:\/\/troncybois.com\/index.php?rest_route=\/wp\/v2\/product"}],"about":[{"href":"https:\/\/troncybois.com\/index.php?rest_route=\/wp\/v2\/types\/product"}],"replies":[{"embeddable":true,"href":"https:\/\/troncybois.com\/index.php?rest_route=%2Fwp%2Fv2%2Fcomments&post=9671"}],"version-history":[{"count":1,"href":"https:\/\/troncybois.com\/index.php?rest_route=\/wp\/v2\/product\/9671\/revisions"}],"predecessor-version":[{"id":9868,"href":"https:\/\/troncybois.com\/index.php?rest_route=\/wp\/v2\/product\/9671\/revisions\/9868"}],"wp:featuredmedia":[{"embeddable":true,"href":"https:\/\/troncybois.com\/index.php?rest_route=\/wp\/v2\/media\/9864"}],"wp:attachment":[{"href":"https:\/\/troncybois.com\/index.php?rest_route=%2Fwp%2Fv2%2Fmedia&parent=9671"}],"wp:term":[{"taxonomy":"product_brand","embeddable":true,"href":"https:\/\/troncybois.com\/index.php?rest_route=%2Fwp%2Fv2%2Fproduct_brand&post=9671"},{"taxonomy":"product_cat","embeddable":true,"href":"https:\/\/troncybois.com\/index.php?rest_route=%2Fwp%2Fv2%2Fproduct_cat&post=9671"},{"taxonomy":"product_tag","embeddable":true,"href":"https:\/\/troncybois.com\/index.php?rest_route=%2Fwp%2Fv2%2Fproduct_tag&post=9671"}],"curies":[{"name":"wp","href":"https:\/\/api.w.org\/{rel}","templated":true}]}}