{"id":9668,"date":"2023-05-30T13:15:22","date_gmt":"2023-05-30T11:15:22","guid":{"rendered":"https:\/\/antiquewhite-gerbil-448984.hostingersite.com\/?post_type=product&#038;p=9668"},"modified":"2024-05-30T22:34:29","modified_gmt":"2024-05-30T20:34:29","slug":"cuisiniere-a-granules-avec-four-ventile-evacalor-enrica-9-kw","status":"publish","type":"product","link":"https:\/\/troncybois.com\/?product=cuisiniere-a-granules-avec-four-ventile-evacalor-enrica-9-kw","title":{"rendered":"Cuisini\u00e8re \u00e0 granul\u00e9s avec four ventil\u00e9 &#8211; EVACALOR Enrica 9 kW"},"content":{"rendered":"<div class=\"fiche-produit\">\n<h4 class=\"titolo_h4 brevetesto_scheda_prodotto\">Comme autrefois&#8230;<\/h4>\n<p>La <strong>cuisini\u00e8re \u00e0 granul\u00e9s avec four ventil\u00e9 EVACALOR Enrica 9 kW<\/strong> est \u00e9conomique et dot\u00e9e d\u2019un four certifi\u00e9 pour la cuisson. Le tiroir frontal, tr\u00e8s pratique pour le chargement des pellets, permet d\u2019exploiter enti\u00e8rement les 90 cm du large plan de cuisson. L\u2019\u00e9lectronique permet le fonctionnement de la cuisini\u00e8re en fonction de la temp\u00e9rature \u00e0 atteindre dans la pi\u00e8ce ou bien \u00e0 la temp\u00e9rature (comprise entre les 120 et les 250\u00b0C) souhait\u00e9e dans le four. La ventilation ambiante forc\u00e9e peut \u00eatre exclue en \u00e9t\u00e9 pour l\u2019utilisation du four.<\/p>\n<p>En cr\u00e9ant une alternative astucieuses aux cuisini\u00e8re \u00e0 bois, une <strong>cuisini\u00e8re \u00e0 granules<\/strong> est pratique gr\u00e2ce \u00e0 son fonctionnement <strong>automatis\u00e9<\/strong>. En effet, vous pouvez programmer votre<strong> cuisini\u00e8re<\/strong> selon vos besoins !<br \/>\nUn ventilateur projette la chaleur soit par le dessus ou soit par le devant dans la pi\u00e8ce o\u00f9 elle se trouve. Vous pourrez profiter de la chaleur tout en cuisinant ! Cette chaleur permet de chauffer une grande partie de l&rsquo;habitat.<br \/>\nUne <strong>cuisini\u00e8re<\/strong> est dot\u00e9 d&rsquo;une plaque de cuisson qui se trouve au-dessus de la chambre de combustion. Elle offre la possibilit\u00e9 de varier diff\u00e9rente position de chauffe, en \u00e9tant proche ou non du foyer. L\u2019Efficacit\u00e9 de chauffe repose sur l&rsquo;intensit\u00e9 de la flamme. En effet, plus celle-ci sera grande plus la cuisson sera rapide.<br \/>\nLe four quant-\u00e0 lui se g\u00e8re automatiquement. La <strong>cuisini\u00e8re \u00e0 pellets<\/strong> ajuste la quantit\u00e9 de pellet n\u00e9cessaire afin de maintenir la temp\u00e9rature souhait\u00e9e. De quoi assurer une cuisson ais\u00e9e de tous les plats au four.<\/p>\n<h2>Informations cl\u00e9s sur la Cuisini\u00e8re \u00e0 granules avec four ventil\u00e9 &#8211; EVACALOR Enrica 9 kW<\/h2>\n<ul>\n<li>Plaque de cuisson en acier<\/li>\n<li>Porte en verre s\u00e9rigraphi\u00e9 noir<\/li>\n<li>Ventilation forc\u00e9e<\/li>\n<li>Tiroir avant amovible pour le chargement du pellet<\/li>\n<li>Four en acier inox<\/li>\n<li>Brasier en fonte<\/li>\n<li>Foyer en acier<\/li>\n<li>Guides supports de plaques amovibles<\/li>\n<li>Gestion d&rsquo;affichage de la temp\u00e9rature du four (120\u00b0- 230\u00b0C)<\/li>\n<li>5 puissances de fonctionnement<\/li>\n<li>Afficheur avec menu dans 6 langues<\/li>\n<li>Encastrable ou pose libre<\/li>\n<li>Tiroir \u00e0 cendres amovible<\/li>\n<li>Thermostat de s\u00e9curit\u00e9<\/li>\n<li>Pr\u00e9disposition pour thermostat ext\u00e9rieur<\/li>\n<li>Pressostat de s\u00e9curit\u00e9<\/li>\n<li>Chrono thermostat<\/li>\n<li>\u00c9vacuation des fum\u00e9es : Sup\u00e9rieure \/ Arri\u00e8re<\/li>\n<li>Plaque en aluminium : INCLUS<\/li>\n<li>Grille support de plaques : INCLUS<\/li>\n<li>T\u00e9l\u00e9commande\u00a0: OPTION<\/li>\n<li>Module WIFI : OPTION<\/li>\n<\/ul>\n<h2>Caract\u00e9ristiques techniques de la Cuisini\u00e8re \u00e0 granules avec four ventil\u00e9 &#8211; EVACALOR Enrica 9 kW<\/h2>\n<ul>\n<li>Puissance brul\u00e9e : max 9,3 kW \u2013 min 3,5 kW<\/li>\n<li>Puissance nominale : max 8,5 kW \u2013 min 3,4 kW<\/li>\n<li>Rendement : Pmax 92,8% \u2013 Pmin 95,4%<\/li>\n<li>CO \u00e9missions \u00e0 13% O2 : Pmax 0,018% \u2013 Pmin 0,054%<\/li>\n<li>Consommation de pellets : max 1,9 kg\/h \u2013 min 0,7 kg\/h<\/li>\n<li>Capacit\u00e9 du r\u00e9servoir : 16 kg<\/li>\n<li>Volume de chauffe : de 140 \u00e0 200 m3<\/li>\n<li>Distance minimale des surfaces inflammables : c\u00f4t\u00e9 0,5 cm \/ arri\u00e8re 0,5 cm \/ avant 100 cm<\/li>\n<li>Tension \/ Fr\u00e9quence : 230 V \/ 50 Hz<\/li>\n<li>Puissance nominale \u00e9lectrique : 320 W<\/li>\n<li>Dimensions : L 89,0 x P 60,0 x H 91,7 cm<\/li>\n<li>Dimensions four : L 30 x P 38.5 x H 28 cm<\/li>\n<li>Poids : 197 kg<\/li>\n<li>Conforme aux normes : EN14785 &#8211; BImSchV II &#8211; LRV\/VKF<\/li>\n<\/ul>\n<h3>Sch\u00e9ma explicatif de la Cuisini\u00e8re \u00e0 granules avec four ventil\u00e9 &#8211; EVACALOR Enrica 9 kW<\/h3>\n<p><img fetchpriority=\"high\" decoding=\"async\" src=\"https:\/\/www.poelediscount.com\/img\/cms\/enrica123.png\" alt=\"\" width=\"728\" height=\"498\" \/><\/p>\n<p><strong>A propos du fabricant :<\/strong> La marque italienne Eva Cal\u00f2r est une entreprise qui produit dans ses propres usines une ligne compl\u00e8te de produits pour la production de chaleur r\u00e9alis\u00e9e par du personnel dot\u00e9 d\u2019une grande exp\u00e9rience. Cela garantit une qualit\u00e9 du produit excellente et certifi\u00e9e, avec des po\u00eales extr\u00eamement fiables et silencieux.<\/p>\n<\/div>\n<p>&nbsp;<\/p>\n<div>\n<p><strong><u>Garantie<\/u>\u00a0:\u00a0<\/strong>Nous vous rappelons que pour la garantie, l&rsquo;installation doit \u00eatre conforme au mode d&#8217;emploi (pr\u00e9conisation du fabricant) et doit respecter les normes en vigueur du pays, pour la France DTU 24.1 ou 24.2.<br \/>\nDe plus, comme pour tous les po\u00eales \u00e0 granul\u00e9s, les appareils sont \u00e0 r\u00e9gler en fonction du tirage naturel de l&rsquo;installation choisie.<\/p>\n<\/div>\n<div class=\"row\" style=\"padding-top: 20px;\">\n<div class=\"col-xs-12 col-sm-12 col-md-12 col-lg-4\" style=\"text-align: center; padding: 15px 2px 25px 2px;\">Questions fr\u00e9quentes<\/div>\n<div class=\"col-xs-12 col-sm-12 col-md-12 col-lg-4\" style=\"text-align: center; padding: 15px 2px 25px 2px;\">Quelle puissance choisir ?<\/div>\n<div class=\"col-xs-12 col-sm-12 col-md-12 col-lg-4\" style=\"text-align: center; padding: 15px 2px 25px 2px;\">Livraison<\/div>\n<\/div>\n","protected":false},"excerpt":{"rendered":"<p id=\"product_reference\"><label>R\u00e9f\u00e9rence <\/label><br \/>\n<span class=\"editable\">34576890IOUYT<\/span><\/p>\n<p id=\"product_condition\"><label>\u00c9tat : <\/label><br \/>\n<span class=\"editable\">Neuf<\/span><\/p>\n<p id=\"product_ean13\"><label>Ean13: <\/label><br \/>\n8029728004413<\/p>\n<div id=\"short_description_block\">\n<div id=\"short_description_content\" class=\"rte align_justify\">\n<ul>\n<li>Marque : EVA CALOR<\/li>\n<li>Garantie 2 ans pi\u00e8ces<\/li>\n<li>Fabriqu\u00e9 en Italie<\/li>\n<li>EcoDesign 2022<\/li>\n<li>Programmable<\/li>\n<li>Non \u00e9tanche : Zone 1<\/li>\n<\/ul>\n<p><strong><span style=\"color: #218e53;\">D\u00e9lai de livraison : 5 \u00e0 12 jours ouvr\u00e9s<\/span> <\/strong><\/p>\n<p><span style=\"text-decoration: underline;\"><strong>LIVRAISON GRATUITE<\/strong><\/span> (Partout en Europe)<\/p>\n<\/div>\n<\/div>\n<div class=\"attribute_list\">\n<div id=\"uniform-group_2\" class=\"selector\" style=\"width: 191.667px;\"><\/div>\n<\/div>\n<p><!-- end attribute_list --><\/p>\n","protected":false},"featured_media":9842,"comment_status":"open","ping_status":"closed","template":"","meta":[],"product_brand":[],"product_cat":[93,95],"product_tag":[],"class_list":{"0":"post-9668","1":"product","2":"type-product","3":"status-publish","4":"has-post-thumbnail","6":"product_cat-cuisinieres","7":"product_cat-cuisinieres-a-granules","9":"first","10":"instock","11":"sale","12":"purchasable","13":"product-type-simple"},"jetpack_sharing_enabled":true,"_links":{"self":[{"href":"https:\/\/troncybois.com\/index.php?rest_route=\/wp\/v2\/product\/9668","targetHints":{"allow":["GET"]}}],"collection":[{"href":"https:\/\/troncybois.com\/index.php?rest_route=\/wp\/v2\/product"}],"about":[{"href":"https:\/\/troncybois.com\/index.php?rest_route=\/wp\/v2\/types\/product"}],"replies":[{"embeddable":true,"href":"https:\/\/troncybois.com\/index.php?rest_route=%2Fwp%2Fv2%2Fcomments&post=9668"}],"version-history":[{"count":1,"href":"https:\/\/troncybois.com\/index.php?rest_route=\/wp\/v2\/product\/9668\/revisions"}],"predecessor-version":[{"id":9853,"href":"https:\/\/troncybois.com\/index.php?rest_route=\/wp\/v2\/product\/9668\/revisions\/9853"}],"wp:featuredmedia":[{"embeddable":true,"href":"https:\/\/troncybois.com\/index.php?rest_route=\/wp\/v2\/media\/9842"}],"wp:attachment":[{"href":"https:\/\/troncybois.com\/index.php?rest_route=%2Fwp%2Fv2%2Fmedia&parent=9668"}],"wp:term":[{"taxonomy":"product_brand","embeddable":true,"href":"https:\/\/troncybois.com\/index.php?rest_route=%2Fwp%2Fv2%2Fproduct_brand&post=9668"},{"taxonomy":"product_cat","embeddable":true,"href":"https:\/\/troncybois.com\/index.php?rest_route=%2Fwp%2Fv2%2Fproduct_cat&post=9668"},{"taxonomy":"product_tag","embeddable":true,"href":"https:\/\/troncybois.com\/index.php?rest_route=%2Fwp%2Fv2%2Fproduct_tag&post=9668"}],"curies":[{"name":"wp","href":"https:\/\/api.w.org\/{rel}","templated":true}]}}