{"id":9665,"date":"2023-05-30T13:15:21","date_gmt":"2023-05-30T11:15:21","guid":{"rendered":"https:\/\/antiquewhite-gerbil-448984.hostingersite.com\/?post_type=product&#038;p=9665"},"modified":"2024-05-30T22:36:15","modified_gmt":"2024-05-30T20:36:15","slug":"cuisiniere-a-bois-en-ceramique-lincar-bea-8-5-kw","status":"publish","type":"product","link":"https:\/\/troncybois.com\/?product=cuisiniere-a-bois-en-ceramique-lincar-bea-8-5-kw","title":{"rendered":"Cuisini\u00e8re \u00e0 bois en c\u00e9ramique &#8211; LINCAR Bea 8.5 kW"},"content":{"rendered":"<div class=\"fiche-produit\">\n<p><strong>La superbe cuisini\u00e8re \u00e0 bois en c\u00e9ramique Bea 702A GL 8.5 kW <\/strong>de la marque<strong> LINCAR <\/strong>vous permets de cuisinier tout en chauffant jusqu&rsquo;\u00e0 175 m3. Laissez-vous s\u00e9duire par son design !<\/p>\n<h2>Informations cl\u00e9s sur <strong>la <strong>Cuisini\u00e8re \u00e0 bois en c\u00e9ramique &#8211; LINCAR Bea 702A GL 8.5<\/strong> kW<\/strong><\/h2>\n<ul>\n<li>Rev\u00eatement en c\u00e9ramique<\/li>\n<li>Plaque en fonte<\/li>\n<li>Vitroc\u00e9ramique<\/li>\n<li>Int\u00e9rieur du four en acier inox<\/li>\n<li>Foyer en vermiculite<\/li>\n<li>Capacit\u00e9 du four : 39 L<\/li>\n<li>Taille des b\u00fbches : 40 cm<\/li>\n<li>\u00c9vacuation des fum\u00e9es : Arri\u00e8re \/ Sup\u00e9rieur<\/li>\n<\/ul>\n<h2>Caract\u00e9ristiques techniques de la <strong>Cuisini\u00e8re \u00e0 bois en c\u00e9ramique &#8211; LINCAR\u00a0Bea 702A GL 8.5 kW<\/strong><\/h2>\n<ul>\n<li><!--StartFragment-->Puissance br\u00fbl\u00e9e : 8.5 kW<\/li>\n<li>Puissance nominale :<!--StartFragment--> 7.5 kW<\/li>\n<li><!--EndFragment-->Rendement : 87.9 %<\/li>\n<li>Poids : 220 kg<\/li>\n<li>Volume de chauffe : 175 m3<\/li>\n<li>Classe \u00e9nerg\u00e9tique : A +<\/li>\n<li>Diam\u00e8tre sortie des fum\u00e9es : 150 mm<\/li>\n<li>Dimensions du foyer : L 205 x P 420 x H 300 mm<\/li>\n<li>Dimensions : L 1015 x P 658 x H 890 mm<\/li>\n<li>Dimensions du four : L 290 x P 450 x H 300 mm<\/li>\n<\/ul>\n<h3>Sch\u00e9ma explicatif de la <strong>Cuisini\u00e8re \u00e0 bois en c\u00e9ramique &#8211; LINCAR Bea 702A GL 8.5 kW<\/strong><strong><br \/>\n<\/strong><\/h3>\n<p><img fetchpriority=\"high\" decoding=\"async\" src=\"https:\/\/www.poelediscount.com\/img\/cms\/bea.png\" alt=\"\" width=\"1360\" height=\"325\" \/><\/p>\n<p><strong>A propos du fabricant :<\/strong> Depuis plus de 50 ans, la marque LINCAR r\u00e9alise des produits fiables, de haute technologie. Engag\u00e9e \u00e9cologiquement, cette marque vous propose une large gamme design avec des mat\u00e9riaux innovants, plus respectueux de l&rsquo;environnement en ayant comme point d&rsquo;honneur la s\u00e9curit\u00e9.<\/p>\n<p><!--StartFragment--><\/p>\n<p><!--EndFragment--><\/p>\n<\/div>\n<p>&nbsp;<\/p>\n<div>\n<p><strong><u>Garantie<\/u>\u00a0:\u00a0<\/strong>Nous vous rappelons que pour la garantie, l&rsquo;installation doit \u00eatre conforme au mode d&#8217;emploi (pr\u00e9conisation du fabricant) et doit respecter les normes en vigueur du pays, pour la France DTU 24.1 ou 24.2.<br \/>\nDe plus, comme pour tous les po\u00eales \u00e0 granul\u00e9s, les appareils sont \u00e0 r\u00e9gler en fonction du tirage naturel de l&rsquo;installation choisie.<\/p>\n<\/div>\n<div class=\"row\" style=\"padding-top: 20px;\">\n<div class=\"col-xs-12 col-sm-12 col-md-12 col-lg-4\" style=\"text-align: center; padding: 15px 2px 25px 2px;\">Questions fr\u00e9quentes<\/div>\n<div class=\"col-xs-12 col-sm-12 col-md-12 col-lg-4\" style=\"text-align: center; padding: 15px 2px 25px 2px;\">Quelle puissance choisir ?<\/div>\n<div class=\"col-xs-12 col-sm-12 col-md-12 col-lg-4\" style=\"text-align: center; padding: 15px 2px 25px 2px;\">Livraison<\/div>\n<\/div>\n","protected":false},"excerpt":{"rendered":"<p id=\"product_reference\"><label>R\u00e9f\u00e9rence <\/label><br \/>\n<span class=\"editable\">JHGF45678989765<\/span><\/p>\n<p id=\"product_condition\"><label>\u00c9tat : <\/label><br \/>\n<span class=\"editable\">Neuf<\/span><\/p>\n<p id=\"product_ean13\"><label>Ean13: <\/label><br \/>\n8020034704806<\/p>\n<div id=\"short_description_block\">\n<div id=\"short_description_content\" class=\"rte align_justify\">\n<ul>\n<li>Marque LINCAR<\/li>\n<li>Garantie 2 ans pi\u00e8ces<\/li>\n<li>Fabriqu\u00e9 en Italie<\/li>\n<li>EcoDesign 2022<\/li>\n<li>Non \u00e9tanche : Zone 1<\/li>\n<\/ul>\n<p><strong><span style=\"color: #218e53;\">D\u00e9lai de livraison : 5 \u00e0 12 jours ouvr\u00e9s<\/span> <\/strong><\/p>\n<p><span style=\"text-decoration: underline;\"><strong>LIVRAISON GRATUITE<\/strong><\/span> (Partout en Europe)<\/p>\n<\/div>\n<\/div>\n<div class=\"attribute_list\">\n<div id=\"uniform-group_2\" class=\"selector\" style=\"width: 191.667px;\"><\/div>\n<\/div>\n<p><!-- end attribute_list --><\/p>\n","protected":false},"featured_media":9827,"comment_status":"open","ping_status":"closed","template":"","meta":[],"product_brand":[],"product_cat":[93,94],"product_tag":[],"class_list":{"0":"post-9665","1":"product","2":"type-product","3":"status-publish","4":"has-post-thumbnail","6":"product_cat-cuisinieres","7":"product_cat-cuisinieres-a-bois","9":"first","10":"instock","11":"sale","12":"purchasable","13":"product-type-simple"},"jetpack_sharing_enabled":true,"_links":{"self":[{"href":"https:\/\/troncybois.com\/index.php?rest_route=\/wp\/v2\/product\/9665","targetHints":{"allow":["GET"]}}],"collection":[{"href":"https:\/\/troncybois.com\/index.php?rest_route=\/wp\/v2\/product"}],"about":[{"href":"https:\/\/troncybois.com\/index.php?rest_route=\/wp\/v2\/types\/product"}],"replies":[{"embeddable":true,"href":"https:\/\/troncybois.com\/index.php?rest_route=%2Fwp%2Fv2%2Fcomments&post=9665"}],"version-history":[{"count":1,"href":"https:\/\/troncybois.com\/index.php?rest_route=\/wp\/v2\/product\/9665\/revisions"}],"predecessor-version":[{"id":9831,"href":"https:\/\/troncybois.com\/index.php?rest_route=\/wp\/v2\/product\/9665\/revisions\/9831"}],"wp:featuredmedia":[{"embeddable":true,"href":"https:\/\/troncybois.com\/index.php?rest_route=\/wp\/v2\/media\/9827"}],"wp:attachment":[{"href":"https:\/\/troncybois.com\/index.php?rest_route=%2Fwp%2Fv2%2Fmedia&parent=9665"}],"wp:term":[{"taxonomy":"product_brand","embeddable":true,"href":"https:\/\/troncybois.com\/index.php?rest_route=%2Fwp%2Fv2%2Fproduct_brand&post=9665"},{"taxonomy":"product_cat","embeddable":true,"href":"https:\/\/troncybois.com\/index.php?rest_route=%2Fwp%2Fv2%2Fproduct_cat&post=9665"},{"taxonomy":"product_tag","embeddable":true,"href":"https:\/\/troncybois.com\/index.php?rest_route=%2Fwp%2Fv2%2Fproduct_tag&post=9665"}],"curies":[{"name":"wp","href":"https:\/\/api.w.org\/{rel}","templated":true}]}}