{"id":9664,"date":"2023-05-30T13:15:21","date_gmt":"2023-05-30T11:15:21","guid":{"rendered":"https:\/\/antiquewhite-gerbil-448984.hostingersite.com\/?post_type=product&#038;p=9664"},"modified":"2024-05-30T22:35:48","modified_gmt":"2024-05-30T20:35:48","slug":"cuisiniere-a-bois-encastrable-la-nordica-vicenza-evo-7-kw","status":"publish","type":"product","link":"https:\/\/troncybois.com\/?product=cuisiniere-a-bois-encastrable-la-nordica-vicenza-evo-7-kw","title":{"rendered":"Cuisini\u00e8re \u00e0 bois encastrable &#8211; LA NORDICA Vicenza Evo 7 kW"},"content":{"rendered":"<div class=\"fiche-produit\">\n<p>La <strong>cuisini\u00e8re \u00e0 bois encastrable Vincenza Evo <\/strong>de la marque<strong> LA NORDICA <\/strong>\u00e0 prix discount poss\u00e8de une puissance nominale de 6 kW ainsi qu&rsquo;un tr\u00e8s bon rendement de 86 %.<\/p>\n<p>Ce mod\u00e8le de <strong>cuisini\u00e8re \u00e0 bois<\/strong> vous offre la possibilit\u00e9 de pr\u00e9lever l&rsquo;air comburant \u00e0 l&rsquo;ext\u00e9rieur du logement gr\u00e2ce \u00e0 sa prise d&rsquo;air BBC. De plus, vous pourrez installer cette <strong>cuisini\u00e8re \u00e0 bois<\/strong> en <strong>pose libre<\/strong> ou d\u00e9cider de l&rsquo;<strong>encastrer<\/strong> car elle est pr\u00e9vue \u00e0 cet effet.<\/p>\n<p>Pour concocter de succulents plats rien de mieux que la <strong>cuisini\u00e8re au feu de bois<\/strong>. Cet appareil multifonctions, vous permet \u00e0 la fois de chauffer votre logement jusqu&rsquo;\u00e0 172 m3 mais aussi de cuire vos mets !<\/p>\n<h2>Informations cl\u00e9s sur la Cuisini\u00e8re \u00e0 bois encastrable &#8211; LA NORDICA Vicenza Evo 7 kW<\/h2>\n<ul>\n<li>Rev\u00eatement en acier ou inox<\/li>\n<li>Encastrable ou pose libre<\/li>\n<li>Foyer en fonte et Nordiker<\/li>\n<li>Plaques et cercles en fonte<\/li>\n<li>Ch\u00e2ssis en acier<\/li>\n<li>Vitres en c\u00e9ramique double vitrage<\/li>\n<li>R\u00e9glage automatique de l\u2019air primaire<\/li>\n<li>Portes r\u00e9versibles<\/li>\n<li>Four en acier<\/li>\n<li>Porte coupe-feu<\/li>\n<li>Tiroir \u00e0 bois<\/li>\n<li>Four avec soupape d\u2019exc\u00e8s de vapeur<\/li>\n<li>Capacit\u00e9 du four : 25 L<\/li>\n<li>\u00c9vacuation des fum\u00e9es : Sup\u00e9rieur \/ Arri\u00e8re<\/li>\n<li>Plat pour le four : INCLUS<\/li>\n<li>Grille pour le four : INCLUS<\/li>\n<\/ul>\n<h2>Caract\u00e9ristiques techniques de la Cuisini\u00e8re \u00e0 bois encastrable &#8211; LA NORDICA Vicenza Evo 7 kW<\/h2>\n<ul>\n<li>Puissance brul\u00e9e : 7 kW<\/li>\n<li>Puissance nominale : 6 kW<\/li>\n<li>Rendement : 86 %<\/li>\n<li>Consommation : 1.7 kg\/h<\/li>\n<li>Volume de chauffe : 172 m3<\/li>\n<li>Dimensions : L 600 x H 850 \u00e0 910 x P 600 mm<\/li>\n<li>Dimensions du foyer : L 232 x H 230 x P 340 mm<\/li>\n<li>Dimensions du four : L 350 x H 175 x P 410 mm<\/li>\n<li>Poids : 135 kg<\/li>\n<li>Diam\u00e8tre sortie de fum\u00e9es : 120 mm<\/li>\n<li>Diam\u00e8tre arriv\u00e9e d&rsquo;air : 100 mm<\/li>\n<li>Classe \u00e9nerg\u00e9tique : A+<\/li>\n<\/ul>\n<h3>Sch\u00e9ma explicatif de la Cuisini\u00e8re \u00e0 bois encastrable &#8211; LA NORDICA Vicenza Evo 7 kW<\/h3>\n<p>Cliquez sur le lien suivant pour retrouver le Manuel Utilisateur : T\u00c9L\u00c9CHARGER LE MANUEL<\/p>\n<p><img fetchpriority=\"high\" decoding=\"async\" src=\"https:\/\/www.poelediscount.com\/img\/cms\/Sch%C3%A9ma%20technique\/CAB\/VICENZA%20EVO%20(2).png\" alt=\"\" width=\"1335\" height=\"447\" \/><\/p>\n<h3>Les diff\u00e9rents syst\u00e8mes de la Cuisini\u00e8re \u00e0 bois encastrable &#8211; LA NORDICA Vincenza Evo 7 kW<\/h3>\n<p><span style=\"text-decoration: underline;\">Post Combustion System<\/span> : Le syst\u00e8me de combustion d\u00e9velopp\u00e9 par La Nordica-Extraflame permet, gr\u00e2ce \u00e0 un syst\u00e8me d\u2019air secondaire\/tertiaire, une postcombustion en mesure de r\u00e9duire drastiquement les \u00e9missions et donc de respecter les normes europ\u00e9ennes les plus s\u00e9v\u00e8res.<\/p>\n<p><span style=\"text-decoration: underline;\">RDT (Resistant Door at the Time)<\/span> : Les portes des produits, r\u00e9alis\u00e9es en fonte de qualit\u00e9 \u00e9lev\u00e9e, sont inalt\u00e9rables dans le temps et garantissent une \u00e9tanch\u00e9it\u00e9 constante.<\/p>\n<p><span style=\"text-decoration: underline;\">Clean Glass Control<\/span> : Ce syst\u00e8me qui gr\u00e2ce \u00e0 un parcours sp\u00e9cifique d&rsquo;air pr\u00e9chauff\u00e9 \u00e9vite efficacement l&rsquo;encrassement de la vitre du foyer, son entretien est ainsi facilit\u00e9.<\/p>\n<p><span style=\"text-decoration: underline;\">NORDIKER<\/span> : Pour la r\u00e9alisation des parties r\u00e9fractaires, la marque La Nordica a brevet\u00e9 ce mat\u00e9riau ultra r\u00e9sistant pouvant r\u00e9sister \u00e0 des temp\u00e9ratures de combustion tr\u00e8s \u00e9lev\u00e9s. La couleur claire du mat\u00e9riau intensifie la luminosit\u00e9 de la flamme et offre une simplicit\u00e9 d&rsquo;entretien<strong>.<\/strong><\/p>\n<p><span style=\"text-decoration: underline;\">BBC (Prise d&rsquo;air Direct Externe)<\/span> : Ce syst\u00e8me pr\u00e9l\u00e8ve l&rsquo;air frais de l&rsquo;ext\u00e9rieur pour la combustion en l&rsquo;introduisant directement dans la chambre de combustion. (Ceci n&rsquo;est pas une chambre \u00e9tanche)<\/p>\n<p><strong>\u00c0 propos du fournisseur : <\/strong>La marque <strong>La Nordica<\/strong> est une marque italienne qui a \u00e9t\u00e9 cr\u00e9e en 1968. L\u2019entreprise propose des solutions de chauffage modernes et sophistiqu\u00e9es. Les produits<strong> La Nordica<\/strong> respectent l\u2019environnement avec de meilleurs rendements et de faibles \u00e9missions polluantes. Les po\u00eales, cuisini\u00e8res, inserts sont adapt\u00e9s \u00e0 tous les go\u00fbts et exigences.<\/p>\n<ul>\n<li>Retrouvez un mod\u00e8le similaire de cuisini\u00e8re \u00e0 bois<\/li>\n<li>D\u00e9couvrez notre large gamme de cuisini\u00e8re \u00e0 bois<\/li>\n<li>Vous appr\u00e9ciez les produits de la marque La Nordica ? D\u00e9couvrez les mod\u00e8les de la marque La Nordica<\/li>\n<li>Poelediscount.com le leader des po\u00eales \u00e0 granul\u00e9s pas chers<\/li>\n<\/ul>\n<\/div>\n<p>&nbsp;<\/p>\n<div>\n<p><strong><u>Garantie<\/u>\u00a0:\u00a0<\/strong>Nous vous rappelons que pour la garantie, l&rsquo;installation doit \u00eatre conforme au mode d&#8217;emploi (pr\u00e9conisation du fabricant) et doit respecter les normes en vigueur du pays, pour la France DTU 24.1 ou 24.2.<br \/>\nDe plus, comme pour tous les po\u00eales \u00e0 granul\u00e9s, les appareils sont \u00e0 r\u00e9gler en fonction du tirage naturel de l&rsquo;installation choisie.<\/p>\n<p class=\"fiche-produit\">Les r\u00e9glages et la mise en service de ce produit doivent \u00eatre effectu\u00e9s par un professionnel agr\u00e9\u00e9 CAT La Nordica-Extraflame, le listing se trouve ici : https:\/\/www.lanordica-extraflame.com\/fr\/cat\/services-apres-vente.<br \/>\nPensez \u00e0 v\u00e9rifier la disponibilit\u00e9 d&rsquo;un professionnel pr\u00e8s de chez vous.<\/p>\n<\/div>\n<div class=\"row\" style=\"padding-top: 20px;\">\n<div class=\"col-xs-12 col-sm-12 col-md-12 col-lg-4\" style=\"text-align: center; padding: 15px 2px 25px 2px;\">Questions fr\u00e9quentes<\/div>\n<div class=\"col-xs-12 col-sm-12 col-md-12 col-lg-4\" style=\"text-align: center; padding: 15px 2px 25px 2px;\">Quelle puissance choisir ?<\/div>\n<div class=\"col-xs-12 col-sm-12 col-md-12 col-lg-4\" style=\"text-align: center; padding: 15px 2px 25px 2px;\">Livraison<\/div>\n<\/div>\n","protected":false},"excerpt":{"rendered":"<p id=\"product_reference\"><label>R\u00e9f\u00e9rence <\/label><br \/>\n<span class=\"editable\">0987697865T<\/span><\/p>\n<p id=\"product_condition\"><label>\u00c9tat : <\/label><br \/>\n<span class=\"editable\">Neuf<\/span><\/p>\n<div id=\"short_description_block\">\n<div id=\"short_description_content\" class=\"rte align_justify\">\n<ul>\n<li>Marque LA NORDICA<\/li>\n<li>Garantie 2 ans pi\u00e8ces<\/li>\n<li>Fabriqu\u00e9 en Italie<\/li>\n<li>Flamme Verte<\/li>\n<li>EcoDesign 2022<\/li>\n<li>Non \u00e9tanche : Zone 1<\/li>\n<\/ul>\n<p><strong><span style=\"color: #218e53;\">D\u00e9lai de livraison : 5 \u00e0 12 jours ouvr\u00e9s<\/span> <\/strong><\/p>\n<p><span style=\"text-decoration: underline;\"><strong>LIVRAISON GRATUITE<\/strong><\/span> (Partout en Europe)<\/p>\n<\/div>\n<\/div>\n","protected":false},"featured_media":9820,"comment_status":"open","ping_status":"closed","template":"","meta":[],"product_brand":[],"product_cat":[93,94],"product_tag":[],"class_list":{"0":"post-9664","1":"product","2":"type-product","3":"status-publish","4":"has-post-thumbnail","6":"product_cat-cuisinieres","7":"product_cat-cuisinieres-a-bois","9":"first","10":"instock","11":"sale","12":"purchasable","13":"product-type-simple"},"jetpack_sharing_enabled":true,"_links":{"self":[{"href":"https:\/\/troncybois.com\/index.php?rest_route=\/wp\/v2\/product\/9664","targetHints":{"allow":["GET"]}}],"collection":[{"href":"https:\/\/troncybois.com\/index.php?rest_route=\/wp\/v2\/product"}],"about":[{"href":"https:\/\/troncybois.com\/index.php?rest_route=\/wp\/v2\/types\/product"}],"replies":[{"embeddable":true,"href":"https:\/\/troncybois.com\/index.php?rest_route=%2Fwp%2Fv2%2Fcomments&post=9664"}],"version-history":[{"count":1,"href":"https:\/\/troncybois.com\/index.php?rest_route=\/wp\/v2\/product\/9664\/revisions"}],"predecessor-version":[{"id":9824,"href":"https:\/\/troncybois.com\/index.php?rest_route=\/wp\/v2\/product\/9664\/revisions\/9824"}],"wp:featuredmedia":[{"embeddable":true,"href":"https:\/\/troncybois.com\/index.php?rest_route=\/wp\/v2\/media\/9820"}],"wp:attachment":[{"href":"https:\/\/troncybois.com\/index.php?rest_route=%2Fwp%2Fv2%2Fmedia&parent=9664"}],"wp:term":[{"taxonomy":"product_brand","embeddable":true,"href":"https:\/\/troncybois.com\/index.php?rest_route=%2Fwp%2Fv2%2Fproduct_brand&post=9664"},{"taxonomy":"product_cat","embeddable":true,"href":"https:\/\/troncybois.com\/index.php?rest_route=%2Fwp%2Fv2%2Fproduct_cat&post=9664"},{"taxonomy":"product_tag","embeddable":true,"href":"https:\/\/troncybois.com\/index.php?rest_route=%2Fwp%2Fv2%2Fproduct_tag&post=9664"}],"curies":[{"name":"wp","href":"https:\/\/api.w.org\/{rel}","templated":true}]}}