{"id":9663,"date":"2023-05-30T13:15:21","date_gmt":"2023-05-30T11:15:21","guid":{"rendered":"https:\/\/antiquewhite-gerbil-448984.hostingersite.com\/?post_type=product&#038;p=9663"},"modified":"2024-05-30T22:35:31","modified_gmt":"2024-05-30T20:35:31","slug":"cuisiniere-a-bois-lincar-nada-9-kw","status":"publish","type":"product","link":"https:\/\/troncybois.com\/?product=cuisiniere-a-bois-lincar-nada-9-kw","title":{"rendered":"Cuisini\u00e8re \u00e0 bois &#8211; LINCAR Nada 9 kW"},"content":{"rendered":"<div class=\"fiche-produit\">\n<p><strong>La cuisini\u00e8re \u00e0 bois Nada<\/strong> de la marque<strong> LINCAR <\/strong>vous permets de cuisinier tout en chauffant jusqu&rsquo;\u00e0 195 m3. Cette <strong>cuisini\u00e8re \u00e0 bois<\/strong> vous permettra de cuisiner tous vos plats tout en apportant un r\u00e9el confort en terme de chauffage \u00e0 votre maison. Disponible en 3 coloris, cette <strong>cuisini\u00e8re \u00e0 bois pas cher<\/strong> poss\u00e8de une grande plaque avec plusieurs taille de cercles sur sa partie sup\u00e9rieur pour s&rsquo;adapter \u00e0 vos exigences.<\/p>\n<p>Cette <strong>cuisini\u00e8re \u00e0 bois<\/strong> poss\u00e8de un four d&rsquo;une capacit\u00e9 de 41 Litres et accepte des b\u00fbches pouvant atteindre 40 cm !<\/p>\n<h2>Informations cl\u00e9s sur <strong>la <strong>Cuisini\u00e8re \u00e0 bois &#8211; LINCAR\u00a0Nada 9 kW<\/strong><\/strong><\/h2>\n<ul>\n<li>Rev\u00eatement en acier peint<\/li>\n<li>Plaque de cuisson en fonte \u00e9maill\u00e9e<\/li>\n<li>Int\u00e9rieur en fonte et vermiculite<\/li>\n<li>Barres de s\u00e9curit\u00e9 d\u00e9montables<\/li>\n<li>Air primaire et secondaire r\u00e9glables<\/li>\n<li>Vitroc\u00e9ramique<\/li>\n<li>Poign\u00e9es chrom\u00e9es<\/li>\n<li>Taille des b\u00fbches : 40 cm<\/li>\n<li>Capacit\u00e9 du four : 41 L<\/li>\n<li>\u00c9vacuation des fum\u00e9es : Sup\u00e9rieur<\/li>\n<li>Grille pour le four : INCLUS<\/li>\n<li>Plat pour le four : INCLUS<\/li>\n<li>Tisonnier : INCLUS<\/li>\n<li>Gant pour le four : INCLUS<\/li>\n<\/ul>\n<h2>Caract\u00e9ristiques techniques de la <strong>Cuisini\u00e8re \u00e0 bois &#8211; LINCAR\u00a0Nada 9 kW<\/strong><\/h2>\n<ul>\n<li><!--StartFragment-->Puissance br\u00fbl\u00e9e : 9.3 kW<\/li>\n<li>Puissance nominale :<!--StartFragment--> 8.4 kW<\/li>\n<li><!--EndFragment-->Rendement : 89.5 %<\/li>\n<li>Poids : 120 kg<\/li>\n<li>Volume de chauffe : 195 m3<\/li>\n<li>Classe \u00e9nerg\u00e9tique : A+<\/li>\n<li>Diam\u00e8tre sortie des fum\u00e9es : 130 mm<\/li>\n<li>Dimensions : L 980 x P 620 x H 830 mm<\/li>\n<li>Dimensions du foyer : L 300 x P 430 H 310 mm<\/li>\n<li>Dimensions du four : L 320 x P 430 x H 300 mm<\/li>\n<li>Distance minimale des surfaces inflammables : c\u00f4t\u00e9 40cm \/ arri\u00e8re 50cm \/ avant 80cm \/ sup\u00e9rieur 150cm<\/li>\n<li>Conforme aux normes : EN 13240:2001\/A2:2004\/AC:2007<\/li>\n<\/ul>\n<h2>Sch\u00e9ma explicatif de la C<strong><strong>uisini\u00e8re \u00e0 bois &#8211; LINCAR\u00a0Nada 9 kW<\/strong><\/strong><\/h2>\n<p><img fetchpriority=\"high\" decoding=\"async\" src=\"https:\/\/www.poelediscount.com\/img\/cms\/nada4.png\" alt=\"\" width=\"1066\" height=\"268\" \/><\/p>\n<p><span style=\"text-decoration: underline;\">ECODESIGN 2022<\/span><br \/>\nCe produit r\u00e9pond aux crit\u00e8res du label Ecodesign 2022 qui \u00e9tablit les normes d&rsquo;un projet \u00e9co-compatible, ses m\u00e9thodes de calculs et d&rsquo;\u00e9valuation dans le but de r\u00e9duire les \u00e9missions dans l&rsquo;atmosph\u00e8re.<\/p>\n<p><strong>A propos du fabricant :<\/strong> Depuis plus de 50 ans, la marque LINCAR r\u00e9alise des produits fiables, de haute technologie. Engag\u00e9e \u00e9cologiquement, cette marque vous propose une large gamme design avec des mat\u00e9riaux innovants, plus respectueux de l&rsquo;environnement en ayant comme point d&rsquo;honneur la s\u00e9curit\u00e9.<\/p>\n<\/div>\n<p>&nbsp;<\/p>\n<div>\n<p><strong><u>Garantie<\/u>\u00a0:\u00a0<\/strong>Nous vous rappelons que pour la garantie, l&rsquo;installation doit \u00eatre conforme au mode d&#8217;emploi (pr\u00e9conisation du fabricant) et doit respecter les normes en vigueur du pays, pour la France DTU 24.1 ou 24.2.<br \/>\nDe plus, comme pour tous les po\u00eales \u00e0 granul\u00e9s, les appareils sont \u00e0 r\u00e9gler en fonction du tirage naturel de l&rsquo;installation choisie.<\/p>\n<\/div>\n<div class=\"row\" style=\"padding-top: 20px;\">\n<div class=\"col-xs-12 col-sm-12 col-md-12 col-lg-4\" style=\"text-align: center; padding: 15px 2px 25px 2px;\">Questions fr\u00e9quentes<\/div>\n<div class=\"col-xs-12 col-sm-12 col-md-12 col-lg-4\" style=\"text-align: center; padding: 15px 2px 25px 2px;\">Quelle puissance choisir ?<\/div>\n<div class=\"col-xs-12 col-sm-12 col-md-12 col-lg-4\" style=\"text-align: center; padding: 15px 2px 25px 2px;\">Livraison<\/div>\n<\/div>\n","protected":false},"excerpt":{"rendered":"<p id=\"product_reference\"><label>R\u00e9f\u00e9rence <\/label><br \/>\n<span class=\"editable\">5768UIOYTJHK<\/span><\/p>\n<p id=\"product_condition\"><label>\u00c9tat : <\/label><br \/>\n<span class=\"editable\">Neuf<\/span><\/p>\n<div id=\"short_description_block\">\n<div id=\"short_description_content\" class=\"rte align_justify\">\n<ul>\n<li>Marque LINCAR<\/li>\n<li>Garantie 2 ans pi\u00e8ces<\/li>\n<li>Fabriqu\u00e9 en Italie<\/li>\n<li>EcoDesign 2022<\/li>\n<li>Non \u00e9tanche : Zone 1<\/li>\n<\/ul>\n<p><strong><span style=\"color: #218e53;\">D\u00e9lai de livraison : 5 \u00e0 12 jours ouvr\u00e9s<\/span> <\/strong><\/p>\n<p><span style=\"text-decoration: underline;\"><strong>LIVRAISON GRATUITE<\/strong><\/span> (Partout en Europe)<\/p>\n<\/div>\n<\/div>\n<div class=\"attribute_list\">\n<div id=\"uniform-group_2\" class=\"selector\" style=\"width: 191.667px;\"><\/div>\n<\/div>\n<p><!-- end attribute_list --><\/p>\n","protected":false},"featured_media":9810,"comment_status":"open","ping_status":"closed","template":"","meta":[],"product_brand":[],"product_cat":[93,94],"product_tag":[],"class_list":{"0":"post-9663","1":"product","2":"type-product","3":"status-publish","4":"has-post-thumbnail","6":"product_cat-cuisinieres","7":"product_cat-cuisinieres-a-bois","9":"first","10":"instock","11":"sale","12":"purchasable","13":"product-type-simple"},"jetpack_sharing_enabled":true,"_links":{"self":[{"href":"https:\/\/troncybois.com\/index.php?rest_route=\/wp\/v2\/product\/9663","targetHints":{"allow":["GET"]}}],"collection":[{"href":"https:\/\/troncybois.com\/index.php?rest_route=\/wp\/v2\/product"}],"about":[{"href":"https:\/\/troncybois.com\/index.php?rest_route=\/wp\/v2\/types\/product"}],"replies":[{"embeddable":true,"href":"https:\/\/troncybois.com\/index.php?rest_route=%2Fwp%2Fv2%2Fcomments&post=9663"}],"version-history":[{"count":1,"href":"https:\/\/troncybois.com\/index.php?rest_route=\/wp\/v2\/product\/9663\/revisions"}],"predecessor-version":[{"id":9819,"href":"https:\/\/troncybois.com\/index.php?rest_route=\/wp\/v2\/product\/9663\/revisions\/9819"}],"wp:featuredmedia":[{"embeddable":true,"href":"https:\/\/troncybois.com\/index.php?rest_route=\/wp\/v2\/media\/9810"}],"wp:attachment":[{"href":"https:\/\/troncybois.com\/index.php?rest_route=%2Fwp%2Fv2%2Fmedia&parent=9663"}],"wp:term":[{"taxonomy":"product_brand","embeddable":true,"href":"https:\/\/troncybois.com\/index.php?rest_route=%2Fwp%2Fv2%2Fproduct_brand&post=9663"},{"taxonomy":"product_cat","embeddable":true,"href":"https:\/\/troncybois.com\/index.php?rest_route=%2Fwp%2Fv2%2Fproduct_cat&post=9663"},{"taxonomy":"product_tag","embeddable":true,"href":"https:\/\/troncybois.com\/index.php?rest_route=%2Fwp%2Fv2%2Fproduct_tag&post=9663"}],"curies":[{"name":"wp","href":"https:\/\/api.w.org\/{rel}","templated":true}]}}