{"id":9661,"date":"2023-05-30T13:15:20","date_gmt":"2023-05-30T11:15:20","guid":{"rendered":"https:\/\/antiquewhite-gerbil-448984.hostingersite.com\/?post_type=product&#038;p=9661"},"modified":"2024-05-30T22:36:56","modified_gmt":"2024-05-30T20:36:56","slug":"cuisiniere-a-bois-avec-four-bronpi-monza-14-kw","status":"publish","type":"product","link":"https:\/\/troncybois.com\/?product=cuisiniere-a-bois-avec-four-bronpi-monza-14-kw","title":{"rendered":"Cuisini\u00e8re \u00e0 bois avec four &#8211; BRONPI Monza 14 kW"},"content":{"rendered":"<div class=\"fiche-produit\">\n<p><strong>La cuisini\u00e8re \u00e0 bois Monza 14 kW de la marque BRONPI <\/strong>est un appareil fabriqu\u00e9 en fonte et en acier. Cet appareil de chauffage vous permettra de cuisiner gr\u00e2ce \u00e0 son four et ses plaques de cuissons tout en chauffant une surface allant jusqu&rsquo;\u00e0 350 m3. Ce mod\u00e8le de <strong>cuisini\u00e8re \u00e0 bois<\/strong> peut accueillir des b\u00fbches allant jusqu&rsquo;\u00e0 50 cm !<\/p>\n<h2>Informations cl\u00e9s de la Cuisini\u00e8re \u00e0 bois avec four <strong>&#8211; BRONPI Monza 14 kW<br \/>\n<\/strong><\/h2>\n<ul>\n<li>Fabriqu\u00e9 en acier et en fonte<\/li>\n<li>Four avec base en brique r\u00e9fractaire<\/li>\n<li>Portes en fonte<\/li>\n<li>Foyer en vermiculite<\/li>\n<li>Grille du foyer en fonte<\/li>\n<li>Plan de travail et cercles en fonte<\/li>\n<li>Vitre en vitroc\u00e9ramique<\/li>\n<li>Plat pour le four<\/li>\n<li>Four avec thermom\u00e8tre de 500\u00b0C<\/li>\n<li>R\u00e9gulation de l&rsquo;air de combustion primaire et secondaire<\/li>\n<li>Poign\u00e9es en acier inoxydable<\/li>\n<li>Taille des b\u00fbches maximum : 50 cm<\/li>\n<li>Sortie des fum\u00e9es : Sup\u00e9rieur<\/li>\n<\/ul>\n<h2>Description technique de la Cuisini\u00e8re \u00e0 bois avec four &#8211; BRONPI <strong>Monza 14 <\/strong>kW<\/h2>\n<ul>\n<li>Puissance : 14 kW<\/li>\n<li>Rendement : 85 %<\/li>\n<li>Consommation : 3.9 kg\/h<\/li>\n<li>Volume de chauffe : 350 m<sup>3<\/sup><\/li>\n<li>Poids : 145 kg<\/li>\n<li>Diam\u00e8tre des sorties des fum\u00e9es : 150 mm<\/li>\n<li>Dimensions du foyer : L 390 x H 270 x P 360 mm<\/li>\n<li>Dimensions du four : L 390 x H 200 x P 340 mm<\/li>\n<\/ul>\n<h2>Sch\u00e9ma technique de l<strong>a Cuisini\u00e8re \u00e0 bois avec four <\/strong>&#8211; BRONPI Monza 14 kW<\/h2>\n<h3>Les diff\u00e9rents syst\u00e8mes de la Cuisini\u00e8re \u00e0 bois avec four &#8211; BRONPI Monza 14 kW<\/h3>\n<p><strong>SYSTEME VERRE PROPRE (SCL) :<\/strong> consiste en l\u2019entr\u00e9e d\u2019air de l\u2019ext\u00e9rieur de l\u2019appareil (air secondaire) dirig\u00e9e vers la face interne du verre, am\u00e9liorant ainsi la combustion, emp\u00eachant le verre de noircir rapidement et permettant une vision sup\u00e9rieure du feu.<\/p>\n<p><strong>SYSTEME ENVELOPPANT FOUR (SEH)<\/strong> : permet d&rsquo;obtenir une chaleur rapidement et efficacement gr\u00e2ce \u00e0 la trajectoire de la fum\u00e9e provenant de la chambre de combustion dirig\u00e9e sur les c\u00f4t\u00e9s et au-dessus du four, assurant ainsi un chauffage r\u00e9gulier et uniforme.<\/p>\n<p><strong>\u00c0 propos du fournisseur : <\/strong>La marque BRONPI est une entreprise situ\u00e9e pr\u00e8s de Cordoue en Espagne. Innovatrice et performante, cette marque s&rsquo;est sp\u00e9cialis\u00e9e dans les mod\u00e8les de po\u00eales hybrides et sans \u00e9lectricit\u00e9 afin de r\u00e9pondre \u00e0 la demande grandissante d&rsquo;autonomie, d&rsquo;\u00e9cologie et d&rsquo;\u00e9conomie des particuliers.<\/p>\n<ul>\n<li>Vous aimez la marque BRONPI ? Retrouvez d&rsquo;autres mod\u00e8les de po\u00eales \u00e0 bois de la marque.<\/li>\n<li>Vous cherchez un autre mod\u00e8le de\u00a0cuisini\u00e8re \u00e0 bois ?<\/li>\n<li>Vous cherchez une\u00a0cuisini\u00e8re \u00e0 bois plus grande ? D\u00e9couvrez cet autre mod\u00e8le de cuisini\u00e8re \u00e0 bois<\/li>\n<\/ul>\n<\/div>\n<p>&nbsp;<\/p>\n<div>\n<p><strong><u>Garantie<\/u>\u00a0:\u00a0<\/strong>Nous vous rappelons que pour la garantie, l&rsquo;installation doit \u00eatre conforme au mode d&#8217;emploi (pr\u00e9conisation du fabricant) et doit respecter les normes en vigueur du pays, pour la France DTU 24.1 ou 24.2.<br \/>\nDe plus, comme pour tous les po\u00eales \u00e0 granul\u00e9s, les appareils sont \u00e0 r\u00e9gler en fonction du tirage naturel de l&rsquo;installation choisie.<\/p>\n<\/div>\n<div class=\"row\" style=\"padding-top: 20px;\">\n<div class=\"col-xs-12 col-sm-12 col-md-12 col-lg-4\" style=\"text-align: center; padding: 15px 2px 25px 2px;\">Questions fr\u00e9quentes<\/div>\n<div class=\"col-xs-12 col-sm-12 col-md-12 col-lg-4\" style=\"text-align: center; padding: 15px 2px 25px 2px;\">Quelle puissance choisir ?<\/div>\n<div class=\"col-xs-12 col-sm-12 col-md-12 col-lg-4\" style=\"text-align: center; padding: 15px 2px 25px 2px;\">Livraison<\/div>\n<\/div>\n","protected":false},"excerpt":{"rendered":"<p id=\"product_reference\"><label>R\u00e9f\u00e9rence <\/label><br \/>\n<span class=\"editable\">7865437689<\/span><\/p>\n<p id=\"product_condition\"><label>\u00c9tat : <\/label><br \/>\n<span class=\"editable\">Neuf<\/span><\/p>\n<div id=\"short_description_block\">\n<div id=\"short_description_content\" class=\"rte align_justify\">\n<ul>\n<li>Marque BRONPI<\/li>\n<li>Fabriqu\u00e9 en Espagne<\/li>\n<li>Garantie 5 ans<\/li>\n<li>EcoDesign 2022<\/li>\n<li>Non \u00e9tanche : Zone 1<\/li>\n<li>B\u00fbches de 50 cm<\/li>\n<\/ul>\n<p><strong><span style=\"color: #218e53;\">D\u00e9lai de livraison : 5 \u00e0 12 jours ouvr\u00e9s<\/span> <\/strong><\/p>\n<p><span style=\"text-decoration: underline;\"><strong>LIVRAISON GRATUITE<\/strong><\/span> (Partout en Europe)<\/p>\n<\/div>\n<\/div>\n","protected":false},"featured_media":9782,"comment_status":"open","ping_status":"closed","template":"","meta":[],"product_brand":[],"product_cat":[93,94],"product_tag":[],"class_list":{"0":"post-9661","1":"product","2":"type-product","3":"status-publish","4":"has-post-thumbnail","6":"product_cat-cuisinieres","7":"product_cat-cuisinieres-a-bois","9":"first","10":"instock","11":"sale","12":"purchasable","13":"product-type-simple"},"jetpack_sharing_enabled":true,"_links":{"self":[{"href":"https:\/\/troncybois.com\/index.php?rest_route=\/wp\/v2\/product\/9661","targetHints":{"allow":["GET"]}}],"collection":[{"href":"https:\/\/troncybois.com\/index.php?rest_route=\/wp\/v2\/product"}],"about":[{"href":"https:\/\/troncybois.com\/index.php?rest_route=\/wp\/v2\/types\/product"}],"replies":[{"embeddable":true,"href":"https:\/\/troncybois.com\/index.php?rest_route=%2Fwp%2Fv2%2Fcomments&post=9661"}],"version-history":[{"count":2,"href":"https:\/\/troncybois.com\/index.php?rest_route=\/wp\/v2\/product\/9661\/revisions"}],"predecessor-version":[{"id":11556,"href":"https:\/\/troncybois.com\/index.php?rest_route=\/wp\/v2\/product\/9661\/revisions\/11556"}],"wp:featuredmedia":[{"embeddable":true,"href":"https:\/\/troncybois.com\/index.php?rest_route=\/wp\/v2\/media\/9782"}],"wp:attachment":[{"href":"https:\/\/troncybois.com\/index.php?rest_route=%2Fwp%2Fv2%2Fmedia&parent=9661"}],"wp:term":[{"taxonomy":"product_brand","embeddable":true,"href":"https:\/\/troncybois.com\/index.php?rest_route=%2Fwp%2Fv2%2Fproduct_brand&post=9661"},{"taxonomy":"product_cat","embeddable":true,"href":"https:\/\/troncybois.com\/index.php?rest_route=%2Fwp%2Fv2%2Fproduct_cat&post=9661"},{"taxonomy":"product_tag","embeddable":true,"href":"https:\/\/troncybois.com\/index.php?rest_route=%2Fwp%2Fv2%2Fproduct_tag&post=9661"}],"curies":[{"name":"wp","href":"https:\/\/api.w.org\/{rel}","templated":true}]}}