{"id":9660,"date":"2023-05-30T13:15:20","date_gmt":"2023-05-30T11:15:20","guid":{"rendered":"https:\/\/antiquewhite-gerbil-448984.hostingersite.com\/?post_type=product&#038;p=9660"},"modified":"2024-05-30T22:37:17","modified_gmt":"2024-05-30T20:37:17","slug":"cuisiniere-a-bois-la-nordica-family-3-5-8-kw","status":"publish","type":"product","link":"https:\/\/troncybois.com\/?product=cuisiniere-a-bois-la-nordica-family-3-5-8-kw","title":{"rendered":"Cuisini\u00e8re \u00e0 bois &#8211; LA NORDICA Family 3.5 8 kW"},"content":{"rendered":"<div class=\"fiche-produit\">\n<p><strong>La cuisini\u00e8re \u00e0 bois Family 3.5<\/strong> de la marque<strong> La Nordica <\/strong>vous offrira la possibilit\u00e9 de chauffer votre maison jusqu&rsquo;\u00e0 186 m3 tout en retrouvant le plaisir de cuisinier au feu de bois gr\u00e2ce \u00e0 son four \u00e9maill\u00e9 de 28 litres. Pr\u00e9parez tous vos plats et retrouvez les saveurs d&rsquo;une cuisine d&rsquo;antan avec cette magnifique cuisini\u00e8re \u00e0 bois.<\/p>\n<h2>Informations cl\u00e9s de <strong>la cuisini\u00e8re \u00e0 bois &#8211; LA NORDICA Family 3.5 8 kW <\/strong><\/h2>\n<ul>\n<li>Rev\u00eatement en acier<\/li>\n<li>Porte en acier<\/li>\n<li>Four en acier<\/li>\n<li>Cadre en fonte<\/li>\n<li>Foyer en fonte<\/li>\n<li>Plaques, ch\u00e2ssis et cercles en fonte<\/li>\n<li>Barres autour de la cuisini\u00e8re d\u00e9montables<\/li>\n<li>Grand tiroir \u00e0 bois<\/li>\n<li>Capacit\u00e9 du four : 28 L<\/li>\n<li>Taille des b\u00fbches : 25 cm<\/li>\n<li>Porte foyer avec double vitrage<\/li>\n<li>\u00c9vacuation des fum\u00e9es : Sup\u00e9rieur<\/li>\n<li>Plaque pour le four : INCLUS<\/li>\n<\/ul>\n<h2>Description technique de la cuisini\u00e8re \u00e0 bois &#8211; LA NORDICA <strong>Family 3.5 8 <\/strong>kW<\/h2>\n<ul>\n<li>Puissance br\u00fbl\u00e9e : 7.8 kW<\/li>\n<li>Puissance nominale : 6.5 kW<\/li>\n<li>Rendement : 83 %<\/li>\n<li>Volume de chauffe : 186 m<sup>3<\/sup><\/li>\n<li>Consommation : 1.9 kg\/h<\/li>\n<li>Poids : 110 kg<\/li>\n<li>Dimensions : L 881 x H 845 x P 581 mm<\/li>\n<li>Dimensions du foyer : L 220 x H 227 X P 360 mm<\/li>\n<li>Dimensions du four : L 245 x H 300 x P 384 mm<\/li>\n<li>Diam\u00e8tre des sorties des fum\u00e9es : 120 mm<\/li>\n<li>Classe \u00e9nerg\u00e9tique : A+<\/li>\n<\/ul>\n<h2>Sch\u00e9ma technique de la cuisini\u00e8re \u00e0 bois &#8211; LA NORDICA <strong>Family 3.5 8 <\/strong>kW<\/h2>\n<p>Cliquez sur le lien suivant pour retrouver le Manuel Utilisateur : T\u00c9L\u00c9CHARGER LE MANUEL<\/p>\n<p><img fetchpriority=\"high\" decoding=\"async\" src=\"https:\/\/www.poelediscount.com\/img\/cms\/family%203-5_1.png\" alt=\"\" width=\"1285\" height=\"365\" \/><\/p>\n<h3>Les diff\u00e9rents syst\u00e8mes de la cuisini\u00e8re \u00e0 bois<strong> &#8211; LA NORDICA Family 3.5 8 kW<\/strong><\/h3>\n<p><span style=\"text-decoration: underline;\">Post Combustion System<\/span> : Le syst\u00e8me de combustion d\u00e9velopp\u00e9 par La Nordica-Extraflame permet, gr\u00e2ce \u00e0 un syst\u00e8me d\u2019air secondaire\/tertiaire, une postcombustion en mesure de r\u00e9duire drastiquement les \u00e9missions et donc de respecter les normes europ\u00e9ennes les plus s\u00e9v\u00e8res.<\/p>\n<p><span style=\"text-decoration: underline;\">Clean Glass Control<\/span> : Ce syst\u00e8me qui gr\u00e2ce \u00e0 un parcours sp\u00e9cifique d&rsquo;air pr\u00e9chauff\u00e9 \u00e9vite efficacement l&rsquo;encrassement de la vitre du foyer, son entretien est ainsi facilit\u00e9.<\/p>\n<p><strong>\u00c0 propos du fournisseur : <\/strong>La marque <strong>La Nordica<\/strong> est une marque italienne qui a \u00e9t\u00e9 cr\u00e9e en 1968. L\u2019entreprise propose des solutions de chauffage modernes et sophistiqu\u00e9es. Les produits<strong> La Nordica<\/strong> respectent l\u2019environnement avec de meilleurs rendements et de faibles \u00e9missions polluantes. Les po\u00eales, cuisini\u00e8res, inserts sont adapt\u00e9s \u00e0 tous les go\u00fbts et exigences.<\/p>\n<\/div>\n<p>&nbsp;<\/p>\n<div>\n<p><strong><u>Garantie<\/u>\u00a0:\u00a0<\/strong>Nous vous rappelons que pour la garantie, l&rsquo;installation doit \u00eatre conforme au mode d&#8217;emploi (pr\u00e9conisation du fabricant) et doit respecter les normes en vigueur du pays, pour la France DTU 24.1 ou 24.2.<br \/>\nDe plus, comme pour tous les po\u00eales \u00e0 granul\u00e9s, les appareils sont \u00e0 r\u00e9gler en fonction du tirage naturel de l&rsquo;installation choisie.<\/p>\n<p class=\"fiche-produit\">Les r\u00e9glages et la mise en service de ce produit doivent \u00eatre effectu\u00e9s par un professionnel agr\u00e9\u00e9 CAT La Nordica-Extraflame, le listing se trouve ici : https:\/\/www.lanordica-extraflame.com\/fr\/cat\/services-apres-vente.<br \/>\nPensez \u00e0 v\u00e9rifier la disponibilit\u00e9 d&rsquo;un professionnel pr\u00e8s de chez vous.<\/p>\n<\/div>\n<div class=\"row\" style=\"padding-top: 20px;\">\n<div class=\"col-xs-12 col-sm-12 col-md-12 col-lg-4\" style=\"text-align: center; padding: 15px 2px 25px 2px;\">Questions fr\u00e9quentes<\/div>\n<div class=\"col-xs-12 col-sm-12 col-md-12 col-lg-4\" style=\"text-align: center; padding: 15px 2px 25px 2px;\">Quelle puissance choisir ?<\/div>\n<div class=\"col-xs-12 col-sm-12 col-md-12 col-lg-4\" style=\"text-align: center; padding: 15px 2px 25px 2px;\">Livraison<\/div>\n<\/div>\n","protected":false},"excerpt":{"rendered":"<p id=\"product_reference\"><label>R\u00e9f\u00e9rence <\/label><br \/>\n<span class=\"editable\">23457689KJHG<\/span><\/p>\n<p id=\"product_condition\"><label>\u00c9tat : <\/label><br \/>\n<span class=\"editable\">Neuf<\/span><\/p>\n<p id=\"product_ean13\"><label>Ean13: <\/label><br \/>\n8022724116180<\/p>\n<div id=\"short_description_block\">\n<div id=\"short_description_content\" class=\"rte align_justify\">\n<ul>\n<li>Marque LA NORDICA<\/li>\n<li>Fabriqu\u00e9 en Italie<\/li>\n<li>Garantie 2 ans pi\u00e8ces<\/li>\n<li>Flamme Verte<\/li>\n<li>EcoDesign 2022<\/li>\n<li>Non \u00e9tanche : Zone 1<\/li>\n<\/ul>\n<p><strong><span style=\"color: #218e53;\">D\u00e9lai de livraison : 5 \u00e0 12 jours ouvr\u00e9s<\/span> <\/strong><\/p>\n<p><span style=\"text-decoration: underline;\"><strong>LIVRAISON GRATUITE<\/strong><\/span> (Partout en Europe)<\/p>\n<\/div>\n<\/div>\n","protected":false},"featured_media":9776,"comment_status":"open","ping_status":"closed","template":"","meta":[],"product_brand":[],"product_cat":[93,94],"product_tag":[],"class_list":{"0":"post-9660","1":"product","2":"type-product","3":"status-publish","4":"has-post-thumbnail","6":"product_cat-cuisinieres","7":"product_cat-cuisinieres-a-bois","9":"first","10":"instock","11":"sale","12":"purchasable","13":"product-type-simple"},"jetpack_sharing_enabled":true,"_links":{"self":[{"href":"https:\/\/troncybois.com\/index.php?rest_route=\/wp\/v2\/product\/9660","targetHints":{"allow":["GET"]}}],"collection":[{"href":"https:\/\/troncybois.com\/index.php?rest_route=\/wp\/v2\/product"}],"about":[{"href":"https:\/\/troncybois.com\/index.php?rest_route=\/wp\/v2\/types\/product"}],"replies":[{"embeddable":true,"href":"https:\/\/troncybois.com\/index.php?rest_route=%2Fwp%2Fv2%2Fcomments&post=9660"}],"version-history":[{"count":1,"href":"https:\/\/troncybois.com\/index.php?rest_route=\/wp\/v2\/product\/9660\/revisions"}],"predecessor-version":[{"id":9781,"href":"https:\/\/troncybois.com\/index.php?rest_route=\/wp\/v2\/product\/9660\/revisions\/9781"}],"wp:featuredmedia":[{"embeddable":true,"href":"https:\/\/troncybois.com\/index.php?rest_route=\/wp\/v2\/media\/9776"}],"wp:attachment":[{"href":"https:\/\/troncybois.com\/index.php?rest_route=%2Fwp%2Fv2%2Fmedia&parent=9660"}],"wp:term":[{"taxonomy":"product_brand","embeddable":true,"href":"https:\/\/troncybois.com\/index.php?rest_route=%2Fwp%2Fv2%2Fproduct_brand&post=9660"},{"taxonomy":"product_cat","embeddable":true,"href":"https:\/\/troncybois.com\/index.php?rest_route=%2Fwp%2Fv2%2Fproduct_cat&post=9660"},{"taxonomy":"product_tag","embeddable":true,"href":"https:\/\/troncybois.com\/index.php?rest_route=%2Fwp%2Fv2%2Fproduct_tag&post=9660"}],"curies":[{"name":"wp","href":"https:\/\/api.w.org\/{rel}","templated":true}]}}