{"id":9654,"date":"2023-05-30T13:15:18","date_gmt":"2023-05-30T11:15:18","guid":{"rendered":"https:\/\/antiquewhite-gerbil-448984.hostingersite.com\/?post_type=product&#038;p=9654"},"modified":"2024-05-30T22:39:50","modified_gmt":"2024-05-30T20:39:50","slug":"cuisiniere-a-bois-lincar-gaia-a-vl-8-kw","status":"publish","type":"product","link":"https:\/\/troncybois.com\/?product=cuisiniere-a-bois-lincar-gaia-a-vl-8-kw","title":{"rendered":"Cuisini\u00e8re \u00e0 bois &#8211; LINCAR Gaia A VL 8 kW"},"content":{"rendered":"<div class=\"fiche-produit\">\n<p><strong>La cuisini\u00e8re \u00e0 bois en rev\u00eatement c\u00e9ramique Gaia VL 7.3 kW <\/strong>de la marque<strong> LINCAR <\/strong>vous permets de cuisinier tout en chauffant jusqu&rsquo;\u00e0 200 m3.<\/p>\n<h2>Informations cl\u00e9s sur <strong>la <strong>Cuisini\u00e8re \u00e0 bois &#8211; LINCAR <\/strong>Gaia A VL 8 kW<\/strong><\/h2>\n<ul>\n<li>Rev\u00eatement en c\u00e9ramique<\/li>\n<li>Plaque en fonte \u00e9maill\u00e9e<\/li>\n<li>Poign\u00e9es chrom\u00e9es<\/li>\n<li>Grand compartiment porte-bois<\/li>\n<li>Vitroc\u00e9ramique<\/li>\n<li>Int\u00e9rieur du four en acier inox<\/li>\n<li>Foyer en vermiculite<\/li>\n<li>Capacit\u00e9 du four : 35 L<\/li>\n<li>Taille des b\u00fbches : 25 cm<\/li>\n<li>Sorties des fum\u00e9es : arri\u00e8re ou sup\u00e9rieur<\/li>\n<\/ul>\n<h2>Caract\u00e9ristiques techniques de la <strong>Cuisini\u00e8re \u00e0 bois &#8211; LINCAR\u00a0Gaia A VL 8 kW<\/strong><\/h2>\n<ul>\n<li><!--StartFragment-->Puissance br\u00fbl\u00e9e : 8 kW<\/li>\n<li>Puissance nominale :<!--StartFragment--> 7.3 kW<\/li>\n<li><!--EndFragment-->Rendement : 86 %<\/li>\n<li>Poids : 150 kg<\/li>\n<li>Volume de chauffe : 200 m3<\/li>\n<li>Classe \u00e9nerg\u00e9tique : A+<\/li>\n<li>Temp\u00e9rature maximal du four : 250 \u00b0C<\/li>\n<li>Diam\u00e8tre sortie des fum\u00e9es : 130 mm<\/li>\n<li>Dimensions : L 980 x P 670 x H 850 mm<\/li>\n<li>Ouverture du foyer : L 185 x H 195 mm<\/li>\n<li>Dimensions du four : L 350 x P 410 x H 248 mm<\/li>\n<li>Dimensions du foyer : L 225 x P 270 x H 390 mm<\/li>\n<\/ul>\n<h3>Sch\u00e9ma explicatif de la <strong>Cuisini\u00e8re \u00e0 bois &#8211; LINCAR Gaia A VL 8 kW<\/strong><strong><br \/>\n<\/strong><\/h3>\n<p><img fetchpriority=\"high\" decoding=\"async\" src=\"https:\/\/www.poelediscount.com\/img\/cms\/gaia%20149%20av01.png\" alt=\"\" width=\"1315\" height=\"298\" \/><\/p>\n<p><strong>A propos du fabricant :<\/strong> Depuis plus de 50 ans, la marque LINCAR r\u00e9alise des produits fiables, de haute technologie. Engag\u00e9e \u00e9cologiquement, cette marque vous propose une large gamme design avec des mat\u00e9riaux innovants, plus respectueux de l&rsquo;environnement en ayant comme point d&rsquo;honneur la s\u00e9curit\u00e9.<\/p>\n<\/div>\n<p>&nbsp;<\/p>\n<div>\n<p><strong><u>Garantie<\/u>\u00a0:\u00a0<\/strong>Nous vous rappelons que pour la garantie, l&rsquo;installation doit \u00eatre conforme au mode d&#8217;emploi (pr\u00e9conisation du fabricant) et doit respecter les normes en vigueur du pays, pour la France DTU 24.1 ou 24.2.<br \/>\nDe plus, comme pour tous les po\u00eales \u00e0 granul\u00e9s, les appareils sont \u00e0 r\u00e9gler en fonction du tirage naturel de l&rsquo;installation choisie.<\/p>\n<\/div>\n<div class=\"row\" style=\"padding-top: 20px;\">\n<div class=\"col-xs-12 col-sm-12 col-md-12 col-lg-4\" style=\"text-align: center; padding: 15px 2px 25px 2px;\">Questions fr\u00e9quentes<\/div>\n<div class=\"col-xs-12 col-sm-12 col-md-12 col-lg-4\" style=\"text-align: center; padding: 15px 2px 25px 2px;\">Quelle puissance choisir ?<\/div>\n<div class=\"col-xs-12 col-sm-12 col-md-12 col-lg-4\" style=\"text-align: center; padding: 15px 2px 25px 2px;\">Livraison<\/div>\n<\/div>\n","protected":false},"excerpt":{"rendered":"<p id=\"product_reference\"><label>R\u00e9f\u00e9rence <\/label><br \/>\n<span class=\"editable\">TYY786546789<\/span><\/p>\n<p id=\"product_condition\"><label>\u00c9tat : <\/label><br \/>\n<span class=\"editable\">Neuf<\/span><\/p>\n<div id=\"short_description_block\">\n<div id=\"short_description_content\" class=\"rte align_justify\">\n<ul>\n<li>Marque LINCAR<\/li>\n<li>Garantie 2 ans pi\u00e8ces<\/li>\n<li>Fabriqu\u00e9 en Italie<\/li>\n<li>EcoDesign 2022<\/li>\n<li>Non \u00e9tanche : Zone 1<\/li>\n<\/ul>\n<p><strong><span style=\"color: #218e53;\">D\u00e9lai de livraison : 5 \u00e0 12 jours ouvr\u00e9s<\/span> <\/strong><\/p>\n<p><span style=\"text-decoration: underline;\"><strong>LIVRAISON GRATUITE<\/strong><\/span> (Partout en Europe)<\/p>\n<\/div>\n<\/div>\n<div class=\"attribute_list\">\n<div id=\"uniform-group_2\" class=\"selector\" style=\"width: 191.667px;\"><\/div>\n<\/div>\n<p><!-- end attribute_list --><\/p>\n","protected":false},"featured_media":9732,"comment_status":"open","ping_status":"closed","template":"","meta":[],"product_brand":[],"product_cat":[93,94],"product_tag":[],"class_list":{"0":"post-9654","1":"product","2":"type-product","3":"status-publish","4":"has-post-thumbnail","6":"product_cat-cuisinieres","7":"product_cat-cuisinieres-a-bois","9":"first","10":"instock","11":"sale","12":"purchasable","13":"product-type-simple"},"jetpack_sharing_enabled":true,"_links":{"self":[{"href":"https:\/\/troncybois.com\/index.php?rest_route=\/wp\/v2\/product\/9654","targetHints":{"allow":["GET"]}}],"collection":[{"href":"https:\/\/troncybois.com\/index.php?rest_route=\/wp\/v2\/product"}],"about":[{"href":"https:\/\/troncybois.com\/index.php?rest_route=\/wp\/v2\/types\/product"}],"replies":[{"embeddable":true,"href":"https:\/\/troncybois.com\/index.php?rest_route=%2Fwp%2Fv2%2Fcomments&post=9654"}],"version-history":[{"count":1,"href":"https:\/\/troncybois.com\/index.php?rest_route=\/wp\/v2\/product\/9654\/revisions"}],"predecessor-version":[{"id":9736,"href":"https:\/\/troncybois.com\/index.php?rest_route=\/wp\/v2\/product\/9654\/revisions\/9736"}],"wp:featuredmedia":[{"embeddable":true,"href":"https:\/\/troncybois.com\/index.php?rest_route=\/wp\/v2\/media\/9732"}],"wp:attachment":[{"href":"https:\/\/troncybois.com\/index.php?rest_route=%2Fwp%2Fv2%2Fmedia&parent=9654"}],"wp:term":[{"taxonomy":"product_brand","embeddable":true,"href":"https:\/\/troncybois.com\/index.php?rest_route=%2Fwp%2Fv2%2Fproduct_brand&post=9654"},{"taxonomy":"product_cat","embeddable":true,"href":"https:\/\/troncybois.com\/index.php?rest_route=%2Fwp%2Fv2%2Fproduct_cat&post=9654"},{"taxonomy":"product_tag","embeddable":true,"href":"https:\/\/troncybois.com\/index.php?rest_route=%2Fwp%2Fv2%2Fproduct_tag&post=9654"}],"curies":[{"name":"wp","href":"https:\/\/api.w.org\/{rel}","templated":true}]}}