{"id":9387,"date":"2022-10-24T14:11:55","date_gmt":"2022-10-24T12:11:55","guid":{"rendered":"https:\/\/antiquewhite-gerbil-448984.hostingersite.com\/?post_type=product&#038;p=9387"},"modified":"2023-10-28T04:52:43","modified_gmt":"2023-10-28T02:52:43","slug":"pellet-enerbio-palette-de-77-sacs-de-15-kg-2","status":"publish","type":"product","link":"https:\/\/troncybois.com\/?product=pellet-enerbio-palette-de-77-sacs-de-15-kg-2","title":{"rendered":"PELLET ENERBIO &#8211; PALETTE DE 77 SACS DE 15 KG"},"content":{"rendered":"<p>Ces granul\u00e9s de bois sont de bonne qualit\u00e9 et r\u00e9pondent aux exigences les plus strictes des normes\u00a0<strong>DIN Plus et EN Plus A1<\/strong>.<\/p>\n<p>Ils conviendront parfaitement \u00e0 tous les syst\u00e8mes de chauffage aux pellets.<\/p>\n<p>L&rsquo;entreprise o\u00f9 sont produits ces granul\u00e9s est soucieuse de l&rsquo;environnement et poss\u00e8de les certifications\u00a0<strong>PEFC<\/strong>\u00a0(for\u00eats g\u00e9r\u00e9es durablement) et\u00a0<strong>CatForest<\/strong>\u00a0(for\u00eats de Catalogne)<\/p>\n<p>Ils ont un suivi quotidien sur la fabrication des granul\u00e9s.<\/p>\n<p>La palette est enti\u00e8rement recouverte d&rsquo;une b\u00e2che plastique qui prot\u00e8ge les granul\u00e9s contre l&rsquo;humidit\u00e9, le soleil et le froid.<\/p>\n<p><strong>Comment bien entretenir son po\u00eale \u00e0 pellet ?<\/strong><\/p>\n<p>Afin d&rsquo;assurer une longue vie \u00e0 votre chauffage, il faut un bon entretien aussi bien \u00e0 l&rsquo;int\u00e9rieur qu&rsquo;\u00e0 l&rsquo;ext\u00e9rieur :<\/p>\n<p>&#8211;\u00a0<strong>Vider les cendres<\/strong>\u00a0: \u00e0 faire tr\u00e8s r\u00e9guli\u00e8rement, \u00e0 l&rsquo;aide d&rsquo;un aspirateur \u00e0 cendres, il faut retirer les cendres du tiroir, aspirer les cendres de la chambre de combustion afin de d\u00e9gager les arriv\u00e9es d&rsquo;air.<\/p>\n<p>&#8211;\u00a0<strong>Nettoyer le br\u00fbleur<\/strong>\u00a0: \u00e0 faire r\u00e9guli\u00e8rement, pour \u00e9viter les probl\u00e8mes d&rsquo;allumage ou de temp\u00e9rature. Il faut \u00e9galement gratter les parois pour supprimer les d\u00e9p\u00f4ts de granul\u00e9s.<\/p>\n<p>&#8211;\u00a0<strong>Nettoyer la vitre<\/strong>\u00a0: \u00e0 faire au moins 1 fois par semaine, \u00e0 l&rsquo;aide d&rsquo;un chiffon humide tremp\u00e9 dans la cendre ou d&rsquo;un spray nettoyant sp\u00e9ciale po\u00eale.<\/p>\n<p>&#8211;\u00a0<strong>Ext\u00e9rieur du po\u00eale<\/strong>\u00a0: important car c&rsquo;est ce qui a de plus visible chez vous, comme un objet de d\u00e9coration, il faudra \u00e0 l&rsquo;aide d&rsquo;un chiffon humide frotter toute la surface pour \u00e9viter tout risque d&rsquo;obstruction des sorties de ventilation.<\/p>\n<p>&#8211;\u00a0<strong>Entretien annuel<\/strong>\u00a0: 1 fois par an par un professionnel certifi\u00e9 et 2 ramonages par an \u00e9galement effectu\u00e9 par un professionnel.<\/p>\n","protected":false},"excerpt":{"rendered":"<h3 class=\"h6\">Fiche technique<\/h3>\n<dl class=\"data-sheet\">\n<dt class=\"name\">Composition<\/dt>\n<dd class=\"value\">100% r\u00e9sineux<\/dd>\n<dt class=\"name\">Certificats<\/dt>\n<dd class=\"value\">DIN Plus, EN Plus A1, PEFC<\/dd>\n<dt class=\"name\">Conditionnement<\/dt>\n<dd class=\"value\">Palette<\/dd>\n<dt class=\"name\">Origine<\/dt>\n<dd class=\"value\">Espagne<\/dd>\n<\/dl>\n","protected":false},"featured_media":9412,"comment_status":"closed","ping_status":"closed","template":"","meta":[],"product_brand":[],"product_cat":[85],"product_tag":[],"class_list":{"0":"post-9387","1":"product","2":"type-product","3":"status-publish","4":"has-post-thumbnail","6":"product_cat-pellets","8":"first","9":"instock","10":"sale","11":"shipping-taxable","12":"purchasable","13":"product-type-simple"},"jetpack_sharing_enabled":true,"_links":{"self":[{"href":"https:\/\/troncybois.com\/index.php?rest_route=\/wp\/v2\/product\/9387","targetHints":{"allow":["GET"]}}],"collection":[{"href":"https:\/\/troncybois.com\/index.php?rest_route=\/wp\/v2\/product"}],"about":[{"href":"https:\/\/troncybois.com\/index.php?rest_route=\/wp\/v2\/types\/product"}],"replies":[{"embeddable":true,"href":"https:\/\/troncybois.com\/index.php?rest_route=%2Fwp%2Fv2%2Fcomments&post=9387"}],"version-history":[{"count":1,"href":"https:\/\/troncybois.com\/index.php?rest_route=\/wp\/v2\/product\/9387\/revisions"}],"predecessor-version":[{"id":9413,"href":"https:\/\/troncybois.com\/index.php?rest_route=\/wp\/v2\/product\/9387\/revisions\/9413"}],"wp:featuredmedia":[{"embeddable":true,"href":"https:\/\/troncybois.com\/index.php?rest_route=\/wp\/v2\/media\/9412"}],"wp:attachment":[{"href":"https:\/\/troncybois.com\/index.php?rest_route=%2Fwp%2Fv2%2Fmedia&parent=9387"}],"wp:term":[{"taxonomy":"product_brand","embeddable":true,"href":"https:\/\/troncybois.com\/index.php?rest_route=%2Fwp%2Fv2%2Fproduct_brand&post=9387"},{"taxonomy":"product_cat","embeddable":true,"href":"https:\/\/troncybois.com\/index.php?rest_route=%2Fwp%2Fv2%2Fproduct_cat&post=9387"},{"taxonomy":"product_tag","embeddable":true,"href":"https:\/\/troncybois.com\/index.php?rest_route=%2Fwp%2Fv2%2Fproduct_tag&post=9387"}],"curies":[{"name":"wp","href":"https:\/\/api.w.org\/{rel}","templated":true}]}}