{"id":9385,"date":"2022-10-24T14:11:55","date_gmt":"2022-10-24T12:11:55","guid":{"rendered":"https:\/\/antiquewhite-gerbil-448984.hostingersite.com\/?post_type=product&#038;p=9385"},"modified":"2024-05-29T23:00:54","modified_gmt":"2024-05-29T21:00:54","slug":"pellet-olczyk-palette-de-70-sacs-de-15-kg-2","status":"publish","type":"product","link":"https:\/\/troncybois.com\/?product=pellet-olczyk-palette-de-70-sacs-de-15-kg-2","title":{"rendered":"PELLET OLCZYK &#8211; PALETTE DE 70 SACS DE 15 KG"},"content":{"rendered":"<p>Ce pellet est fabriqu\u00e9 dans une scierie de Pologne poss\u00e9dant plus de 40 ans d&rsquo;exp\u00e9rience dans la fili\u00e8re bois.<\/p>\n<p>Gr\u00e2ce \u00e0 un pouvoir calorifique de 4,6 kWh\/kg, vous obtiendrez une chaleur constante et avec de faibles taux en cendres, poussi\u00e8res et humidit\u00e9, vous n&rsquo;encrasserez pas votre po\u00eale.<\/p>\n<p>Cette entreprise a fait le choix de r\u00e9cup\u00e9rer leurs sciures de pin (r\u00e9sineux) afin de fabriquer des granul\u00e9s de bois 100 % naturels tout en respectant des normes strictes.<\/p>\n<p>En utilisant leurs propres sciures, vous avez la garantie d&rsquo;avoir une qualit\u00e9 constante.<\/p>\n<p>En choisissant ce pellet, vous faites le choix de chauffer votre maison \u00e9cologiquement.<\/p>\n<p><strong>Pourquoi se chauffer aux granul\u00e9s de bois?<\/strong><\/p>\n<p>Les granul\u00e9s de bois chauffent tr\u00e8s fort gr\u00e2ce \u00e0 un fort pouvoir calorifique compris entre 4,6 kWh\/kg et 5 kWh\/kg et sont ultra sec avec un taux d&rsquo;humidit\u00e9 inf\u00e9rieur \u00e0 10%.<\/p>\n<p>En g\u00e9n\u00e9ral, les appareils fonctionnant aux granul\u00e9s de bois sont faciles d&rsquo;utilisation et autonomes. Vous avez en g\u00e9n\u00e9ral entre 4 \u00e0 6 programmes diff\u00e9rents et vous pouvez pr\u00e9voir des plages horaires pour chauffer votre maison au meilleur moment.<\/p>\n<p>Vous b\u00e9n\u00e9ficierez d&rsquo;un bon retour sur investissement, vous ferez des \u00e9conomies sur les factures d&rsquo;\u00e9nergie et pourrez obtenir de nombreuses aides de l&rsquo;Etat.<\/p>\n<p>Les po\u00eales sont de plus en plus modernes avec de nombreux design diff\u00e9rents. Vous trouverez facilement votre bonheur en fonction de votre d\u00e9coration int\u00e9rieur.<\/p>\n<p>&nbsp;<\/p>\n","protected":false},"excerpt":{"rendered":"<h3 class=\"h6\">Fiche technique<\/h3>\n<dl class=\"data-sheet\">\n<dt class=\"name\">Composition<\/dt>\n<dd class=\"value\">100% r\u00e9sineux<\/dd>\n<dt class=\"name\">Certificats<\/dt>\n<dd class=\"value\">DIN Plus, EN Plus A1<\/dd>\n<dt class=\"name\">Pouvoir Calorifique<\/dt>\n<dd class=\"value\">Sup\u00e9rieur 4,6 kWh\/kg<\/dd>\n<dt class=\"name\">Taux D&rsquo;humidit\u00e9<\/dt>\n<dd class=\"value\">Inf\u00e9rieur \u00e0 10%<\/dd>\n<dt class=\"name\">Taux De Cendres<\/dt>\n<dd class=\"value\">Inf\u00e9rieur \u00e0 0,7 %<\/dd>\n<dt class=\"name\">Diam\u00e8tre<\/dt>\n<dd class=\"value\">6 mm<\/dd>\n<dt class=\"name\">Conditionnement<\/dt>\n<dd class=\"value\">Palette<\/dd>\n<dt class=\"name\">Origine<\/dt>\n<dd class=\"value\">Pologne<\/dd>\n<\/dl>\n","protected":false},"featured_media":9408,"comment_status":"closed","ping_status":"closed","template":"","meta":[],"product_brand":[],"product_cat":[85],"product_tag":[],"class_list":{"0":"post-9385","1":"product","2":"type-product","3":"status-publish","4":"has-post-thumbnail","6":"product_cat-pellets","8":"first","9":"instock","10":"sale","11":"shipping-taxable","12":"purchasable","13":"product-type-simple"},"jetpack_sharing_enabled":true,"_links":{"self":[{"href":"https:\/\/troncybois.com\/index.php?rest_route=\/wp\/v2\/product\/9385","targetHints":{"allow":["GET"]}}],"collection":[{"href":"https:\/\/troncybois.com\/index.php?rest_route=\/wp\/v2\/product"}],"about":[{"href":"https:\/\/troncybois.com\/index.php?rest_route=\/wp\/v2\/types\/product"}],"replies":[{"embeddable":true,"href":"https:\/\/troncybois.com\/index.php?rest_route=%2Fwp%2Fv2%2Fcomments&post=9385"}],"version-history":[{"count":1,"href":"https:\/\/troncybois.com\/index.php?rest_route=\/wp\/v2\/product\/9385\/revisions"}],"predecessor-version":[{"id":9409,"href":"https:\/\/troncybois.com\/index.php?rest_route=\/wp\/v2\/product\/9385\/revisions\/9409"}],"wp:featuredmedia":[{"embeddable":true,"href":"https:\/\/troncybois.com\/index.php?rest_route=\/wp\/v2\/media\/9408"}],"wp:attachment":[{"href":"https:\/\/troncybois.com\/index.php?rest_route=%2Fwp%2Fv2%2Fmedia&parent=9385"}],"wp:term":[{"taxonomy":"product_brand","embeddable":true,"href":"https:\/\/troncybois.com\/index.php?rest_route=%2Fwp%2Fv2%2Fproduct_brand&post=9385"},{"taxonomy":"product_cat","embeddable":true,"href":"https:\/\/troncybois.com\/index.php?rest_route=%2Fwp%2Fv2%2Fproduct_cat&post=9385"},{"taxonomy":"product_tag","embeddable":true,"href":"https:\/\/troncybois.com\/index.php?rest_route=%2Fwp%2Fv2%2Fproduct_tag&post=9385"}],"curies":[{"name":"wp","href":"https:\/\/api.w.org\/{rel}","templated":true}]}}