{"id":9381,"date":"2022-10-24T14:11:55","date_gmt":"2022-10-24T12:11:55","guid":{"rendered":"https:\/\/antiquewhite-gerbil-448984.hostingersite.com\/?post_type=product&#038;p=9381"},"modified":"2024-05-29T22:56:04","modified_gmt":"2024-05-29T20:56:04","slug":"pellet-badger-palette-de-65-sacs-de-15-kg-2","status":"publish","type":"product","link":"https:\/\/troncybois.com\/?product=pellet-badger-palette-de-65-sacs-de-15-kg-2","title":{"rendered":"PELLET BADGER &#8211; PALETTE DE 65 SACS DE 15 KG"},"content":{"rendered":"<p>Les granul\u00e9s de bois Badger de fabrication Belge, de qualit\u00e9 constante, bois issus de r\u00e9sineux de for\u00eats g\u00e9r\u00e9es durablement, soucieux de l&rsquo;environnement.<\/p>\n<p>Ces pellets sont 100 % naturels, sans colle ni additif et respectent les exigences des normes DIN Plus et EN Plus.<\/p>\n<p>Avec des contr\u00f4les r\u00e9guliers, allant du processus de fabrication, de l&rsquo;approvisionnement de la mati\u00e8re premi\u00e8re \u00e0 la confection.<\/p>\n<p>Vous avez la garantie d&rsquo;acheter un pellet de qualit\u00e9, hautement performant, qui conviendra \u00e0 votre syst\u00e8me de chauffage sans l&rsquo;encrasser.<\/p>\n<p>Ces sacs sont constitu\u00e9s de papier recycl\u00e9s et facilement recyclables. Il est donc plus facile de les jeter dans votre poubelle \u00e0 papier.<\/p>\n<p>En choisissant ce pellet, vous serez garantis d&rsquo;avoir un pellet haut de gamme, de bonne qualit\u00e9, tr\u00e8s connu sur le march\u00e9 depuis plus de 10 ans.<\/p>\n","protected":false},"excerpt":{"rendered":"<h3 class=\"h6\">Fiche technique<\/h3>\n<dl class=\"data-sheet\">\n<dt class=\"name\">Composition<\/dt>\n<dd class=\"value\">100 % r\u00e9sineux<\/dd>\n<dt class=\"name\">Certificats<\/dt>\n<dd class=\"value\">DIN Plus, EN Plus A1<\/dd>\n<dt class=\"name\">Pouvoir Calorifique<\/dt>\n<dd class=\"value\">Sup\u00e9rieur \u00e0 4,6 kWh\/kg<\/dd>\n<dt class=\"name\">Taux D&rsquo;humidit\u00e9<\/dt>\n<dd class=\"value\">Inf\u00e9rieur \u00e0 10 %<\/dd>\n<dt class=\"name\">Taux De Cendres<\/dt>\n<dd class=\"value\">Inf\u00e9rieur \u00e0 0,7 %<\/dd>\n<dt class=\"name\">Taux De Poussi\u00e8re<\/dt>\n<dd class=\"value\">Inf\u00e9rieur \u00e0 0,5 %<\/dd>\n<dt class=\"name\">Diam\u00e8tre<\/dt>\n<dd class=\"value\">6 mm<\/dd>\n<dt class=\"name\">Conditionnement<\/dt>\n<dd class=\"value\">Palette<\/dd>\n<dt class=\"name\">Origine<\/dt>\n<dd class=\"value\">Belgique<\/dd>\n<\/dl>\n","protected":false},"featured_media":9400,"comment_status":"closed","ping_status":"closed","template":"","meta":[],"product_brand":[],"product_cat":[86],"product_tag":[],"class_list":{"0":"post-9381","1":"product","2":"type-product","3":"status-publish","4":"has-post-thumbnail","6":"product_cat-palette-de-briquettes","8":"first","9":"instock","10":"sale","11":"shipping-taxable","12":"purchasable","13":"product-type-simple"},"jetpack_sharing_enabled":true,"_links":{"self":[{"href":"https:\/\/troncybois.com\/index.php?rest_route=\/wp\/v2\/product\/9381","targetHints":{"allow":["GET"]}}],"collection":[{"href":"https:\/\/troncybois.com\/index.php?rest_route=\/wp\/v2\/product"}],"about":[{"href":"https:\/\/troncybois.com\/index.php?rest_route=\/wp\/v2\/types\/product"}],"replies":[{"embeddable":true,"href":"https:\/\/troncybois.com\/index.php?rest_route=%2Fwp%2Fv2%2Fcomments&post=9381"}],"version-history":[{"count":1,"href":"https:\/\/troncybois.com\/index.php?rest_route=\/wp\/v2\/product\/9381\/revisions"}],"predecessor-version":[{"id":9401,"href":"https:\/\/troncybois.com\/index.php?rest_route=\/wp\/v2\/product\/9381\/revisions\/9401"}],"wp:featuredmedia":[{"embeddable":true,"href":"https:\/\/troncybois.com\/index.php?rest_route=\/wp\/v2\/media\/9400"}],"wp:attachment":[{"href":"https:\/\/troncybois.com\/index.php?rest_route=%2Fwp%2Fv2%2Fmedia&parent=9381"}],"wp:term":[{"taxonomy":"product_brand","embeddable":true,"href":"https:\/\/troncybois.com\/index.php?rest_route=%2Fwp%2Fv2%2Fproduct_brand&post=9381"},{"taxonomy":"product_cat","embeddable":true,"href":"https:\/\/troncybois.com\/index.php?rest_route=%2Fwp%2Fv2%2Fproduct_cat&post=9381"},{"taxonomy":"product_tag","embeddable":true,"href":"https:\/\/troncybois.com\/index.php?rest_route=%2Fwp%2Fv2%2Fproduct_tag&post=9381"}],"curies":[{"name":"wp","href":"https:\/\/api.w.org\/{rel}","templated":true}]}}