{"id":9378,"date":"2022-10-24T14:11:55","date_gmt":"2022-10-24T12:11:55","guid":{"rendered":"https:\/\/antiquewhite-gerbil-448984.hostingersite.com\/?post_type=product&#038;p=9378"},"modified":"2024-05-30T22:42:18","modified_gmt":"2024-05-30T20:42:18","slug":"pellet-verba-palette-de-70-sacs-de-15-kg-2","status":"publish","type":"product","link":"https:\/\/troncybois.com\/?product=pellet-verba-palette-de-70-sacs-de-15-kg-2","title":{"rendered":"PELLET VERBA &#8211; PALETTE DE 70 SACS DE 15 KG"},"content":{"rendered":"<p>Un granul\u00e9 de bois 100 % pin de bonne qualit\u00e9 et certifi\u00e9 EN Plus A1.<\/p>\n<p>Il est de qualit\u00e9 standard permettant de fonctionner avec tous les syst\u00e8mes de po\u00eale \u00e0 granul\u00e9s.<\/p>\n<p>Il poss\u00e8de des faibles taux en cendres et humidit\u00e9 et un bon pouvoir calorifique pour une chaleur constante et une combustion propre.<\/p>\n<p><strong>Certification EN Plus A1 :<\/strong><\/p>\n<p>Cette certification a pour but de contr\u00f4ler toute la cha\u00eene logistique des granul\u00e9s, de la fabrication jusqu&rsquo;\u00e0 la livraison.<\/p>\n<p>Pour qu&rsquo;un granul\u00e9 soit certifi\u00e9\u00a0<strong>EN Plus A1<\/strong>, il faut qu&rsquo;il r\u00e9ponde \u00e0 des sp\u00e9cifications comme la longueur, le diam\u00e8tre, la durabilit\u00e9 m\u00e9canique, le pourcentage de poussi\u00e8res et la densit\u00e9.<\/p>\n<p>Mais aussi, la teneur en cendres, en humidit\u00e9, le pouvoir calorifique et le pourcentage d&rsquo;additifs.<\/p>\n<p>Gr\u00e2ce \u00e0 cette certification, vous savez que le granul\u00e9 conviendra parfaitement \u00e0 votre syst\u00e8me de chauffage sans probl\u00e8me.<\/p>\n","protected":false},"excerpt":{"rendered":"<h3 class=\"h6\">Fiche technique<\/h3>\n<dl class=\"data-sheet\">\n<dt class=\"name\">Composition<\/dt>\n<dd class=\"value\">100% r\u00e9sineux<\/dd>\n<dt class=\"name\">Certificats<\/dt>\n<dd class=\"value\">EN Plus A1<\/dd>\n<dt class=\"name\">Pouvoir Calorifique<\/dt>\n<dd class=\"value\">Sup\u00e9rieur \u00e0 4.6 kWh\/kg<\/dd>\n<dt class=\"name\">Taux D&rsquo;humidit\u00e9<\/dt>\n<dd class=\"value\">Inf\u00e9rieur \u00e0 10%<\/dd>\n<dt class=\"name\">Taux De Cendres<\/dt>\n<dd class=\"value\">Inf\u00e9rieur \u00e0 0.7%<\/dd>\n<dt class=\"name\">Conditionnement<\/dt>\n<dd class=\"value\">Palette<\/dd>\n<dt class=\"name\">Origine<\/dt>\n<dd class=\"value\">Ukraine<\/dd>\n<\/dl>\n","protected":false},"featured_media":9394,"comment_status":"closed","ping_status":"closed","template":"","meta":[],"product_brand":[],"product_cat":[85],"product_tag":[],"class_list":{"0":"post-9378","1":"product","2":"type-product","3":"status-publish","4":"has-post-thumbnail","6":"product_cat-pellets","8":"first","9":"instock","10":"sale","11":"shipping-taxable","12":"purchasable","13":"product-type-simple"},"jetpack_sharing_enabled":true,"_links":{"self":[{"href":"https:\/\/troncybois.com\/index.php?rest_route=\/wp\/v2\/product\/9378","targetHints":{"allow":["GET"]}}],"collection":[{"href":"https:\/\/troncybois.com\/index.php?rest_route=\/wp\/v2\/product"}],"about":[{"href":"https:\/\/troncybois.com\/index.php?rest_route=\/wp\/v2\/types\/product"}],"replies":[{"embeddable":true,"href":"https:\/\/troncybois.com\/index.php?rest_route=%2Fwp%2Fv2%2Fcomments&post=9378"}],"version-history":[{"count":1,"href":"https:\/\/troncybois.com\/index.php?rest_route=\/wp\/v2\/product\/9378\/revisions"}],"predecessor-version":[{"id":9395,"href":"https:\/\/troncybois.com\/index.php?rest_route=\/wp\/v2\/product\/9378\/revisions\/9395"}],"wp:featuredmedia":[{"embeddable":true,"href":"https:\/\/troncybois.com\/index.php?rest_route=\/wp\/v2\/media\/9394"}],"wp:attachment":[{"href":"https:\/\/troncybois.com\/index.php?rest_route=%2Fwp%2Fv2%2Fmedia&parent=9378"}],"wp:term":[{"taxonomy":"product_brand","embeddable":true,"href":"https:\/\/troncybois.com\/index.php?rest_route=%2Fwp%2Fv2%2Fproduct_brand&post=9378"},{"taxonomy":"product_cat","embeddable":true,"href":"https:\/\/troncybois.com\/index.php?rest_route=%2Fwp%2Fv2%2Fproduct_cat&post=9378"},{"taxonomy":"product_tag","embeddable":true,"href":"https:\/\/troncybois.com\/index.php?rest_route=%2Fwp%2Fv2%2Fproduct_tag&post=9378"}],"curies":[{"name":"wp","href":"https:\/\/api.w.org\/{rel}","templated":true}]}}