{"id":9333,"date":"2022-10-24T14:11:40","date_gmt":"2022-10-24T12:11:40","guid":{"rendered":"https:\/\/antiquewhite-gerbil-448984.hostingersite.com\/?post_type=product&#038;p=9333"},"modified":"2024-05-29T23:12:26","modified_gmt":"2024-05-29T21:12:26","slug":"pellet-ardenforest-palette-de-70-sacs-de-15-kg-2","status":"publish","type":"product","link":"https:\/\/troncybois.com\/?product=pellet-ardenforest-palette-de-70-sacs-de-15-kg-2","title":{"rendered":"PELLET ARDENFOREST &#8211; PALETTE DE 70 SACS DE 15 KG"},"content":{"rendered":"<p>Les pellets de bois Ardenforest sont certifi\u00e9s DIN Plus, fabriqu\u00e9s en Champagne Ardenne avec un m\u00e9lange de bois r\u00e9sineux et feuillus, avec un fort pouvoir calorifique.<\/p>\n<p>Ces pellets sont de bonne qualit\u00e9 et conviennent parfaitement \u00e0 tous les syst\u00e8mes de chauffage \u00e0 pellet comme les po\u00eales, les inserts et les chaudi\u00e8res.<\/p>\n<p>Le 100 % r\u00e9sineux n&rsquo;est pas une obligation, n&rsquo;h\u00e9sitez plus, testez le m\u00e9lange de bois. Il n&rsquo;encrassera pas votre chauffage mais vous offrira une chaleur constante et une mont\u00e9e rapide en temp\u00e9rature.<\/p>\n<p>Et oui, il est possible de se chauffer avec un pellet qui n&rsquo;est pas 100 % r\u00e9sineux !!<\/p>\n<p><strong>Un m\u00e9lange de feuillus avec du r\u00e9sineux<\/strong>\u00a0permet d&rsquo;obtenir une colle naturelle sur les pellets pour ne pas qu&rsquo;ils se cassent lors de la compression et du voyage vers la vis sans fin.<\/p>\n<p>L&rsquo;origine du bois est tr\u00e8s importante pour l&rsquo;environnement, plus vous choisissez un pellet proche de chez vous et moins il y aura de CO2.<\/p>\n<p>Pour avoir un bon pellet, il faut avoir un taux d&rsquo;humidit\u00e9 &lt; 10%, un taux de cendre &lt; 0,7%, un taux de poussi\u00e8res &lt; 0,5 % et un pouvoir calorique &gt; 4,6 kWh\/kg.<\/p>\n","protected":false},"excerpt":{"rendered":"<h3 class=\"h6\">Fiche technique<\/h3>\n<dl class=\"data-sheet\">\n<dt class=\"name\">Composition<\/dt>\n<dd class=\"value\">R\u00e9sineux et feuillus<\/dd>\n<dt class=\"name\">Certificats<\/dt>\n<dd class=\"value\">DIN Plus, PEFC<\/dd>\n<dt class=\"name\">Pouvoir Calorifique<\/dt>\n<dd class=\"value\">Sup\u00e9rieur \u00e0 5 kWh\/kg<\/dd>\n<dt class=\"name\">Taux D&rsquo;humidit\u00e9<\/dt>\n<dd class=\"value\">Inf\u00e9rieur \u00e0 10 %<\/dd>\n<dt class=\"name\">Taux De Cendres<\/dt>\n<dd class=\"value\">Inf\u00e9rieur \u00e0 0,7 %<\/dd>\n<dt class=\"name\">Taux De Poussi\u00e8re<\/dt>\n<dd class=\"value\">Inf\u00e9rieur \u00e0 0,5 %<\/dd>\n<dt class=\"name\">Diam\u00e8tre<\/dt>\n<dd class=\"value\">6 mm<\/dd>\n<dt class=\"name\">Conditionnement<\/dt>\n<dd class=\"value\">Palette<\/dd>\n<dt class=\"name\">Origine<\/dt>\n<dd class=\"value\">France<\/dd>\n<\/dl>\n","protected":false},"featured_media":9372,"comment_status":"closed","ping_status":"closed","template":"","meta":[],"product_brand":[],"product_cat":[85],"product_tag":[],"class_list":{"0":"post-9333","1":"product","2":"type-product","3":"status-publish","4":"has-post-thumbnail","6":"product_cat-pellets","8":"first","9":"instock","10":"featured","11":"shipping-taxable","12":"purchasable","13":"product-type-simple"},"jetpack_sharing_enabled":true,"_links":{"self":[{"href":"https:\/\/troncybois.com\/index.php?rest_route=\/wp\/v2\/product\/9333","targetHints":{"allow":["GET"]}}],"collection":[{"href":"https:\/\/troncybois.com\/index.php?rest_route=\/wp\/v2\/product"}],"about":[{"href":"https:\/\/troncybois.com\/index.php?rest_route=\/wp\/v2\/types\/product"}],"replies":[{"embeddable":true,"href":"https:\/\/troncybois.com\/index.php?rest_route=%2Fwp%2Fv2%2Fcomments&post=9333"}],"version-history":[{"count":1,"href":"https:\/\/troncybois.com\/index.php?rest_route=\/wp\/v2\/product\/9333\/revisions"}],"predecessor-version":[{"id":9373,"href":"https:\/\/troncybois.com\/index.php?rest_route=\/wp\/v2\/product\/9333\/revisions\/9373"}],"wp:featuredmedia":[{"embeddable":true,"href":"https:\/\/troncybois.com\/index.php?rest_route=\/wp\/v2\/media\/9372"}],"wp:attachment":[{"href":"https:\/\/troncybois.com\/index.php?rest_route=%2Fwp%2Fv2%2Fmedia&parent=9333"}],"wp:term":[{"taxonomy":"product_brand","embeddable":true,"href":"https:\/\/troncybois.com\/index.php?rest_route=%2Fwp%2Fv2%2Fproduct_brand&post=9333"},{"taxonomy":"product_cat","embeddable":true,"href":"https:\/\/troncybois.com\/index.php?rest_route=%2Fwp%2Fv2%2Fproduct_cat&post=9333"},{"taxonomy":"product_tag","embeddable":true,"href":"https:\/\/troncybois.com\/index.php?rest_route=%2Fwp%2Fv2%2Fproduct_tag&post=9333"}],"curies":[{"name":"wp","href":"https:\/\/api.w.org\/{rel}","templated":true}]}}