{"id":9331,"date":"2022-10-24T14:11:40","date_gmt":"2022-10-24T12:11:40","guid":{"rendered":"https:\/\/antiquewhite-gerbil-448984.hostingersite.com\/?post_type=product&#038;p=9331"},"modified":"2024-05-29T23:09:35","modified_gmt":"2024-05-29T21:09:35","slug":"pellet-solaris-palette-de-65-sacs-de-15-kg","status":"publish","type":"product","link":"https:\/\/troncybois.com\/?product=pellet-solaris-palette-de-65-sacs-de-15-kg","title":{"rendered":"PELLET SOLARIS &#8211; PALETTE DE 65 SACS DE 15 KG"},"content":{"rendered":"<p>Les pellets de bois de marque SOLARIS sont issus de bois r\u00e9sineux 100 % naturel, sans additif.<\/p>\n<p>Avec un pouvoir calorifique sup\u00e9rieur \u00e0 4.6 kWh\/KG, vous obtiendrez une chaleur constante dans votre foyer.<\/p>\n<p>Il poss\u00e8de des taux en cendres, poussi\u00e8res et humidit\u00e9 respectant les normes DIN Plus, ce qui encrassera moins votre po\u00eale.<\/p>\n<p>Fabriqu\u00e9s en scierie moderne, avec une ma\u00eetrise impeccable et un contr\u00f4le r\u00e9gulier de la mati\u00e8re premi\u00e8re.<\/p>\n<p>Un pellet certifi\u00e9 est une garantie de qualit\u00e9 pour l&rsquo;utilisateur.<\/p>\n<p><strong>Quelles sont les diff\u00e9rentes certifications des granul\u00e9s?<\/strong><\/p>\n<p>Vous ne rencontrerez pas de probl\u00e8mes si vous utilisez des granul\u00e9s avec les certifications ci-dessous :\u00a0<em>(nous vous rappelons que selon les r\u00e9glages de votre po\u00eale, une marque fonctionnera mieux qu&rsquo;une autre, il faudra essayer de trouver les caract\u00e9ristiques les plus proches)<\/em><\/p>\n<p><strong>DIN Plus<\/strong>\u00a0: certification Allemande<\/p>\n<p><strong>EN Plus A1<\/strong>\u00a0: certification Europ\u00e9enne<\/p>\n<p><strong>NF<\/strong>\u00a0: certification Fran\u00e7aise<\/p>\n<p><strong>Ces 3 certifications<\/strong>\u00a0sont dans l&rsquo;obligation de respecter des points stricts sur la fabrication des granul\u00e9s : entreposage et origine des mati\u00e8res premi\u00e8res.<\/p>\n<p>Acheter un produit certifi\u00e9 est la garantie pour vous d&rsquo;avoir une bonne qualit\u00e9 mais aussi d&rsquo;assurer une longue vie \u00e0 votre appareil de chauffage.<\/p>\n","protected":false},"excerpt":{"rendered":"<h5 class=\"h6\">La livraison se fait\u00a0jusque dans le lieu de stockage du produit \u00e0 l&rsquo;endroit voulu et le d\u00e9lai de la livraison est comprise entre 1 \u00e0 10 jours.<\/h5>\n<h3 class=\"h6\">Fiche technique<\/h3>\n<dl class=\"data-sheet\">\n<dt class=\"name\">Composition<\/dt>\n<dd class=\"value\">100% r\u00e9sineux<\/dd>\n<dt class=\"name\">Certificats<\/dt>\n<dd class=\"value\">DIN Plus et EN Plus A1<\/dd>\n<dt class=\"name\">Pouvoir Calorifique<\/dt>\n<dd class=\"value\">sup\u00e9rieur \u00e0 4,6 kWh\/kg<\/dd>\n<dt class=\"name\">Taux D&rsquo;humidit\u00e9<\/dt>\n<dd class=\"value\">inf\u00e9rieur \u00e0 10%<\/dd>\n<dt class=\"name\">Taux De Cendres<\/dt>\n<dd class=\"value\">inf\u00e9rieur \u00e0 0,7 %<\/dd>\n<dt class=\"name\">Taux De Poussi\u00e8re<\/dt>\n<dd class=\"value\">inf\u00e9rieur \u00e0 0,5 %<\/dd>\n<dt class=\"name\">Essence<\/dt>\n<dd class=\"value\">R\u00e9sineuses<\/dd>\n<dt class=\"name\">Longueur<\/dt>\n<dd class=\"value\">3,15 &#8211; 40 mm<\/dd>\n<dt class=\"name\">Diam\u00e8tre<\/dt>\n<dd class=\"value\">6 mm (+\/- 1 mm)<\/dd>\n<dt class=\"name\">Conditionnement<\/dt>\n<dd class=\"value\">Palette<\/dd>\n<dt class=\"name\">Origine<\/dt>\n<dd class=\"value\">Belgique<\/dd>\n<\/dl>\n","protected":false},"featured_media":9368,"comment_status":"closed","ping_status":"closed","template":"","meta":[],"product_brand":[],"product_cat":[85],"product_tag":[],"class_list":{"0":"post-9331","1":"product","2":"type-product","3":"status-publish","4":"has-post-thumbnail","6":"product_cat-pellets","8":"first","9":"instock","10":"shipping-taxable","11":"purchasable","12":"product-type-simple"},"jetpack_sharing_enabled":true,"_links":{"self":[{"href":"https:\/\/troncybois.com\/index.php?rest_route=\/wp\/v2\/product\/9331","targetHints":{"allow":["GET"]}}],"collection":[{"href":"https:\/\/troncybois.com\/index.php?rest_route=\/wp\/v2\/product"}],"about":[{"href":"https:\/\/troncybois.com\/index.php?rest_route=\/wp\/v2\/types\/product"}],"replies":[{"embeddable":true,"href":"https:\/\/troncybois.com\/index.php?rest_route=%2Fwp%2Fv2%2Fcomments&post=9331"}],"version-history":[{"count":1,"href":"https:\/\/troncybois.com\/index.php?rest_route=\/wp\/v2\/product\/9331\/revisions"}],"predecessor-version":[{"id":9369,"href":"https:\/\/troncybois.com\/index.php?rest_route=\/wp\/v2\/product\/9331\/revisions\/9369"}],"wp:featuredmedia":[{"embeddable":true,"href":"https:\/\/troncybois.com\/index.php?rest_route=\/wp\/v2\/media\/9368"}],"wp:attachment":[{"href":"https:\/\/troncybois.com\/index.php?rest_route=%2Fwp%2Fv2%2Fmedia&parent=9331"}],"wp:term":[{"taxonomy":"product_brand","embeddable":true,"href":"https:\/\/troncybois.com\/index.php?rest_route=%2Fwp%2Fv2%2Fproduct_brand&post=9331"},{"taxonomy":"product_cat","embeddable":true,"href":"https:\/\/troncybois.com\/index.php?rest_route=%2Fwp%2Fv2%2Fproduct_cat&post=9331"},{"taxonomy":"product_tag","embeddable":true,"href":"https:\/\/troncybois.com\/index.php?rest_route=%2Fwp%2Fv2%2Fproduct_tag&post=9331"}],"curies":[{"name":"wp","href":"https:\/\/api.w.org\/{rel}","templated":true}]}}