{"id":9329,"date":"2022-10-24T14:11:40","date_gmt":"2022-10-24T12:11:40","guid":{"rendered":"https:\/\/antiquewhite-gerbil-448984.hostingersite.com\/?post_type=product&#038;p=9329"},"modified":"2026-01-06T22:37:58","modified_gmt":"2026-01-06T21:37:58","slug":"pellet-agricola-palette-de-70-sacs-de-15-kg","status":"publish","type":"product","link":"https:\/\/troncybois.com\/?product=pellet-agricola-palette-de-70-sacs-de-15-kg","title":{"rendered":"PELLET AGRICOLA &#8211; PALETTE DE 70 SACS DE 15 KG"},"content":{"rendered":"<p>Ces granul\u00e9s de bois sont compos\u00e9s de sciures d&rsquo;\u00e9pic\u00e9a provenant de for\u00eats locales des Alpes Autrichiennes.<\/p>\n<p>Ils sont de bonne qualit\u00e9 avec un bon pouvoir calorifique et faibles taux en cendres, poussi\u00e8res et humidit\u00e9.<\/p>\n<p>Ils conviendront parfaitement \u00e0 tous les syst\u00e8mes de chauffage aux granul\u00e9s.<\/p>\n<p>Ces pellets sont tr\u00e8s connus en Europe.<\/p>\n<p>Nous vous rappelons que les pellets sont \u00e0 stocker imp\u00e9rativement \u00e0 l&rsquo;abri de l&rsquo;humidit\u00e9.<\/p>\n<p><strong>Composition des granul\u00e9s :<\/strong><\/p>\n<p>Les pellets de bois valorisent les d\u00e9chets de l&rsquo;industrie bois, ils sont compos\u00e9s de sciures et copeaux.<\/p>\n<p>Vous trouverez sur le march\u00e9 des pellets \u00e0 base de :<\/p>\n<p>&#8211; 100 % r\u00e9sineux<\/p>\n<p>&#8211; 100 % feuillus<\/p>\n<p>&#8211; m\u00e9lange feuillus r\u00e9sineux<\/p>\n<p>Contrairement au bois traditionnel, le r\u00e9sineux est recommand\u00e9 pour les granul\u00e9s de bois car une fois s\u00e9ch\u00e9, il aura un pouvoir calorifique plus \u00e9lev\u00e9 que le feuillus.<\/p>\n<p>De plus, avec le r\u00e9sineux pas besoin d&rsquo;ajouter des liants pour maintenir la coh\u00e9sion des pellets, il poss\u00e8de de la r\u00e9sine (colle naturelle). C&rsquo;est pourquoi m\u00eame dans les pellets contenant des bois de feuillus, il y a toujours une petite part de bois de r\u00e9sineux.<\/p>\n","protected":false},"excerpt":{"rendered":"<h5 class=\"h6\">La livraison se fait\u00a0jusque dans le lieu de stockage du produit \u00e0 l&rsquo;endroit voulu et le d\u00e9lai de la livraison est comprise entre 1 \u00e0 10 jours.<\/h5>\n<h3 class=\"h6\">Fiche technique<\/h3>\n<dl class=\"data-sheet\">\n<dt class=\"name\">Composition<\/dt>\n<dd class=\"value\">100% r\u00e9sineux<\/dd>\n<dt class=\"name\">Certificats<\/dt>\n<dd class=\"value\">EN Plus A1<\/dd>\n<dt class=\"name\">Pouvoir Calorifique<\/dt>\n<dd class=\"value\">Sup\u00e9rieur 4,6 kWh\/kg<\/dd>\n<dt class=\"name\">Taux D&rsquo;humidit\u00e9<\/dt>\n<dd class=\"value\">Inf\u00e9rieur \u00e0 10%<\/dd>\n<dt class=\"name\">Taux De Cendres<\/dt>\n<dd class=\"value\">Inf\u00e9rieur \u00e0 0,7%<\/dd>\n<dt class=\"name\">Taux De Poussi\u00e8re<\/dt>\n<dd class=\"value\">Inf\u00e9rieur \u00e0 0,5 %<\/dd>\n<dt class=\"name\">Conditionnement<\/dt>\n<dd class=\"value\">Palette<\/dd>\n<dt class=\"name\">Origine<\/dt>\n<dd class=\"value\">Autriche<\/dd>\n<\/dl>\n","protected":false},"featured_media":9364,"comment_status":"closed","ping_status":"closed","template":"","meta":[],"product_brand":[],"product_cat":[85],"product_tag":[],"class_list":{"0":"post-9329","1":"product","2":"type-product","3":"status-publish","4":"has-post-thumbnail","6":"product_cat-pellets","8":"first","9":"instock","10":"sale","11":"shipping-taxable","12":"purchasable","13":"product-type-simple"},"jetpack_sharing_enabled":true,"_links":{"self":[{"href":"https:\/\/troncybois.com\/index.php?rest_route=\/wp\/v2\/product\/9329","targetHints":{"allow":["GET"]}}],"collection":[{"href":"https:\/\/troncybois.com\/index.php?rest_route=\/wp\/v2\/product"}],"about":[{"href":"https:\/\/troncybois.com\/index.php?rest_route=\/wp\/v2\/types\/product"}],"replies":[{"embeddable":true,"href":"https:\/\/troncybois.com\/index.php?rest_route=%2Fwp%2Fv2%2Fcomments&post=9329"}],"version-history":[{"count":1,"href":"https:\/\/troncybois.com\/index.php?rest_route=\/wp\/v2\/product\/9329\/revisions"}],"predecessor-version":[{"id":9365,"href":"https:\/\/troncybois.com\/index.php?rest_route=\/wp\/v2\/product\/9329\/revisions\/9365"}],"wp:featuredmedia":[{"embeddable":true,"href":"https:\/\/troncybois.com\/index.php?rest_route=\/wp\/v2\/media\/9364"}],"wp:attachment":[{"href":"https:\/\/troncybois.com\/index.php?rest_route=%2Fwp%2Fv2%2Fmedia&parent=9329"}],"wp:term":[{"taxonomy":"product_brand","embeddable":true,"href":"https:\/\/troncybois.com\/index.php?rest_route=%2Fwp%2Fv2%2Fproduct_brand&post=9329"},{"taxonomy":"product_cat","embeddable":true,"href":"https:\/\/troncybois.com\/index.php?rest_route=%2Fwp%2Fv2%2Fproduct_cat&post=9329"},{"taxonomy":"product_tag","embeddable":true,"href":"https:\/\/troncybois.com\/index.php?rest_route=%2Fwp%2Fv2%2Fproduct_tag&post=9329"}],"curies":[{"name":"wp","href":"https:\/\/api.w.org\/{rel}","templated":true}]}}