{"id":9327,"date":"2022-10-24T14:11:40","date_gmt":"2022-10-24T12:11:40","guid":{"rendered":"https:\/\/antiquewhite-gerbil-448984.hostingersite.com\/?post_type=product&#038;p=9327"},"modified":"2023-10-28T04:57:56","modified_gmt":"2023-10-28T02:57:56","slug":"pellet-coterram-palette-de-70-sacs-de-15-kg","status":"publish","type":"product","link":"https:\/\/troncybois.com\/?product=pellet-coterram-palette-de-70-sacs-de-15-kg","title":{"rendered":"PELLET COTERRAM &#8211; PALETTE DE 70 SACS DE 15 KG"},"content":{"rendered":"<p>Ces pellets sont de bonne qualit\u00e9, la mati\u00e8re premi\u00e8re est issue de copeaux de pin.<\/p>\n<p>L&rsquo;entreprise est experte dans la fabrication des granul\u00e9s depuis 2013 et gr\u00e2ce \u00e0 des machines performantes et un syst\u00e8me de nettoyage et d&rsquo;\u00e9cor\u00e7age, ces granul\u00e9s sont les meilleurs du march\u00e9 en Espagne.<\/p>\n<p>Avec la certification EN Plus A1, norme Europ\u00e9enne, vous avez la garantie d&rsquo;avoir un pellet de qualit\u00e9 r\u00e9pondant \u00e0 des crit\u00e8res stricts sur l&rsquo;entreposage, l&rsquo;origine de la mati\u00e8re premi\u00e8re et le suivi de la fabrication.<\/p>\n<p><strong>Quelle est la consommation d&rsquo;un po\u00eale \u00e0 granul\u00e9s?<\/strong><\/p>\n<p>Un po\u00eale consomme en moyenne 1kg de pellet par heure.<\/p>\n<p>Nous estimons la consommation d&rsquo;une maison de taille moyenne \u00e0 2 palettes de granul\u00e9s par hiver.<\/p>\n<p>Il s&rsquo;agit d&rsquo;une moyenne, tout varie en fonction de plusieurs points :<\/p>\n<p>&#8211; de la taille de la maison<\/p>\n<p>&#8211; de la qualit\u00e9 de son isolation<\/p>\n<p>&#8211; de la temp\u00e9rature souhait\u00e9e<\/p>\n<p>&#8211; de l&rsquo;usage du po\u00eale<\/p>\n<p>&#8211; des temp\u00e9ratures ext\u00e9rieures<\/p>\n<p>Si c&rsquo;est votre 1ere ann\u00e9e d&rsquo;utilisation de votre po\u00eale, il faut d&rsquo;abord acheter une palette puis selon votre besoin. La 2\u00e8me ann\u00e9e, vous pourrez acheter en fonction de votre consommation de l&rsquo;ann\u00e9e pr\u00e9c\u00e9dente.<\/p>\n<p>Les pellets sont une \u00e9nergie stockable mais il est conseill\u00e9 de ne pas surstocker.<\/p>\n<p>&nbsp;<\/p>\n","protected":false},"excerpt":{"rendered":"<h5 class=\"h6\">La livraison se fait\u00a0jusque dans le lieu de stockage du produit \u00e0 l&rsquo;endroit voulu et le d\u00e9lai de la livraison est comprise entre 1 \u00e0 10 jours.<\/h5>\n<h3 class=\"h6\">Fiche technique<\/h3>\n<dl class=\"data-sheet\">\n<dt class=\"name\">Composition<\/dt>\n<dd class=\"value\">100% r\u00e9sineux<\/dd>\n<dt class=\"name\">Certificats<\/dt>\n<dd class=\"value\">EN Plus A1<\/dd>\n<dt class=\"name\">Conditionnement<\/dt>\n<dd class=\"value\">Palette<\/dd>\n<dt class=\"name\">Origine<\/dt>\n<dd class=\"value\">Espagne<\/dd>\n<\/dl>\n","protected":false},"featured_media":9360,"comment_status":"closed","ping_status":"closed","template":"","meta":[],"product_brand":[],"product_cat":[85],"product_tag":[],"class_list":{"0":"post-9327","1":"product","2":"type-product","3":"status-publish","4":"has-post-thumbnail","6":"product_cat-pellets","8":"first","9":"instock","10":"sale","11":"shipping-taxable","12":"purchasable","13":"product-type-simple"},"jetpack_sharing_enabled":true,"_links":{"self":[{"href":"https:\/\/troncybois.com\/index.php?rest_route=\/wp\/v2\/product\/9327","targetHints":{"allow":["GET"]}}],"collection":[{"href":"https:\/\/troncybois.com\/index.php?rest_route=\/wp\/v2\/product"}],"about":[{"href":"https:\/\/troncybois.com\/index.php?rest_route=\/wp\/v2\/types\/product"}],"replies":[{"embeddable":true,"href":"https:\/\/troncybois.com\/index.php?rest_route=%2Fwp%2Fv2%2Fcomments&post=9327"}],"version-history":[{"count":1,"href":"https:\/\/troncybois.com\/index.php?rest_route=\/wp\/v2\/product\/9327\/revisions"}],"predecessor-version":[{"id":9361,"href":"https:\/\/troncybois.com\/index.php?rest_route=\/wp\/v2\/product\/9327\/revisions\/9361"}],"wp:featuredmedia":[{"embeddable":true,"href":"https:\/\/troncybois.com\/index.php?rest_route=\/wp\/v2\/media\/9360"}],"wp:attachment":[{"href":"https:\/\/troncybois.com\/index.php?rest_route=%2Fwp%2Fv2%2Fmedia&parent=9327"}],"wp:term":[{"taxonomy":"product_brand","embeddable":true,"href":"https:\/\/troncybois.com\/index.php?rest_route=%2Fwp%2Fv2%2Fproduct_brand&post=9327"},{"taxonomy":"product_cat","embeddable":true,"href":"https:\/\/troncybois.com\/index.php?rest_route=%2Fwp%2Fv2%2Fproduct_cat&post=9327"},{"taxonomy":"product_tag","embeddable":true,"href":"https:\/\/troncybois.com\/index.php?rest_route=%2Fwp%2Fv2%2Fproduct_tag&post=9327"}],"curies":[{"name":"wp","href":"https:\/\/api.w.org\/{rel}","templated":true}]}}