{"id":9326,"date":"2022-10-24T14:11:40","date_gmt":"2022-10-24T12:11:40","guid":{"rendered":"https:\/\/antiquewhite-gerbil-448984.hostingersite.com\/?post_type=product&#038;p=9326"},"modified":"2023-10-28T04:57:30","modified_gmt":"2023-10-28T02:57:30","slug":"pellet-bio-energie-palette-de-66-sacs-de-15-kg","status":"publish","type":"product","link":"https:\/\/troncybois.com\/?product=pellet-bio-energie-palette-de-66-sacs-de-15-kg","title":{"rendered":"PELLET BIO ENERGIE &#8211; PALETTE DE 66 SACS DE 15 KG"},"content":{"rendered":"<p>Les pellets Bio Energie, issus de bois de for\u00eats Allemandes g\u00e9r\u00e9es durablement.<\/p>\n<p>De bois 100 % r\u00e9sineux, ils sont fabriqu\u00e9s dans une entreprise soucieuse de l&rsquo;environnement et souhaitant d\u00e9velopper les \u00e9nergies renouvelables.<\/p>\n<p>Ils sont certif\u00e9s DIN Plus, EN Plus A1 et PEFC afin de convenir \u00e0 tous les syst\u00e8mes de chauffage \u00e0 pellet.<\/p>\n<p>Ils n&rsquo;encrasseront pas votre po\u00eale ou chaudi\u00e8re.<\/p>\n<p><strong>Qu&rsquo;est ce qu&rsquo;un granul\u00e9 de bois ou pellet?<\/strong><\/p>\n<p>Les pellets de bois sont de petits cylindres de bois transform\u00e9s sous forme de granul\u00e9s.\u00a0Ils sont issus de d\u00e9chets d\u00e9riv\u00e9s des industries du bois ou de r\u00e9sidus forestiers.<\/p>\n<p>Le pellet est reconnu comme un produit 100% naturel et \u00e9cologique.<\/p>\n","protected":false},"excerpt":{"rendered":"<h5 class=\"h6\">La livraison se fait\u00a0jusque dans le lieu de stockage du produit \u00e0 l&rsquo;endroit voulu et le d\u00e9lai de la livraison est comprise entre 1 \u00e0 10 jours.<\/h5>\n<h3 class=\"h6\">Fiche technique<\/h3>\n<dl class=\"data-sheet\">\n<dt class=\"name\">Composition<\/dt>\n<dd class=\"value\">100% r\u00e9sineux<\/dd>\n<dt class=\"name\">Certificats<\/dt>\n<dd class=\"value\">DIN Plus, EN Plus A1<\/dd>\n<dt class=\"name\">Pouvoir Calorifique<\/dt>\n<dd class=\"value\">Sup\u00e9rieur \u00e0 4,6 kWh\/kg<\/dd>\n<dt class=\"name\">Taux D&rsquo;humidit\u00e9<\/dt>\n<dd class=\"value\">Inf\u00e9rieur \u00e0 8 %<\/dd>\n<dt class=\"name\">Taux De Cendres<\/dt>\n<dd class=\"value\">Inf\u00e9rieur \u00e0 0,5 %<\/dd>\n<dt class=\"name\">Taux De Poussi\u00e8re<\/dt>\n<dd class=\"value\">Inf\u00e9rieur \u00e0 0,7 %<\/dd>\n<dt class=\"name\">Conditionnement<\/dt>\n<dd class=\"value\">Palette<\/dd>\n<dt class=\"name\">Origine<\/dt>\n<dd class=\"value\">Allemagne<\/dd>\n<\/dl>\n","protected":false},"featured_media":9358,"comment_status":"closed","ping_status":"closed","template":"","meta":[],"product_brand":[],"product_cat":[85],"product_tag":[],"class_list":{"0":"post-9326","1":"product","2":"type-product","3":"status-publish","4":"has-post-thumbnail","6":"product_cat-pellets","8":"first","9":"instock","10":"sale","11":"shipping-taxable","12":"purchasable","13":"product-type-simple"},"jetpack_sharing_enabled":true,"_links":{"self":[{"href":"https:\/\/troncybois.com\/index.php?rest_route=\/wp\/v2\/product\/9326","targetHints":{"allow":["GET"]}}],"collection":[{"href":"https:\/\/troncybois.com\/index.php?rest_route=\/wp\/v2\/product"}],"about":[{"href":"https:\/\/troncybois.com\/index.php?rest_route=\/wp\/v2\/types\/product"}],"replies":[{"embeddable":true,"href":"https:\/\/troncybois.com\/index.php?rest_route=%2Fwp%2Fv2%2Fcomments&post=9326"}],"version-history":[{"count":1,"href":"https:\/\/troncybois.com\/index.php?rest_route=\/wp\/v2\/product\/9326\/revisions"}],"predecessor-version":[{"id":9359,"href":"https:\/\/troncybois.com\/index.php?rest_route=\/wp\/v2\/product\/9326\/revisions\/9359"}],"wp:featuredmedia":[{"embeddable":true,"href":"https:\/\/troncybois.com\/index.php?rest_route=\/wp\/v2\/media\/9358"}],"wp:attachment":[{"href":"https:\/\/troncybois.com\/index.php?rest_route=%2Fwp%2Fv2%2Fmedia&parent=9326"}],"wp:term":[{"taxonomy":"product_brand","embeddable":true,"href":"https:\/\/troncybois.com\/index.php?rest_route=%2Fwp%2Fv2%2Fproduct_brand&post=9326"},{"taxonomy":"product_cat","embeddable":true,"href":"https:\/\/troncybois.com\/index.php?rest_route=%2Fwp%2Fv2%2Fproduct_cat&post=9326"},{"taxonomy":"product_tag","embeddable":true,"href":"https:\/\/troncybois.com\/index.php?rest_route=%2Fwp%2Fv2%2Fproduct_tag&post=9326"}],"curies":[{"name":"wp","href":"https:\/\/api.w.org\/{rel}","templated":true}]}}