{"id":9323,"date":"2022-10-24T14:11:40","date_gmt":"2022-10-24T12:11:40","guid":{"rendered":"https:\/\/antiquewhite-gerbil-448984.hostingersite.com\/?post_type=product&#038;p=9323"},"modified":"2023-10-28T04:55:44","modified_gmt":"2023-10-28T02:55:44","slug":"pellet-pynauja-palette-de-70-sacs-de-15-kg","status":"publish","type":"product","link":"https:\/\/troncybois.com\/?product=pellet-pynauja-palette-de-70-sacs-de-15-kg","title":{"rendered":"PELLET PYNAUJA &#8211; PALETTE DE 70 SACS DE 15 KG"},"content":{"rendered":"<p>Ces granul\u00e9s de bois sont compos\u00e9s \u00e0 100% de sciures d&rsquo;\u00e9pic\u00e9a blanc et sont 100% naturel.<\/p>\n<p>Ils sont certifi\u00e9s EN Plus A1 depuis 2016, ce qui vous garantit un pellet de bonne qualit\u00e9 suivant des r\u00e8gles strictes sur la fabrication et l&rsquo;entreposage.<\/p>\n<p>Ces sciures sont issues de grumes d&rsquo;\u00e9pic\u00e9a blanc qui sont \u00e9corc\u00e9es pour obtenir une mati\u00e8re premi\u00e8re la plus propre possible.<\/p>\n<p>Les granul\u00e9s sont produits dans le respect de l&rsquo;environnement, aucun additif n&rsquo;est utilis\u00e9.<\/p>\n<p><strong>Pourquoi le po\u00eale s&rsquo;encrasse plus vite?<\/strong><\/p>\n<p>Si vous avez l&rsquo;habitude de changer de marque de granul\u00e9s, vous avez s\u00fbrement remarqu\u00e9s que votre po\u00eale s&rsquo;encrassait parfois plus vite.<\/p>\n<p>Il faut bien veiller \u00e0 votre\u00a0<strong>arriv\u00e9e d&rsquo;air<\/strong>\u00a0: si la vitre noircit vite, c&rsquo;est qu&rsquo;il n&rsquo;y a pas assez d&rsquo;air, il faudra donc augmenter l&rsquo;arriv\u00e9e d&rsquo;air.<\/p>\n<p><strong>Le tirage<\/strong>\u00a0: si le tirage est insuffisant, cela provoquera des fum\u00e9es et encrassera le conduit.<\/p>\n<p>La marque des\u00a0<strong>granul\u00e9s\u00a0<\/strong>: si vous avez choisi un granul\u00e9 poss\u00e9dant les certifications DIN Plus, EN Plus A1&#8230;c&rsquo;est donc un pellet de bonne qualit\u00e9, mais parfois un r\u00e9glage du po\u00eale est n\u00e9cessaire.<\/p>\n<p>Il faudra demander conseil \u00e0 votre installateur, une marque ira toujours mieux qu&rsquo;une autre mais pour le savoir, il faudra faire des tests<\/p>\n","protected":false},"excerpt":{"rendered":"<h5 class=\"h6\">La livraison se fait\u00a0jusque dans le lieu de stockage du produit \u00e0 l&rsquo;endroit voulu et le d\u00e9lai de la livraison est comprise entre 1 \u00e0 10 jours.<\/h5>\n<h3 class=\"h6\">Fiche technique<\/h3>\n<dl class=\"data-sheet\">\n<dt class=\"name\">Composition<\/dt>\n<dd class=\"value\">100% r\u00e9sineux<\/dd>\n<dt class=\"name\">Certificats<\/dt>\n<dd class=\"value\">EN Plus A1<\/dd>\n<dt class=\"name\">Pouvoir Calorifique<\/dt>\n<dd class=\"value\">Sup\u00e9rieur \u00e0 4.6 kWh\/kg<\/dd>\n<dt class=\"name\">Taux D&rsquo;humidit\u00e9<\/dt>\n<dd class=\"value\">Inf\u00e9rieur \u00e0 10%<\/dd>\n<dt class=\"name\">Taux De Cendres<\/dt>\n<dd class=\"value\">Inf\u00e9rieur \u00e0 0.7%<\/dd>\n<dt class=\"name\">Conditionnement<\/dt>\n<dd class=\"value\">Palette<\/dd>\n<dt class=\"name\">Origine<\/dt>\n<dd class=\"value\">Lituanie<\/dd>\n<\/dl>\n","protected":false},"featured_media":9352,"comment_status":"closed","ping_status":"closed","template":"","meta":[],"product_brand":[],"product_cat":[85],"product_tag":[],"class_list":{"0":"post-9323","1":"product","2":"type-product","3":"status-publish","4":"has-post-thumbnail","6":"product_cat-pellets","8":"first","9":"instock","10":"sale","11":"shipping-taxable","12":"purchasable","13":"product-type-simple"},"jetpack_sharing_enabled":true,"_links":{"self":[{"href":"https:\/\/troncybois.com\/index.php?rest_route=\/wp\/v2\/product\/9323","targetHints":{"allow":["GET"]}}],"collection":[{"href":"https:\/\/troncybois.com\/index.php?rest_route=\/wp\/v2\/product"}],"about":[{"href":"https:\/\/troncybois.com\/index.php?rest_route=\/wp\/v2\/types\/product"}],"replies":[{"embeddable":true,"href":"https:\/\/troncybois.com\/index.php?rest_route=%2Fwp%2Fv2%2Fcomments&post=9323"}],"version-history":[{"count":1,"href":"https:\/\/troncybois.com\/index.php?rest_route=\/wp\/v2\/product\/9323\/revisions"}],"predecessor-version":[{"id":9353,"href":"https:\/\/troncybois.com\/index.php?rest_route=\/wp\/v2\/product\/9323\/revisions\/9353"}],"wp:featuredmedia":[{"embeddable":true,"href":"https:\/\/troncybois.com\/index.php?rest_route=\/wp\/v2\/media\/9352"}],"wp:attachment":[{"href":"https:\/\/troncybois.com\/index.php?rest_route=%2Fwp%2Fv2%2Fmedia&parent=9323"}],"wp:term":[{"taxonomy":"product_brand","embeddable":true,"href":"https:\/\/troncybois.com\/index.php?rest_route=%2Fwp%2Fv2%2Fproduct_brand&post=9323"},{"taxonomy":"product_cat","embeddable":true,"href":"https:\/\/troncybois.com\/index.php?rest_route=%2Fwp%2Fv2%2Fproduct_cat&post=9323"},{"taxonomy":"product_tag","embeddable":true,"href":"https:\/\/troncybois.com\/index.php?rest_route=%2Fwp%2Fv2%2Fproduct_tag&post=9323"}],"curies":[{"name":"wp","href":"https:\/\/api.w.org\/{rel}","templated":true}]}}