{"id":9320,"date":"2022-10-24T14:11:39","date_gmt":"2022-10-24T12:11:39","guid":{"rendered":"https:\/\/antiquewhite-gerbil-448984.hostingersite.com\/?post_type=product&#038;p=9320"},"modified":"2024-05-29T23:20:54","modified_gmt":"2024-05-29T21:20:54","slug":"pellet-bio-eko-palette-de-70-sacs-de-15-kg","status":"publish","type":"product","link":"https:\/\/troncybois.com\/?product=pellet-bio-eko-palette-de-70-sacs-de-15-kg","title":{"rendered":"PELLET BIO-EKO &#8211; PALETTE DE 70 SACS DE 15 KG"},"content":{"rendered":"<p>Les granul\u00e9s de bois BIOEKO sont compos\u00e9s de m\u00e9lange de sciures de feuillus et r\u00e9sineux.<\/p>\n<p>Ils sont 100% naturels, sans colle, ni additif.<\/p>\n<p>Combustible haute qualit\u00e9 avec un fort pouvoir calorifique, sup\u00e9rieur \u00e0 5 kWh\/kg.<\/p>\n<p>De faibles taux en cendres et en humidit\u00e9 pour une bonne combustion sans encrasser votre appareil.<\/p>\n<p>Vous pouvez utiliser ce pellet qui convient parfaitement \u00e0 tous les syst\u00e8mes de chauffage aux granul\u00e9s.<\/p>\n<p><strong>Bien installer son chauffage aux pellets :<\/strong><\/p>\n<p><strong>Un po\u00eale<\/strong>\u00a0\u00e0 pellet est discret et sous diff\u00e9rents design pour bien se fondre dans votre d\u00e9coration int\u00e9rieure.<\/p>\n<p>En g\u00e9n\u00e9ral, le po\u00eale s&rsquo;installe dans la pi\u00e8ce de vie et prend peu de place.<\/p>\n<p>La sortie des fum\u00e9es peut se faire par le dessus.<\/p>\n<p>L&rsquo;arriv\u00e9e d&rsquo;air : soit un trou perc\u00e9 dans le mur ou une arriv\u00e9e canalis\u00e9e.<\/p>\n<p><strong>Les chaudi\u00e8res<\/strong>\u00a0sont plus volumineuses et s&rsquo;installent dans une chaufferie ou pi\u00e8ce qui lui sera d\u00e9di\u00e9e.<\/p>\n<p>Elles sont souvent aliment\u00e9es en vrac, il faudra donc penser \u00e0 une place suppl\u00e9mentaire pour un silo.<\/p>\n<p>L&rsquo;arriv\u00e9e d&rsquo;air : il en faut 2 dans la chaufferie, une en position haute et une en position basse.<\/p>\n","protected":false},"excerpt":{"rendered":"<h3 class=\"h6\">Fiche technique<\/h3>\n<dl class=\"data-sheet\">\n<dt class=\"name\">Composition<\/dt>\n<dd class=\"value\">R\u00e9sineux et feuillus<\/dd>\n<dt class=\"name\">Pouvoir Calorifique<\/dt>\n<dd class=\"value\">Sup\u00e9rieur \u00e0 5 kWh\/kg<\/dd>\n<dt class=\"name\">Taux D&rsquo;humidit\u00e9<\/dt>\n<dd class=\"value\">Inf\u00e9rieur \u00e0 7,4%<\/dd>\n<dt class=\"name\">Taux De Cendres<\/dt>\n<dd class=\"value\">Inf\u00e9rieur \u00e0 0,6%<\/dd>\n<dt class=\"name\">Conditionnement<\/dt>\n<dd class=\"value\">Palette<\/dd>\n<dt class=\"name\">Origine<\/dt>\n<dd class=\"value\">Pologne<\/dd>\n<\/dl>\n","protected":false},"featured_media":9346,"comment_status":"closed","ping_status":"closed","template":"","meta":[],"product_brand":[],"product_cat":[85],"product_tag":[],"class_list":{"0":"post-9320","1":"product","2":"type-product","3":"status-publish","4":"has-post-thumbnail","6":"product_cat-pellets","8":"first","9":"instock","10":"shipping-taxable","11":"purchasable","12":"product-type-simple"},"jetpack_sharing_enabled":true,"_links":{"self":[{"href":"https:\/\/troncybois.com\/index.php?rest_route=\/wp\/v2\/product\/9320","targetHints":{"allow":["GET"]}}],"collection":[{"href":"https:\/\/troncybois.com\/index.php?rest_route=\/wp\/v2\/product"}],"about":[{"href":"https:\/\/troncybois.com\/index.php?rest_route=\/wp\/v2\/types\/product"}],"replies":[{"embeddable":true,"href":"https:\/\/troncybois.com\/index.php?rest_route=%2Fwp%2Fv2%2Fcomments&post=9320"}],"version-history":[{"count":1,"href":"https:\/\/troncybois.com\/index.php?rest_route=\/wp\/v2\/product\/9320\/revisions"}],"predecessor-version":[{"id":9347,"href":"https:\/\/troncybois.com\/index.php?rest_route=\/wp\/v2\/product\/9320\/revisions\/9347"}],"wp:featuredmedia":[{"embeddable":true,"href":"https:\/\/troncybois.com\/index.php?rest_route=\/wp\/v2\/media\/9346"}],"wp:attachment":[{"href":"https:\/\/troncybois.com\/index.php?rest_route=%2Fwp%2Fv2%2Fmedia&parent=9320"}],"wp:term":[{"taxonomy":"product_brand","embeddable":true,"href":"https:\/\/troncybois.com\/index.php?rest_route=%2Fwp%2Fv2%2Fproduct_brand&post=9320"},{"taxonomy":"product_cat","embeddable":true,"href":"https:\/\/troncybois.com\/index.php?rest_route=%2Fwp%2Fv2%2Fproduct_cat&post=9320"},{"taxonomy":"product_tag","embeddable":true,"href":"https:\/\/troncybois.com\/index.php?rest_route=%2Fwp%2Fv2%2Fproduct_tag&post=9320"}],"curies":[{"name":"wp","href":"https:\/\/api.w.org\/{rel}","templated":true}]}}