{"id":9319,"date":"2022-10-24T14:11:39","date_gmt":"2022-10-24T12:11:39","guid":{"rendered":"https:\/\/antiquewhite-gerbil-448984.hostingersite.com\/?post_type=product&#038;p=9319"},"modified":"2024-05-29T23:19:29","modified_gmt":"2024-05-29T21:19:29","slug":"pellet-bio-technik-palette-de-50-sacs-de-15-kg","status":"publish","type":"product","link":"https:\/\/troncybois.com\/?product=pellet-bio-technik-palette-de-50-sacs-de-15-kg","title":{"rendered":"PELLET BIO-TECHNIK &#8211; PALETTE DE 50 SACS DE 15 KG"},"content":{"rendered":"<p>Ces pellets\u00a0<strong>BIO TECHNIK PREMIUM<\/strong>\u00a0sont de qualit\u00e9 sup\u00e9rieure gr\u00e2ce un fort pouvoir calorifique et de faibles taux en cendres et humidit\u00e9.<\/p>\n<p>Les sciures de bois utilis\u00e9es pour la fabrication de ces granul\u00e9s proviennent exclusivement de Pologne.<\/p>\n<p>Les granul\u00e9s\u00a0<strong>BIO TECHNIK<\/strong>\u00a0ont \u00e9t\u00e9 fabriqu\u00e9s dans une entreprise soucieuse de l&rsquo;environnement et cherchant \u00e0 faire des produits toujours de meilleure qualit\u00e9.<\/p>\n<p>Ils ont re\u00e7us la certification EN Plus A1 en 2017, par des experts\u00a0<strong>BIO CONTROL<\/strong>\u00a0tr\u00e8s reconnus sur le march\u00e9 des granul\u00e9s de qualit\u00e9. C&rsquo;est le seul organisme de contr\u00f4le Polonais.<\/p>\n<p>Des contr\u00f4les r\u00e9guliers sont effectu\u00e9s sur toute la cha\u00eene de production des granul\u00e9s. Surveillant scrupuleusement l&rsquo;\u00e9tat et le r\u00e9glage des machines mais aussi au stockage et entreposage des granul\u00e9s.<\/p>\n<p>Ce qui vous donne la garantie d&rsquo;un\u00a0<strong>produit de haute qualit\u00e9<\/strong>\u00a0fonctionnant parfaitement dans tous les syst\u00e8mes de chauffage aux granul\u00e9s sans les encrasser.<\/p>\n<p><strong>Reconna\u00eetre un pellet de qualit\u00e9\u00a0:<\/strong><\/p>\n<p><strong>Duret\u00e9 d&rsquo;un pellet\u00a0<\/strong>: plus un pellet est dur plus il mettra de temps \u00e0 br\u00fbler, afin de s&rsquo;en rendre compte, il faudra d\u00e9poser le granul\u00e9 dans un fond d&rsquo;eau. Il sera de bonne qualit\u00e9 s&rsquo;il se d\u00e9compose lentement en sciures<\/p>\n<p><strong>Cendres des pellets<\/strong>\u00a0: elles doivent \u00eatre grises et l\u00e9g\u00e8res, ce qui prouve l&rsquo;absence d&rsquo;additif. Et en faible quantit\u00e9. Si les cendres sont plus fonc\u00e9s, il sera n\u00e9cessaire de faire un r\u00e9glage de votre po\u00eale en changeant l&rsquo;arriv\u00e9e d&rsquo;air.<\/p>\n<p><strong>Densit\u00e9 du pellet<\/strong>\u00a0: Si le granul\u00e9 coule dans de l&rsquo;eau, c&rsquo;est qu&rsquo;il est de bonne qualit\u00e9. La densit\u00e9 est sup\u00e9rieure \u00e0 celle de l&rsquo;eau.<\/p>\n<p><strong>Couleur du pellet\u00a0<\/strong>: ce n&rsquo;est pas un bon indicateur comme on pourrait le penser !! en effet, la couleur d\u00e9pend des essences de bois utilis\u00e9es. Par exemple, le m\u00e9l\u00e8ze sera plus clair que l&rsquo;\u00e9pic\u00e9a. De plus, de nombreux pellets sont maintenant fabriqu\u00e9s \u00e0 base de feuillus (arbres plus pr\u00e9sents en France)<\/p>\n<p>Privil\u00e9giez toujours des pellets de qualit\u00e9\u00a0<strong>PREMIUM<\/strong>\u00a0tout comme les\u00a0<strong>BIO TECHNIK<\/strong>.<\/p>\n","protected":false},"excerpt":{"rendered":"<h3 class=\"h6\">Fiche technique<\/h3>\n<dl class=\"data-sheet\">\n<dt class=\"name\">Composition<\/dt>\n<dd class=\"value\">M\u00e9lange de bois<\/dd>\n<dt class=\"name\">Certificats<\/dt>\n<dd class=\"value\">EN Plus A1<\/dd>\n<dt class=\"name\">Pouvoir Calorifique<\/dt>\n<dd class=\"value\">Sup\u00e9rieur \u00e0 4,9 kWh\/kg<\/dd>\n<dt class=\"name\">Taux D&rsquo;humidit\u00e9<\/dt>\n<dd class=\"value\">Inf\u00e9rieur \u00e0 10%<\/dd>\n<dt class=\"name\">Taux De Cendres<\/dt>\n<dd class=\"value\">Inf\u00e9rieur \u00e0 0,7%<\/dd>\n<dt class=\"name\">Diam\u00e8tre<\/dt>\n<dd class=\"value\">6 mm +\/- 1 mm<\/dd>\n<dt class=\"name\">Conditionnement<\/dt>\n<dd class=\"value\">Palette<\/dd>\n<dt class=\"name\">Origine<\/dt>\n<dd class=\"value\">Pologne<\/dd>\n<\/dl>\n","protected":false},"featured_media":9344,"comment_status":"closed","ping_status":"closed","template":"","meta":[],"product_brand":[],"product_cat":[81],"product_tag":[],"class_list":{"0":"post-9319","1":"product","2":"type-product","3":"status-publish","4":"has-post-thumbnail","6":"product_cat-palette","8":"first","9":"instock","10":"shipping-taxable","11":"purchasable","12":"product-type-simple"},"jetpack_sharing_enabled":true,"_links":{"self":[{"href":"https:\/\/troncybois.com\/index.php?rest_route=\/wp\/v2\/product\/9319","targetHints":{"allow":["GET"]}}],"collection":[{"href":"https:\/\/troncybois.com\/index.php?rest_route=\/wp\/v2\/product"}],"about":[{"href":"https:\/\/troncybois.com\/index.php?rest_route=\/wp\/v2\/types\/product"}],"replies":[{"embeddable":true,"href":"https:\/\/troncybois.com\/index.php?rest_route=%2Fwp%2Fv2%2Fcomments&post=9319"}],"version-history":[{"count":1,"href":"https:\/\/troncybois.com\/index.php?rest_route=\/wp\/v2\/product\/9319\/revisions"}],"predecessor-version":[{"id":9345,"href":"https:\/\/troncybois.com\/index.php?rest_route=\/wp\/v2\/product\/9319\/revisions\/9345"}],"wp:featuredmedia":[{"embeddable":true,"href":"https:\/\/troncybois.com\/index.php?rest_route=\/wp\/v2\/media\/9344"}],"wp:attachment":[{"href":"https:\/\/troncybois.com\/index.php?rest_route=%2Fwp%2Fv2%2Fmedia&parent=9319"}],"wp:term":[{"taxonomy":"product_brand","embeddable":true,"href":"https:\/\/troncybois.com\/index.php?rest_route=%2Fwp%2Fv2%2Fproduct_brand&post=9319"},{"taxonomy":"product_cat","embeddable":true,"href":"https:\/\/troncybois.com\/index.php?rest_route=%2Fwp%2Fv2%2Fproduct_cat&post=9319"},{"taxonomy":"product_tag","embeddable":true,"href":"https:\/\/troncybois.com\/index.php?rest_route=%2Fwp%2Fv2%2Fproduct_tag&post=9319"}],"curies":[{"name":"wp","href":"https:\/\/api.w.org\/{rel}","templated":true}]}}