{"id":9315,"date":"2022-10-24T14:11:39","date_gmt":"2022-10-24T12:11:39","guid":{"rendered":"https:\/\/antiquewhite-gerbil-448984.hostingersite.com\/?post_type=product&#038;p=9315"},"modified":"2024-05-29T23:14:56","modified_gmt":"2024-05-29T21:14:56","slug":"voie-lactee-serviteur-de-cheminee","status":"publish","type":"product","link":"https:\/\/troncybois.com\/?product=voie-lactee-serviteur-de-cheminee","title":{"rendered":"VOIE LACT\u00c9E &#8211; Serviteur de chemin\u00e9e"},"content":{"rendered":"<p>Dimensions: Hauteur 51cm, diam\u00e8tre 19cm.<\/p>\n<p>Disponible en deux couleurs: Gris acier\/Noir givr\u00e9 et Noir givr\u00e9\/Blanc<\/p>\n<p>Fabrication en acier 100% fran\u00e7aise<\/p>\n","protected":false},"excerpt":{"rendered":"<p>Dimensions: Hauteur 51cm, diam\u00e8tre 19cm. Disponible en deux couleurs: Gris acier\/Noir givr\u00e9 et Noir givr\u00e9\/Blanc Fabrication en acier 100% fran\u00e7aise<\/p>\n","protected":false},"featured_media":9335,"comment_status":"closed","ping_status":"closed","template":"","meta":[],"product_brand":[],"product_cat":[86],"product_tag":[],"class_list":{"0":"post-9315","1":"product","2":"type-product","3":"status-publish","4":"has-post-thumbnail","6":"product_cat-palette-de-briquettes","8":"first","9":"instock","10":"shipping-taxable","11":"purchasable","12":"product-type-simple"},"jetpack_sharing_enabled":true,"_links":{"self":[{"href":"https:\/\/troncybois.com\/index.php?rest_route=\/wp\/v2\/product\/9315","targetHints":{"allow":["GET"]}}],"collection":[{"href":"https:\/\/troncybois.com\/index.php?rest_route=\/wp\/v2\/product"}],"about":[{"href":"https:\/\/troncybois.com\/index.php?rest_route=\/wp\/v2\/types\/product"}],"replies":[{"embeddable":true,"href":"https:\/\/troncybois.com\/index.php?rest_route=%2Fwp%2Fv2%2Fcomments&post=9315"}],"version-history":[{"count":1,"href":"https:\/\/troncybois.com\/index.php?rest_route=\/wp\/v2\/product\/9315\/revisions"}],"predecessor-version":[{"id":9337,"href":"https:\/\/troncybois.com\/index.php?rest_route=\/wp\/v2\/product\/9315\/revisions\/9337"}],"wp:featuredmedia":[{"embeddable":true,"href":"https:\/\/troncybois.com\/index.php?rest_route=\/wp\/v2\/media\/9335"}],"wp:attachment":[{"href":"https:\/\/troncybois.com\/index.php?rest_route=%2Fwp%2Fv2%2Fmedia&parent=9315"}],"wp:term":[{"taxonomy":"product_brand","embeddable":true,"href":"https:\/\/troncybois.com\/index.php?rest_route=%2Fwp%2Fv2%2Fproduct_brand&post=9315"},{"taxonomy":"product_cat","embeddable":true,"href":"https:\/\/troncybois.com\/index.php?rest_route=%2Fwp%2Fv2%2Fproduct_cat&post=9315"},{"taxonomy":"product_tag","embeddable":true,"href":"https:\/\/troncybois.com\/index.php?rest_route=%2Fwp%2Fv2%2Fproduct_tag&post=9315"}],"curies":[{"name":"wp","href":"https:\/\/api.w.org\/{rel}","templated":true}]}}