{"id":9236,"date":"2022-10-24T14:11:23","date_gmt":"2022-10-24T12:11:23","guid":{"rendered":"https:\/\/antiquewhite-gerbil-448984.hostingersite.com\/?post_type=product&#038;p=9236"},"modified":"2024-05-30T00:26:41","modified_gmt":"2024-05-29T22:26:41","slug":"granules-de-bois-crepito-palette-de-72-sacs-1080kg","status":"publish","type":"product","link":"https:\/\/troncybois.com\/?product=granules-de-bois-crepito-palette-de-72-sacs-1080kg","title":{"rendered":"Granul\u00e9s de bois Cr\u00e9pito (palette de 72 sacs &#8211; 1080kg)"},"content":{"rendered":"<div id=\"primary_block\" class=\"clearfix m_bottom_30 \">\n<div id=\"more_info_block\" class=\"m_bottom_30\">\n<div id=\"more_info_sheets\" class=\"sheets align_justify\">\n<div id=\"idTab1\" class=\"rte\">\n<p><strong>Le prix comprend la livraison des sacs \u00e0 domicile, sous r\u00e9serve d&rsquo;accessibilit\u00e9 raisonnable, sans d\u00e9filmer la palette.<\/strong><\/p>\n<p>&nbsp;<\/p>\n<p><strong>Les granul\u00e9s de bois (ou pellets)<\/strong>\u00a0Cr\u00e9pito\u00ae sont\u00a0<strong>100 % naturels<\/strong>\u00a0et issus de la valorisation des co-produits de l\u2019industrie du bois. Il s\u2019agit exclusivement de\u00a0<strong>bois non trait\u00e9es<\/strong>. Apr\u00e8s s\u00e9chage et broyage, les granul\u00e9s de bois sont compress\u00e9s pour assurer une\u00a0qualit\u00e9 de produit constante et irr\u00e9prochable.<\/p>\n<p>Les granul\u00e9s<strong>\u00a0<\/strong>de chauffage<strong>\u00a0<\/strong>Cr\u00e9pito\u00ae distribu\u00e9s en sacs sont destin\u00e9s \u00e0 l\u2019alimentation<strong>\u00a0des po\u00eales, des chaudi\u00e8res\u00a0<\/strong>(\u00e0 r\u00e9servoirs)<strong>\u00a0et des inserts \u00e0 granul\u00e9s de bois<\/strong>. Ils offrent d\u2019excellentes performances calorifiques.<\/p>\n<p>Les pellets s\u2019\u00e9coulent parfaitement via la vis sans fin dans la chambre de combustion de l\u2019appareil gr\u00e2ce \u00e0 une granulom\u00e9trie constante et r\u00e9guli\u00e8re. La\u00a0faible teneur en poussi\u00e8re et en humidit\u00e9\u00a0des granul\u00e9s Cr\u00e9pito\u00ae, permet d\u2019\u00e9viter tout bourrage ou encrassage et garantit long\u00e9vit\u00e9 \u00e0 l\u2019appareil.<\/p>\n<p>Des\u00a0<strong>contr\u00f4les qualit\u00e9\u00a0<\/strong>et des<strong>\u00a0tests produits<\/strong>\u00a0sont r\u00e9alis\u00e9s r\u00e9guli\u00e8rement sur site et au laboratoire\u00a0<a href=\"http:\/\/www.laboratoire-ceric.fr\/\">CERIC<\/a>\u00a0pour assurer le meilleur niveau de performance et de fiabilit\u00e9 des granul\u00e9s Cr\u00e9pito\u00ae Pellets Premium.<\/p>\n<p>Les granul\u00e9s de bois Cr\u00e9pito\u00ae sont certifi\u00e9s<\/p>\n<p><strong>Approvisionnement<\/strong><\/p>\n<p>L\u2019approvisionnement peut \u00eatre fait tout au long de la p\u00e9riode de chauffage. Piskorski \u2013 Solutions bois \u00e9nergie vous propose le produit \u00e0 l\u2019unit\u00e9 ou en grande quantit\u00e9.<\/p>\n<p><strong>La livraison se fait\u00a0jusque dans le lieu de stockage du produit \u00e0 l&rsquo;endroit voulu et le d\u00e9lais de la livraison est comprise entre 1 \u00e0 10 jours.<\/strong><\/p>\n<p>&nbsp;<\/p>\n<p>Comparatif R\u00e9seaux de distribution<\/p>\n<table border=\"0\" cellspacing=\"0\" cellpadding=\"0\">\n<colgroup>\n<col width=\"176\" \/>\n<col width=\"213\" \/>\n<col width=\"262\" \/><\/colgroup>\n<tbody>\n<tr>\n<td width=\"176\" height=\"40\"><\/td>\n<td width=\"213\">Marques Distributeurs Grandes surfaces \/ DISCOUNT<\/td>\n<td width=\"262\">Piskorski<\/td>\n<\/tr>\n<tr>\n<td height=\"31\">Origine<\/td>\n<td>Al\u00e9atoire selon arrivages<\/td>\n<td>Origne France exclusivement<\/td>\n<\/tr>\n<tr>\n<td rowspan=\"2\" height=\"64\">SAV<\/td>\n<td rowspan=\"2\">Al\u00e9atoire selon distributeurs<\/td>\n<td>1 seul interlocuteur, PISKORSKI<\/td>\n<\/tr>\n<tr>\n<td height=\"33\">Qualit\u00e9 garantie, sinon \u00e9change<\/td>\n<\/tr>\n<tr>\n<td rowspan=\"3\" height=\"118\">Livraison<\/td>\n<td rowspan=\"3\">Aucune, sacs \u00e0 manipuler<\/td>\n<td width=\"262\">Livraison \u00e0 domicile dans lieu de stockage avec transpalette motoris\u00e9<\/td>\n<\/tr>\n<tr>\n<td height=\"20\">Sur Rendez-vous<\/td>\n<\/tr>\n<tr>\n<td width=\"262\" height=\"40\">Camions d\u00e9di\u00e9s \u00e0 la livraison de palettes de granul\u00e9s<\/td>\n<\/tr>\n<tr>\n<td height=\"33\">Confirmation rendez-vous<\/td>\n<td>NA<\/td>\n<td>T\u00e9l\u00e9phonique sous 48h<\/td>\n<\/tr>\n<tr>\n<td height=\"32\">Qualit\u00e9 de combustion<\/td>\n<td>Cendres collantes \/ vitre sale<\/td>\n<td>Peu de cendres et vitre propre<\/td>\n<\/tr>\n<tr>\n<td rowspan=\"2\" height=\"60\">Paiement<\/td>\n<td rowspan=\"2\">A la caisse<\/td>\n<td width=\"262\">Par ch\u00e8que, carte bleue, ou par internet \u00e0 la livraison<\/td>\n<\/tr>\n<tr>\n<td width=\"262\" height=\"20\">Paiement en 2 fois par ch\u00e8que possible<\/td>\n<\/tr>\n<tr>\n<td height=\"31\">Pouvoir calorifique<\/td>\n<td>Inconstant<\/td>\n<td>environ 5,0 kWh\/kg<\/td>\n<\/tr>\n<tr>\n<td height=\"42\">Disponibilit\u00e9<\/td>\n<td>Selon saisons (ruptures en hiver)<\/td>\n<td>Garantie toute l&rsquo;ann\u00e9e<\/td>\n<\/tr>\n<\/tbody>\n<\/table>\n<p>Le forfait rangement est n\u00e9cessaire dans le cas o\u00f9 il faut d\u00e9faire la palette et d\u00e9poser les sacs 1 par 1 dans le lieu de stockage, dans la limite du raisonnable (pas de caves, ni \u00e0 l&rsquo;\u00e9tage, ni dans des endroits o\u00f9 le livreur pourrait se blesser lors du rangement)eurthe et Moselle, Ardennes, Marne, \u00e0 domicile sans frais suppl\u00e9mentaires.<\/p>\n<div class=\"text-seo\">\n<h2>Vente en ligne de bois de chauffage, pellets &amp; bois compress\u00e9<\/h2>\n<p><strong>Piskorski bois energie<\/strong>\u00a0met \u00e0 disposition des\u00a0<strong>solutions de chauffage<\/strong>\u00a0hautes performances pour tout type d\u2019appareil.\u00a0<strong>Bois b\u00fbche<\/strong>,\u00a0<strong>granul\u00e9s de bois<\/strong>,\u00a0<strong>b\u00fbches densifi\u00e9es<\/strong>\u00a0&amp;\u00a0<strong>bois pour four \u00e0 bois<\/strong>, les produits propos\u00e9s sur la\u00a0<strong>boutique en ligne<\/strong>\u00a0sont garantis de qualit\u00e9 et conf\u00e8rent un pouvoir calorifique \u00e9lev\u00e9 pour une chauffe optimale de votre int\u00e9rieur.\u00a0<strong>Exploitant forestier en Lorraine<\/strong>, Piskorski propose du\u00a0<strong>bois de chauffage et pellets<\/strong>\u00a0issus de son exploitation et travaille \u00e9galement avec des marques reconnues afin d\u2019\u00e9largir sa gamme. Pour une offre compl\u00e8te, accessoires pour l\u2019<strong>allumage du feu<\/strong>\u00a0et pour les appareils de chauffage (<strong>serviteurs<\/strong>,\u00a0<strong>rangements pour le bois<\/strong>,\u00a0<strong>produits d\u2019entretien pour chemin\u00e9e et po\u00eale<\/strong>&#8230;) sont \u00e9galement disponibles sur notre site de\u00a0<strong>vente en ligne<\/strong>.<\/p>\n<\/div>\n<\/div>\n<\/div>\n<\/div>\n<\/div>\n<div class=\"block products_block clearfix\">\n<ul id=\"idTab2\" class=\"bullet\">\n<li>Poids\u00a01080 kg<\/li>\n<li>Pouvoir calorifique\u00a05 kWh\/kg<\/li>\n<li>Essences\u00a0100% r\u00e9sineux<\/li>\n<li>Format\u00a0Sacs de 15kg<\/li>\n<li>Stockage\u00a0Palette de 72 sacs<\/li>\n<\/ul>\n<\/div>\n","protected":false},"excerpt":{"rendered":"<p>Le prix comprend la livraison des sacs \u00e0 domicile, sous r\u00e9serve d&rsquo;accessibilit\u00e9 raisonnable, sans d\u00e9filmer la palette. &nbsp; Les granul\u00e9s<\/p>\n","protected":false},"featured_media":9094,"comment_status":"closed","ping_status":"closed","template":"","meta":[],"product_brand":[],"product_cat":[81],"product_tag":[],"class_list":{"0":"post-9236","1":"product","2":"type-product","3":"status-publish","4":"has-post-thumbnail","6":"product_cat-palette","8":"first","9":"instock","10":"shipping-taxable","11":"purchasable","12":"product-type-simple"},"jetpack_sharing_enabled":true,"_links":{"self":[{"href":"https:\/\/troncybois.com\/index.php?rest_route=\/wp\/v2\/product\/9236","targetHints":{"allow":["GET"]}}],"collection":[{"href":"https:\/\/troncybois.com\/index.php?rest_route=\/wp\/v2\/product"}],"about":[{"href":"https:\/\/troncybois.com\/index.php?rest_route=\/wp\/v2\/types\/product"}],"replies":[{"embeddable":true,"href":"https:\/\/troncybois.com\/index.php?rest_route=%2Fwp%2Fv2%2Fcomments&post=9236"}],"version-history":[{"count":1,"href":"https:\/\/troncybois.com\/index.php?rest_route=\/wp\/v2\/product\/9236\/revisions"}],"predecessor-version":[{"id":9296,"href":"https:\/\/troncybois.com\/index.php?rest_route=\/wp\/v2\/product\/9236\/revisions\/9296"}],"wp:featuredmedia":[{"embeddable":true,"href":"https:\/\/troncybois.com\/index.php?rest_route=\/wp\/v2\/media\/9094"}],"wp:attachment":[{"href":"https:\/\/troncybois.com\/index.php?rest_route=%2Fwp%2Fv2%2Fmedia&parent=9236"}],"wp:term":[{"taxonomy":"product_brand","embeddable":true,"href":"https:\/\/troncybois.com\/index.php?rest_route=%2Fwp%2Fv2%2Fproduct_brand&post=9236"},{"taxonomy":"product_cat","embeddable":true,"href":"https:\/\/troncybois.com\/index.php?rest_route=%2Fwp%2Fv2%2Fproduct_cat&post=9236"},{"taxonomy":"product_tag","embeddable":true,"href":"https:\/\/troncybois.com\/index.php?rest_route=%2Fwp%2Fv2%2Fproduct_tag&post=9236"}],"curies":[{"name":"wp","href":"https:\/\/api.w.org\/{rel}","templated":true}]}}