{"id":9235,"date":"2022-10-24T14:11:23","date_gmt":"2022-10-24T12:11:23","guid":{"rendered":"https:\/\/antiquewhite-gerbil-448984.hostingersite.com\/?post_type=product&#038;p=9235"},"modified":"2024-05-30T00:19:39","modified_gmt":"2024-05-29T22:19:39","slug":"granules-bois-e02-palette-de-104-sac-10-kg","status":"publish","type":"product","link":"https:\/\/troncybois.com\/?product=granules-bois-e02-palette-de-104-sac-10-kg","title":{"rendered":"Granul\u00e9s BOIS E02 palette de 104 Sac 10 kg"},"content":{"rendered":"<p>Ce pellet de qualit\u00e9, reconnu pour sa fiabilit\u00e9, apporte une source de chaleur \u00e0 haut pouvoir calorifique.<br \/>\nC\u2019est \u00e0 partir d\u2019un processus de fabrication strict que les pellets EO2 sont produits.<\/p>\n","protected":false},"excerpt":{"rendered":"<p>Ce pellet de qualit\u00e9, reconnu pour sa fiabilit\u00e9, apporte une source de chaleur \u00e0 haut pouvoir calorifique.<br \/>\nC\u2019est \u00e0 partir d\u2019un processus de fabrication strict que les pellets EO2 sont produits.<\/p>\n","protected":false},"featured_media":9085,"comment_status":"closed","ping_status":"closed","template":"","meta":[],"product_brand":[],"product_cat":[86],"product_tag":[],"class_list":{"0":"post-9235","1":"product","2":"type-product","3":"status-publish","4":"has-post-thumbnail","6":"product_cat-palette-de-briquettes","8":"first","9":"instock","10":"shipping-taxable","11":"purchasable","12":"product-type-simple"},"jetpack_sharing_enabled":true,"_links":{"self":[{"href":"https:\/\/troncybois.com\/index.php?rest_route=\/wp\/v2\/product\/9235","targetHints":{"allow":["GET"]}}],"collection":[{"href":"https:\/\/troncybois.com\/index.php?rest_route=\/wp\/v2\/product"}],"about":[{"href":"https:\/\/troncybois.com\/index.php?rest_route=\/wp\/v2\/types\/product"}],"replies":[{"embeddable":true,"href":"https:\/\/troncybois.com\/index.php?rest_route=%2Fwp%2Fv2%2Fcomments&post=9235"}],"version-history":[{"count":1,"href":"https:\/\/troncybois.com\/index.php?rest_route=\/wp\/v2\/product\/9235\/revisions"}],"predecessor-version":[{"id":9294,"href":"https:\/\/troncybois.com\/index.php?rest_route=\/wp\/v2\/product\/9235\/revisions\/9294"}],"wp:featuredmedia":[{"embeddable":true,"href":"https:\/\/troncybois.com\/index.php?rest_route=\/wp\/v2\/media\/9085"}],"wp:attachment":[{"href":"https:\/\/troncybois.com\/index.php?rest_route=%2Fwp%2Fv2%2Fmedia&parent=9235"}],"wp:term":[{"taxonomy":"product_brand","embeddable":true,"href":"https:\/\/troncybois.com\/index.php?rest_route=%2Fwp%2Fv2%2Fproduct_brand&post=9235"},{"taxonomy":"product_cat","embeddable":true,"href":"https:\/\/troncybois.com\/index.php?rest_route=%2Fwp%2Fv2%2Fproduct_cat&post=9235"},{"taxonomy":"product_tag","embeddable":true,"href":"https:\/\/troncybois.com\/index.php?rest_route=%2Fwp%2Fv2%2Fproduct_tag&post=9235"}],"curies":[{"name":"wp","href":"https:\/\/api.w.org\/{rel}","templated":true}]}}