{"id":9233,"date":"2022-10-24T14:11:23","date_gmt":"2022-10-24T12:11:23","guid":{"rendered":"https:\/\/antiquewhite-gerbil-448984.hostingersite.com\/?post_type=product&#038;p=9233"},"modified":"2024-05-29T23:41:04","modified_gmt":"2024-05-29T21:41:04","slug":"palette-de-briquettes-de-bois-biobriq-megaruf-972kg","status":"publish","type":"product","link":"https:\/\/troncybois.com\/?product=palette-de-briquettes-de-bois-biobriq-megaruf-972kg","title":{"rendered":"Palette de briquettes de bois BioBriq MegaRuf (972Kg)"},"content":{"rendered":"<h1><strong>Palette de briquettes de bois BioBriq MegaRuf (972Kg)<\/strong><\/h1>\n<p>Le BIOBRIQ est un produit 100% belge. Les briquettes sont principalement fabriqu\u00e9es \u00e0 partir de copeaux de bois issus de l\u2019\u00e9lagage et de la gestion foresti\u00e8re. L\u2019\u00e9nergie n\u00e9cessaire \u00e0 la production de briquettes est 100% verte (biogaz).<\/p>\n<p>Les briquettes de bois BIOBRIQ sont \u00e9galement tr\u00e8s \u00e9conomiques. Gr\u00e2ce \u00e0 son pouvoir calorifique tr\u00e8s \u00e9lev\u00e9, un seul BIOBRIQ suffit pour une chaleur agr\u00e9able de 3 heures accompagn\u00e9e d\u2019une belle flamme. L\u2019efficacit\u00e9 \u00e9nerg\u00e9tique est consid\u00e9rablement plus \u00e9lev\u00e9e qu\u2019avec le bois traditionnel et vous br\u00fblez \u00e9galement un produit durable et \u00e9cologique.<\/p>\n<p>Une palette de BIOBRIQ correspond \u00e0 4 st\u00e8res de bois dur et sec.<\/p>\n<p>Aucun arbre n\u2019a \u00e9t\u00e9 coup\u00e9 pour la production du BIOBRIQ et le chauffage au BIOBRIQ n\u2019a aucune influence sur l\u2019effet de serre et n\u2019augmente pas les \u00e9missions de CO2. C\u2019est ainsi que nous aidons notre plan\u00e8te.<\/p>\n<p>Les briquettes BIOBRIQ peuvent \u00eatre utilis\u00e9es dans tout type de po\u00eale ouvert ou ferm\u00e9 et conviennent particuli\u00e8rement aux professionnels de la cuisine (restaurant, pizzeria, \u2026).<\/p>\n<p><strong>Caract\u00e9ristiques:<\/strong><\/p>\n<ul>\n<li>Long temps de combustion;<\/li>\n<li>D\u00e9gagement de chaleur lent et intense;<\/li>\n<li>Fabriqu\u00e9 sous haute pression sans ajout de liant;<\/li>\n<li>Facile \u00e0 allumer;<\/li>\n<li>Belle flamme;<\/li>\n<li>Notre choix en briquette de longue dur\u00e9e<\/li>\n<li>Briquettes plus grandes de RUF, m\u00e9lange de bois et de fabrication \u00e9cologique.<\/li>\n<\/ul>\n","protected":false},"excerpt":{"rendered":"<ul>\n<li><strong>Combustion lente de tr\u00e8s longue dur\u00e9e<\/strong><\/li>\n<li><strong>Tr\u00e8s \u00e9conomique: A pr\u00e9coniser avant toute autre briquette<\/strong><\/li>\n<li><strong>Fabriqu\u00e9 sans ajout de liant<\/strong><\/li>\n<li><strong>Facile \u00e0 allumer<\/strong><\/li>\n<li><strong>Belle flamme<\/strong><\/li>\n<li><strong>1 palette = 108 paquets de 9 kg<\/strong><\/li>\n<li><strong>Pour commander une demi-palette ou d\u2019autres quantit\u00e9s, contactez-nous.<\/strong><\/li>\n<\/ul>\n","protected":false},"featured_media":9288,"comment_status":"closed","ping_status":"closed","template":"","meta":[],"product_brand":[],"product_cat":[86],"product_tag":[],"class_list":{"0":"post-9233","1":"product","2":"type-product","3":"status-publish","4":"has-post-thumbnail","6":"product_cat-palette-de-briquettes","8":"first","9":"instock","10":"sale","11":"shipping-taxable","12":"purchasable","13":"product-type-simple"},"jetpack_sharing_enabled":true,"_links":{"self":[{"href":"https:\/\/troncybois.com\/index.php?rest_route=\/wp\/v2\/product\/9233","targetHints":{"allow":["GET"]}}],"collection":[{"href":"https:\/\/troncybois.com\/index.php?rest_route=\/wp\/v2\/product"}],"about":[{"href":"https:\/\/troncybois.com\/index.php?rest_route=\/wp\/v2\/types\/product"}],"replies":[{"embeddable":true,"href":"https:\/\/troncybois.com\/index.php?rest_route=%2Fwp%2Fv2%2Fcomments&post=9233"}],"version-history":[{"count":1,"href":"https:\/\/troncybois.com\/index.php?rest_route=\/wp\/v2\/product\/9233\/revisions"}],"predecessor-version":[{"id":9291,"href":"https:\/\/troncybois.com\/index.php?rest_route=\/wp\/v2\/product\/9233\/revisions\/9291"}],"wp:featuredmedia":[{"embeddable":true,"href":"https:\/\/troncybois.com\/index.php?rest_route=\/wp\/v2\/media\/9288"}],"wp:attachment":[{"href":"https:\/\/troncybois.com\/index.php?rest_route=%2Fwp%2Fv2%2Fmedia&parent=9233"}],"wp:term":[{"taxonomy":"product_brand","embeddable":true,"href":"https:\/\/troncybois.com\/index.php?rest_route=%2Fwp%2Fv2%2Fproduct_brand&post=9233"},{"taxonomy":"product_cat","embeddable":true,"href":"https:\/\/troncybois.com\/index.php?rest_route=%2Fwp%2Fv2%2Fproduct_cat&post=9233"},{"taxonomy":"product_tag","embeddable":true,"href":"https:\/\/troncybois.com\/index.php?rest_route=%2Fwp%2Fv2%2Fproduct_tag&post=9233"}],"curies":[{"name":"wp","href":"https:\/\/api.w.org\/{rel}","templated":true}]}}