{"id":9232,"date":"2022-10-24T14:11:23","date_gmt":"2022-10-24T12:11:23","guid":{"rendered":"https:\/\/antiquewhite-gerbil-448984.hostingersite.com\/?post_type=product&#038;p=9232"},"modified":"2024-05-29T23:40:37","modified_gmt":"2024-05-29T21:40:37","slug":"briquettes-de-bois-nestro-chene-palette-960kg","status":"publish","type":"product","link":"https:\/\/troncybois.com\/?product=briquettes-de-bois-nestro-chene-palette-960kg","title":{"rendered":"Briquettes de bois Nestro Ch\u00eane palette (960Kg)"},"content":{"rendered":"<h1>Briquettes de bois Nestro Ch\u00eane<\/h1>\n<h3>COMMENT SONT FABRIQU\u00c9ES LES BRIQUETTES EN BOIS DE CH\u00caNE NESTRO?<\/h3>\n<p>Les briquettes de bois de ch\u00eane Nestro sont press\u00e9es sous tr\u00e8s haute pression et temp\u00e9rature. Ils sont press\u00e9s de mani\u00e8re \u00e0 obtenir une forme ronde \u00e9paisse. Tout comme un tronc d\u2019arbre. Pour le ch\u00eane nestro, seule de la sciure de ch\u00eane non trait\u00e9e et s\u00e9ch\u00e9e est utilis\u00e9e, ce qui reste de l\u2019industrie des meubles. De cette fa\u00e7on, toutes les parties de l\u2019arbre sont certainement utilis\u00e9es et rien n\u2019est perdu. Le ch\u00eane nestro ne contient pas non plus de liants ajout\u00e9s! Cette briquette est li\u00e9e par de la lignine qui se trouve dans le bois et est lib\u00e9r\u00e9e lors du pressage. La densit\u00e9 \u00e9lev\u00e9e du type de bois et le pressage garantissent qu\u2019il dure tr\u00e8s longtemps et a une valeur de combustion extr\u00eamement \u00e9lev\u00e9e. Ils sont tr\u00e8s compacts ce qui les rend faciles \u00e0 chauffer.<\/p>\n<p>&nbsp;<\/p>\n<h3>COMMENT \u00c7A MARCHE<\/h3>\n<p>Le ch\u00eane Nestro br\u00fble rapidement en raison de la tr\u00e8s faible teneur en humidit\u00e9. Il faut juste un peu plus de temps que pini kay pour commencer \u00e0 br\u00fbler. Une fois qu\u2019il br\u00fble, il donne une chaleur uniforme et confortable au sommet d\u2019une flamme vive. Au cours de la combustion, il donne progressivement de plus en plus de chaleur. Il ne s\u2019agit donc pas d\u2019un br\u00fbleur rapide mais d\u2019un br\u00fbleur lent. Pour une briquette \u00e0 combustion rapide, vous trouverez plus d\u2019informations sur le pini kay\u00a0<a href=\"https:\/\/woodcom.eu\/?p=2146&amp;lang=fr\">ici<\/a>.<\/p>\n<p>&nbsp;<\/p>\n<h3>QUELLE EST LA PARTICULARIT\u00c9?<\/h3>\n<p>La particularit\u00e9 de cette briquette est qu\u2019elle est avant tout en ch\u00eane. Cela garantit le meilleur rendement possible et la meilleure durabilit\u00e9. Deuxi\u00e8mement, le pressage et la forme garantissent une combustion plus longue que les autres briquettes \u00e0 combustion rapide telles que le pini kay. De plus, il a une tr\u00e8s belle forme, ce qui lui donne le \u201clook\u201d d\u2019un tronc d\u2019arbre. Cela en fait le remplacement id\u00e9al du bois de chauffage ordinaire. Il br\u00fble tr\u00e8s uniform\u00e9ment et donne une flamme vive. Pour une briquette avec une flamme inf\u00e9rieure, vous pouvez trouver des informations sur les briquettes\u00a0RUF\u00a0ici.<\/p>\n<p>&nbsp;<\/p>\n<p>N\u2019h\u00e9sitez pas et commandez vite pour vivre vous-m\u00eame ses belles flammes et sa chaleur douillette!<\/p>\n<h4>Propri\u00e9t\u00e9s des briquettes Nestro ch\u00eane:<\/h4>\n<ul>\n<li>Convient aux po\u00eales et foyers de taille moyenne \u00e0 grande<\/li>\n<li>Chaleur lente \u2013 flammes vives<\/li>\n<li>Sans humidit\u00e9 \u2013 chaleur immediate<\/li>\n<li>Emball\u00e9 en sac<\/li>\n<li>Mati\u00e8re premi\u00e8re: 100% sciure de ch\u00eane<\/li>\n<li>Alternative parfaite au bois de chauffage<\/li>\n<\/ul>\n","protected":false},"excerpt":{"rendered":"<ul>\n<li><strong>Chaleur lente \u2013 flammes vives<\/strong><\/li>\n<li><strong>Sans humidit\u00e9 \u2013 chaleur\u00a0<\/strong><b>imm\u00e9diate<\/b><\/li>\n<li>Mati\u00e8re premi\u00e8re: 100% sciure de ch\u00eane<\/li>\n<li>Alternative parfaite au bois de chauffage<\/li>\n<li>Emballage: en sac<\/li>\n<\/ul>\n","protected":false},"featured_media":9284,"comment_status":"closed","ping_status":"closed","template":"","meta":[],"product_brand":[],"product_cat":[81,87],"product_tag":[],"class_list":{"0":"post-9232","1":"product","2":"type-product","3":"status-publish","4":"has-post-thumbnail","6":"product_cat-palette","7":"product_cat-palette-de-charbon","9":"first","10":"instock","11":"sale","12":"shipping-taxable","13":"purchasable","14":"product-type-simple"},"jetpack_sharing_enabled":true,"_links":{"self":[{"href":"https:\/\/troncybois.com\/index.php?rest_route=\/wp\/v2\/product\/9232","targetHints":{"allow":["GET"]}}],"collection":[{"href":"https:\/\/troncybois.com\/index.php?rest_route=\/wp\/v2\/product"}],"about":[{"href":"https:\/\/troncybois.com\/index.php?rest_route=\/wp\/v2\/types\/product"}],"replies":[{"embeddable":true,"href":"https:\/\/troncybois.com\/index.php?rest_route=%2Fwp%2Fv2%2Fcomments&post=9232"}],"version-history":[{"count":1,"href":"https:\/\/troncybois.com\/index.php?rest_route=\/wp\/v2\/product\/9232\/revisions"}],"predecessor-version":[{"id":9287,"href":"https:\/\/troncybois.com\/index.php?rest_route=\/wp\/v2\/product\/9232\/revisions\/9287"}],"wp:featuredmedia":[{"embeddable":true,"href":"https:\/\/troncybois.com\/index.php?rest_route=\/wp\/v2\/media\/9284"}],"wp:attachment":[{"href":"https:\/\/troncybois.com\/index.php?rest_route=%2Fwp%2Fv2%2Fmedia&parent=9232"}],"wp:term":[{"taxonomy":"product_brand","embeddable":true,"href":"https:\/\/troncybois.com\/index.php?rest_route=%2Fwp%2Fv2%2Fproduct_brand&post=9232"},{"taxonomy":"product_cat","embeddable":true,"href":"https:\/\/troncybois.com\/index.php?rest_route=%2Fwp%2Fv2%2Fproduct_cat&post=9232"},{"taxonomy":"product_tag","embeddable":true,"href":"https:\/\/troncybois.com\/index.php?rest_route=%2Fwp%2Fv2%2Fproduct_tag&post=9232"}],"curies":[{"name":"wp","href":"https:\/\/api.w.org\/{rel}","templated":true}]}}