{"id":9231,"date":"2022-10-24T14:11:23","date_gmt":"2022-10-24T12:11:23","guid":{"rendered":"https:\/\/antiquewhite-gerbil-448984.hostingersite.com\/?post_type=product&#038;p=9231"},"modified":"2024-05-29T23:40:11","modified_gmt":"2024-05-29T21:40:11","slug":"briquettes-de-bois-pinikay-100-chene-palette-960kg","status":"publish","type":"product","link":"https:\/\/troncybois.com\/?product=briquettes-de-bois-pinikay-100-chene-palette-960kg","title":{"rendered":"Briquettes de bois Pinikay 100% ch\u00eane palette (960Kg)"},"content":{"rendered":"<div id=\"tab-description\" class=\"woocommerce-Tabs-panel woocommerce-Tabs-panel--description panel entry-content wc-tab\" role=\"tabpanel\" aria-labelledby=\"tab-title-description\">\n<h1>Briquettes de bois Pini kay<\/h1>\n<h3>COMMENT SONT FABRIQU\u00c9ES LES BRIQUETTES PINI KAY?<\/h3>\n<p>Les briquettes Pini kay sont press\u00e9es sous tr\u00e8s haute pression et temp\u00e9rature. Les briquettes de bois Pini kay sont press\u00e9es de telle mani\u00e8re qu\u2019elles prennent la forme d\u2019une tige avec un trou \u00e0 travers la tige. Ils sont donc tr\u00e8s compacts et ont une densit\u00e9 tr\u00e8s \u00e9lev\u00e9e, ce qui les rend faciles \u00e0 chauffer. Seule la sciure de ch\u00eane s\u00e9ch\u00e9e et non trait\u00e9e de l\u2019industrie du meuble est utilis\u00e9e pour ces briquettes de bois.<\/p>\n<h3>COMMENT \u00c7A MARCHE<\/h3>\n<p>Le pini kay est le plus facile \u00e0 allumer de toutes les briquettes de bois. \u00c0 partir du moment o\u00f9 les flammes d\u2019un allume-feu ou d\u2019une \u00e9co-starter commencent \u00e0 l\u00e9cher la briquette de bois, elle commence \u00e0 br\u00fbler. Une fois que la briquette de bois commence \u00e0 br\u00fbler, elle donne imm\u00e9diatement beaucoup de chaleur. C\u2019est \u00e0 cause du trou dans la briquette de bois. L\u2019oxyg\u00e8ne traverse ce trou et alimente ainsi les flammes. La grande quantit\u00e9 de chaleur \u00e9mise par la briquette de bois la rend id\u00e9ale pour les po\u00eales en st\u00e9atite ou pour allumer des briquettes de lignite. Cette briquette de bois est hautement inflammable et d\u00e9veloppe une \u00e9mission de chaleur rapide et tr\u00e8s \u00e9lev\u00e9e avec une belle et grande flamme et donne plus de chaleur que les autres briquettes, mais pas si longtemps. Pour plus d\u2019informations sur les br\u00fbleurs lents tels que les\u00a0briquettes de bois Nestro\u00a0ou les\u00a0briquettes de bois Ruf, cliquez sur le nom.<\/p>\n<p>&nbsp;<\/p>\n<h3>POURQUOI ACHETER LES BRIQUETTES DE BOIS PINI KAY?<\/h3>\n<p>Les briquettes de bois Pini kay d\u00e9gagent beaucoup de chaleur en une seule fois, ce qui leur conf\u00e8re une tr\u00e8s grande efficacit\u00e9. Ils ont les flammes les plus belles et les plus grandes de toutes les briquettes de bois. Ces briquettes de bois sont tr\u00e8s belles \u00e0 part enti\u00e8re dans le po\u00eale et le rendent imm\u00e9diatement confortable et chaleureux. Si vous br\u00fblez du lignite ou si vous avez une po\u00eale en st\u00e9atite, c\u2019est la briquette de bois par excellence. En r\u00e9sum\u00e9, la briquette de bois Pinikay donne beaucoup de chaleur et une belle flamme!<\/p>\n<p>&nbsp;<\/p>\n<p>N\u2019h\u00e9sitez pas et commandez imm\u00e9diatement des briquettes de bois pinikay pour ressentir vous-m\u00eame la chaleur douillette de cette briquette bois!<\/p>\n<h4>Propri\u00e9t\u00e9s des briquettes Pini kay:<\/h4>\n<ul>\n<li>Convient aux po\u00eales et foyers de taille moyenne \u00e0 grande, po\u00eales en st\u00e9atite<\/li>\n<li>Chaleur rapide \u2013 belles grosses flammes<\/li>\n<li>Sans humidit\u00e9 \u2013 chaleur immediate<\/li>\n<li>bois s\u00e9ch\u00e9 100% ch\u00eane<\/li>\n<\/ul>\n<p><strong>Les briquettes de bois, le bois de chauffage moderne pour votre po\u00eale, votre chemin\u00e9e et votre foyer<\/strong><\/p>\n<\/div>\n<div id=\"gtx-trans\" style=\"position: absolute; left: 0px; top: 107px;\">\n<div class=\"gtx-trans-icon\"><\/div>\n<\/div>\n","protected":false},"excerpt":{"rendered":"<ul>\n<li><strong>Chaleur rapide \u2013 belles grosses flammes<\/strong><\/li>\n<li><strong>Sans humidit\u00e9 \u2013 chaleur immediate<\/strong><\/li>\n<li>Bois s\u00e9ch\u00e9 100% ch\u00eane<\/li>\n<\/ul>\n","protected":false},"featured_media":9281,"comment_status":"closed","ping_status":"closed","template":"","meta":[],"product_brand":[],"product_cat":[81,86,87],"product_tag":[],"class_list":{"0":"post-9231","1":"product","2":"type-product","3":"status-publish","4":"has-post-thumbnail","6":"product_cat-palette","7":"product_cat-palette-de-briquettes","8":"product_cat-palette-de-charbon","10":"first","11":"instock","12":"sale","13":"shipping-taxable","14":"purchasable","15":"product-type-simple"},"jetpack_sharing_enabled":true,"_links":{"self":[{"href":"https:\/\/troncybois.com\/index.php?rest_route=\/wp\/v2\/product\/9231","targetHints":{"allow":["GET"]}}],"collection":[{"href":"https:\/\/troncybois.com\/index.php?rest_route=\/wp\/v2\/product"}],"about":[{"href":"https:\/\/troncybois.com\/index.php?rest_route=\/wp\/v2\/types\/product"}],"replies":[{"embeddable":true,"href":"https:\/\/troncybois.com\/index.php?rest_route=%2Fwp%2Fv2%2Fcomments&post=9231"}],"version-history":[{"count":1,"href":"https:\/\/troncybois.com\/index.php?rest_route=\/wp\/v2\/product\/9231\/revisions"}],"predecessor-version":[{"id":9283,"href":"https:\/\/troncybois.com\/index.php?rest_route=\/wp\/v2\/product\/9231\/revisions\/9283"}],"wp:featuredmedia":[{"embeddable":true,"href":"https:\/\/troncybois.com\/index.php?rest_route=\/wp\/v2\/media\/9281"}],"wp:attachment":[{"href":"https:\/\/troncybois.com\/index.php?rest_route=%2Fwp%2Fv2%2Fmedia&parent=9231"}],"wp:term":[{"taxonomy":"product_brand","embeddable":true,"href":"https:\/\/troncybois.com\/index.php?rest_route=%2Fwp%2Fv2%2Fproduct_brand&post=9231"},{"taxonomy":"product_cat","embeddable":true,"href":"https:\/\/troncybois.com\/index.php?rest_route=%2Fwp%2Fv2%2Fproduct_cat&post=9231"},{"taxonomy":"product_tag","embeddable":true,"href":"https:\/\/troncybois.com\/index.php?rest_route=%2Fwp%2Fv2%2Fproduct_tag&post=9231"}],"curies":[{"name":"wp","href":"https:\/\/api.w.org\/{rel}","templated":true}]}}