{"id":9230,"date":"2022-10-24T14:11:23","date_gmt":"2022-10-24T12:11:23","guid":{"rendered":"https:\/\/antiquewhite-gerbil-448984.hostingersite.com\/?post_type=product&#038;p=9230"},"modified":"2024-05-29T23:25:24","modified_gmt":"2024-05-29T21:25:24","slug":"briquettes-de-bois-ruf-100-chene-palette-960kg","status":"publish","type":"product","link":"https:\/\/troncybois.com\/?product=briquettes-de-bois-ruf-100-chene-palette-960kg","title":{"rendered":"Briquettes de bois Ruf 100% Ch\u00eane palette (960Kg)"},"content":{"rendered":"<h1>Briquettes de bois Ruf 100% Ch\u00eane<\/h1>\n<p>Les briquettes de bois de ch\u00eane RUF sont press\u00e9es sous tr\u00e8s haute pression et temp\u00e9rature. Ils sont press\u00e9s de mani\u00e8re \u00e0 former un faisceau avec le nom RUF imprim\u00e9 dessus. De cette fa\u00e7on, vous savez que vous avez \u201cla vraie affaire\u201d. Pour le pressage de cette briquette de bois, seule la sciure de ch\u00eane pure et non trait\u00e9e utilis\u00e9e dans l\u2019industrie du meuble est utilis\u00e9e. De cette fa\u00e7on, toutes les parties de l\u2019arbre sont pleinement utilis\u00e9es et rien n\u2019est perdu. Les briquettes de bois de ch\u00eane RUF ne contiennent pas non plus de liants. Tout est purement naturel. Les briquettes de bois de ch\u00eane RUF (et toutes nos briquettes de bois en g\u00e9n\u00e9ral) sont li\u00e9es \u00e0 la lignine qui se trouve dans la paroi cellulaire du bois et est lib\u00e9r\u00e9e lors du pressage. La haute densit\u00e9 du ch\u00eane et le pressage garantissent que le RUF br\u00fble tr\u00e8s lentement et tr\u00e8s longtemps. Ils sont tr\u00e8s compacts ce qui les rend faciles \u00e0 chauffer.<\/p>\n<p>&nbsp;<\/p>\n<p>Le ch\u00eane RUF commence \u00e0 br\u00fbler rapidement en raison de sa faible teneur en humidit\u00e9. Mais cela prend encore un peu plus de temps que Pini Kay. Une fois que la briquette de bois commence \u00e0 br\u00fbler, elle donne une merveilleuse chaleur avec une flamme confortable. Il d\u00e9marre lentement et lib\u00e8re sa chaleur sur une p\u00e9riode plus longue que les autres briquettes. Cela fait de lui un br\u00fbleur lent. Pour une briquette \u00e0 combustion rapide, vous trouverez plus d\u2019informations sur\u00a0Pini Kay\u00a0ici.<\/p>\n<p>&nbsp;<\/p>\n<p>Tout d\u2019abord, cette briquette de bois est en ch\u00eane. C\u2019est sp\u00e9cial en soi. La haute densit\u00e9 du bois assure la meilleure valeur de combustion possible. Deuxi\u00e8mement, la forme et le pressage de la briquette garantissent qu\u2019elle br\u00fble le plus longtemps possible dans la chemin\u00e9e. Un br\u00fbleur lent absolu. Le plus grand confort avec le meilleur rendement. Enfin, la briquette RUF br\u00fble tr\u00e8s uniform\u00e9ment et donne une flamme confortable. Pour une flamme plus vive, vous trouverez plus d\u2019informations ici sur les briquettes de bois\u00a0Nestro.<\/p>\n<p>&nbsp;<\/p>\n<p>N\u2019h\u00e9sitez pas et commandez le ch\u00eane RUF pour sentir vous-m\u00eame sa flamme douillette et sa merveilleuse chaleur<\/p>\n","protected":false},"excerpt":{"rendered":"<ul>\n<li><strong>Chaleur lente \u2013 petites flammes<\/strong><\/li>\n<li><strong>Sans humidit\u00e9 \u2013 chaleur\u00a0<\/strong><b>imm\u00e9diate<\/b><\/li>\n<li>Briquette RUF compacte, une alternative valable pour le bois de chauffage classique.<\/li>\n<li>Emballage standard \u2013 sacs de 10 kg (12 briquettes)<\/li>\n<li><strong>Cubes allume-feu gratuits<\/strong><\/li>\n<\/ul>\n","protected":false},"featured_media":9278,"comment_status":"closed","ping_status":"closed","template":"","meta":[],"product_brand":[],"product_cat":[81,86,87],"product_tag":[],"class_list":{"0":"post-9230","1":"product","2":"type-product","3":"status-publish","4":"has-post-thumbnail","6":"product_cat-palette","7":"product_cat-palette-de-briquettes","8":"product_cat-palette-de-charbon","10":"first","11":"instock","12":"shipping-taxable","13":"purchasable","14":"product-type-simple"},"jetpack_sharing_enabled":true,"_links":{"self":[{"href":"https:\/\/troncybois.com\/index.php?rest_route=\/wp\/v2\/product\/9230","targetHints":{"allow":["GET"]}}],"collection":[{"href":"https:\/\/troncybois.com\/index.php?rest_route=\/wp\/v2\/product"}],"about":[{"href":"https:\/\/troncybois.com\/index.php?rest_route=\/wp\/v2\/types\/product"}],"replies":[{"embeddable":true,"href":"https:\/\/troncybois.com\/index.php?rest_route=%2Fwp%2Fv2%2Fcomments&post=9230"}],"version-history":[{"count":1,"href":"https:\/\/troncybois.com\/index.php?rest_route=\/wp\/v2\/product\/9230\/revisions"}],"predecessor-version":[{"id":9280,"href":"https:\/\/troncybois.com\/index.php?rest_route=\/wp\/v2\/product\/9230\/revisions\/9280"}],"wp:featuredmedia":[{"embeddable":true,"href":"https:\/\/troncybois.com\/index.php?rest_route=\/wp\/v2\/media\/9278"}],"wp:attachment":[{"href":"https:\/\/troncybois.com\/index.php?rest_route=%2Fwp%2Fv2%2Fmedia&parent=9230"}],"wp:term":[{"taxonomy":"product_brand","embeddable":true,"href":"https:\/\/troncybois.com\/index.php?rest_route=%2Fwp%2Fv2%2Fproduct_brand&post=9230"},{"taxonomy":"product_cat","embeddable":true,"href":"https:\/\/troncybois.com\/index.php?rest_route=%2Fwp%2Fv2%2Fproduct_cat&post=9230"},{"taxonomy":"product_tag","embeddable":true,"href":"https:\/\/troncybois.com\/index.php?rest_route=%2Fwp%2Fv2%2Fproduct_tag&post=9230"}],"curies":[{"name":"wp","href":"https:\/\/api.w.org\/{rel}","templated":true}]}}