{"id":9228,"date":"2022-10-24T14:11:23","date_gmt":"2022-10-24T12:11:23","guid":{"rendered":"https:\/\/antiquewhite-gerbil-448984.hostingersite.com\/?post_type=product&#038;p=9228"},"modified":"2024-05-29T23:29:30","modified_gmt":"2024-05-29T21:29:30","slug":"charbonettes-50-cm-2","status":"publish","type":"product","link":"https:\/\/troncybois.com\/?product=charbonettes-50-cm-2","title":{"rendered":"Charbonettes \u2013 50 cm"},"content":{"rendered":"<p>Les charbonettes 50 cm garantissent un allumage facile et de belles flammes. La monte\u0301e en tempe\u0301rature est extre\u0302mement rapide et permet d\u2019atteindre le niveau de chauffe ide\u0301al pour une\u00a0<strong style=\"font-family: var(--global-body-font-family);\">cuisson authentique<\/strong><span style=\"font-family: var(--global-body-font-family);\">, parfaite et naturelle.<\/span><\/p>\n<div id=\"tab-description\" class=\"woocommerce-Tabs-panel woocommerce-Tabs-panel--description panel entry-content wc-tab\" role=\"tabpanel\" aria-labelledby=\"tab-title-description\">\n<p>Issu de bois de h\u00eatre, il n\u2019y a pas de projections et d\u2019e\u0301clats de bois incandescents. Elles sont propres a\u0300 manipuler, laissant un inte\u0301rieur sain, dans le\u00a0<strong>respect de l\u2019hygie\u0300ne alimentaire<\/strong>. Elles sont id\u00e9ales pour les\u00a0<strong>pizzerias<\/strong>\u00a0et restaurants.<\/p>\n<p><strong>EFFICACE<\/strong><br \/>\nLes B\u00fbches Premium Cr\u00e9pito sp\u00e9ciales cuisson au feu debois sont finement fendues et s\u00e9ch\u00e9es en \u00e9tuve \u00e0 un taux<br \/>\nde 15 % maximum, garantissant un allumage facile et de belles flammes.<br \/>\nLa mont\u00e9e en temp\u00e9rature est extr\u00eamement rapide et permet d\u2019atteindre le niveau de chauffe id\u00e9al pour une<br \/>\ncuisson authentique, parfaite et naturelle. Issu de bois de h\u00eatre, il n\u2019y a pas de projections et d\u2019\u00e9clats de bois incandescents.<\/p>\n<p><strong>PROPRE &amp; SAIN<\/strong><br \/>\nBross\u00e9es en tambour \u00e9corceur,les b\u00fbches sont d\u00e9barrass\u00e9es de la mousse, insecte et \u00e9corce. Elles sont propres \u00e0 manipuler, laissant un int\u00e9rieur sain, dans le respect de l\u2019hygi\u00e8ne alimentaire.<br \/>\nLa combustion optimale des b\u00fbches premium g\u00e9n\u00e8re peu de cendres et les \u00e9missions de suies et particules dans le four sont tr\u00e8s faibles.<\/p>\n<p><strong>PRATIQUE<\/strong><br \/>\nDisponibles en sacs plastiques et en ballots de b\u00fbches en vrac, le stockage, la manutention et la manipulation des<br \/>\nb\u00fbches sont simplifi\u00e9s. De bonnes pizzas cuites au feu sans les contraintes du bois !<\/p>\n<p><strong>CARACT\u00c9RISTIQUES TECHNIQUES<\/strong><\/p>\n<p>Essence 100 % h\u00eatre fran\u00e7ais<br \/>\nTaux d\u2019humidit\u00e9 \u2264 15 %<br \/>\nLongueur 30 cm<br \/>\nSection 100 % fendu (4 \u00e0 7 cm)<br \/>\nPCI sur brut 3,9 kWh.kg-1 \u2264 PCI \u2264 4,2 kWh.Kg-1<br \/>\nTaux d\u2019\u00e9corce &lt; 5 %<br \/>\nTaux de cendre \u2264 1,5 %<br \/>\nComportement \u00e0<br \/>\nl\u2019allumage Mise \u00e0 feu rapide et chaleur imm\u00e9diate<\/p>\n<\/div>\n","protected":false},"excerpt":{"rendered":"<ul class=\"uavc-list\">\n<li>\n<div id=\"list-icon-wrap-8659\" class=\"uavc-list-content\"><span class=\"uavc-list-desc ult-responsive\" data-ultimate-target=\"#list-icon-wrap-8659 .uavc-list-desc\" data-responsive-json-new=\"{&quot;font-size&quot;:&quot;&quot;,&quot;line-height&quot;:&quot;&quot;}\"><strong>Origine :<\/strong>\u00a0100% bois fran\u00e7ais<\/span><\/div>\n<\/li>\n<li>\n<div id=\"list-icon-wrap-7935\" class=\"uavc-list-content\">\n<div class=\"uavc-list-icon \" data-animation=\"\" data-animation-delay=\"03\">\n<div class=\"ult-just-icon-wrapper \">\n<div class=\"align-icon\">\n<div class=\"aio-icon none \"><span class=\"uavc-list-desc ult-responsive\" data-ultimate-target=\"#list-icon-wrap-7935 .uavc-list-desc\" data-responsive-json-new=\"{&quot;font-size&quot;:&quot;&quot;,&quot;line-height&quot;:&quot;&quot;}\"><strong>Essence :<\/strong>\u00a0100% ch\u00eane<\/span><\/div>\n<\/div>\n<\/div>\n<\/div>\n<\/div>\n<\/li>\n<li>\n<div id=\"list-icon-wrap-3201\" class=\"uavc-list-content\">\n<div class=\"uavc-list-icon \" data-animation=\"\" data-animation-delay=\"03\">\n<div class=\"ult-just-icon-wrapper \">\n<div class=\"align-icon\">\n<div class=\"aio-icon none \"><span class=\"uavc-list-desc ult-responsive\" data-ultimate-target=\"#list-icon-wrap-3201 .uavc-list-desc\" data-responsive-json-new=\"{&quot;font-size&quot;:&quot;&quot;,&quot;line-height&quot;:&quot;&quot;}\"><strong>Longueur :<\/strong>\u00a050 cm<\/span><\/div>\n<\/div>\n<\/div>\n<\/div>\n<\/div>\n<\/li>\n<li>\n<div id=\"list-icon-wrap-5402\" class=\"uavc-list-content\">\n<div class=\"uavc-list-icon \" data-animation=\"\" data-animation-delay=\"03\">\n<div class=\"ult-just-icon-wrapper \">\n<div class=\"align-icon\">\n<div class=\"aio-icon none \"><span class=\"uavc-list-desc ult-responsive\" data-ultimate-target=\"#list-icon-wrap-5402 .uavc-list-desc\" data-responsive-json-new=\"{&quot;font-size&quot;:&quot;&quot;,&quot;line-height&quot;:&quot;&quot;}\"><strong>Quantit\u00e9 :<\/strong>\u00a0<strong>1.20 m3<\/strong>\u00a0par palette (<span class=\"s1\">1.50 st\u00e8res<\/span>)<\/span><\/div>\n<\/div>\n<\/div>\n<\/div>\n<\/div>\n<\/li>\n<li>\n<div id=\"list-icon-wrap-8147\" class=\"uavc-list-content\">\n<div class=\"uavc-list-icon \" data-animation=\"\" data-animation-delay=\"03\">\n<div class=\"ult-just-icon-wrapper \">\n<div class=\"align-icon\">\n<div class=\"aio-icon none \"><span class=\"uavc-list-desc ult-responsive\" data-ultimate-target=\"#list-icon-wrap-8147 .uavc-list-desc\" data-responsive-json-new=\"{&quot;font-size&quot;:&quot;&quot;,&quot;line-height&quot;:&quot;&quot;}\"><strong>Unit\u00e9 de vente :<\/strong>\u00a0par palette<\/span><\/div>\n<\/div>\n<\/div>\n<\/div>\n<\/div>\n<\/li>\n<\/ul>\n","protected":false},"featured_media":9273,"comment_status":"closed","ping_status":"closed","template":"","meta":[],"product_brand":[],"product_cat":[81,87],"product_tag":[],"class_list":{"0":"post-9228","1":"product","2":"type-product","3":"status-publish","4":"has-post-thumbnail","6":"product_cat-palette","7":"product_cat-palette-de-charbon","9":"first","10":"instock","11":"sale","12":"shipping-taxable","13":"purchasable","14":"product-type-simple"},"jetpack_sharing_enabled":true,"_links":{"self":[{"href":"https:\/\/troncybois.com\/index.php?rest_route=\/wp\/v2\/product\/9228","targetHints":{"allow":["GET"]}}],"collection":[{"href":"https:\/\/troncybois.com\/index.php?rest_route=\/wp\/v2\/product"}],"about":[{"href":"https:\/\/troncybois.com\/index.php?rest_route=\/wp\/v2\/types\/product"}],"replies":[{"embeddable":true,"href":"https:\/\/troncybois.com\/index.php?rest_route=%2Fwp%2Fv2%2Fcomments&post=9228"}],"version-history":[{"count":1,"href":"https:\/\/troncybois.com\/index.php?rest_route=\/wp\/v2\/product\/9228\/revisions"}],"predecessor-version":[{"id":9274,"href":"https:\/\/troncybois.com\/index.php?rest_route=\/wp\/v2\/product\/9228\/revisions\/9274"}],"wp:featuredmedia":[{"embeddable":true,"href":"https:\/\/troncybois.com\/index.php?rest_route=\/wp\/v2\/media\/9273"}],"wp:attachment":[{"href":"https:\/\/troncybois.com\/index.php?rest_route=%2Fwp%2Fv2%2Fmedia&parent=9228"}],"wp:term":[{"taxonomy":"product_brand","embeddable":true,"href":"https:\/\/troncybois.com\/index.php?rest_route=%2Fwp%2Fv2%2Fproduct_brand&post=9228"},{"taxonomy":"product_cat","embeddable":true,"href":"https:\/\/troncybois.com\/index.php?rest_route=%2Fwp%2Fv2%2Fproduct_cat&post=9228"},{"taxonomy":"product_tag","embeddable":true,"href":"https:\/\/troncybois.com\/index.php?rest_route=%2Fwp%2Fv2%2Fproduct_tag&post=9228"}],"curies":[{"name":"wp","href":"https:\/\/api.w.org\/{rel}","templated":true}]}}