{"id":9225,"date":"2022-10-24T14:11:23","date_gmt":"2022-10-24T12:11:23","guid":{"rendered":"https:\/\/antiquewhite-gerbil-448984.hostingersite.com\/?post_type=product&#038;p=9225"},"modified":"2024-05-29T23:37:03","modified_gmt":"2024-05-29T21:37:03","slug":"palette-de-charbon-100-anthracite-a12-22mm","status":"publish","type":"product","link":"https:\/\/troncybois.com\/?product=palette-de-charbon-100-anthracite-a12-22mm","title":{"rendered":"Palette de Charbon 100% Anthracite (A12-22mm)"},"content":{"rendered":"<p><strong>Palette de Charbon 100% Anthracite (A12-22mm)<\/strong><\/p>\n<p><strong>Nous avons toujours ces types de charbon en stock dans des sacs de 25 kg<\/strong><\/p>\n<p><strong>Disponible dans la taille: 12-22mm<\/strong><br \/>\n<strong>Livrable directement \u00e0 votre domicile.<\/strong><\/p>\n<p>Type de charbon dur avec le plus d\u2019\u00e9nergie de combustion. Ce charbon l\u00e9g\u00e8rement plus dur donne peu de cendres et beaucoup de chaleur. C\u2019est un beau charbon brillant qui ne donne pratiquement pas de poussi\u00e8re.<\/p>\n<p>Convient parfaitement aux po\u00eales \u00e0 charbon, br\u00fbleurs, cassettes int\u00e9gr\u00e9es.<br \/>\nPropri\u00e9t\u00e9s du Charbon 100% Anthracite (A12-22mm)<\/p>\n<p>Anthracite appropri\u00e9 pour chauffer un po\u00eale \u00e0 charbon avec un bec verseur (entonnoir)<br \/>\nDimensions: 12 \u2013 22 mm<br \/>\nVol: 7 \u2013 24%<br \/>\n40 sacs de 25 kg<\/p>\n<p>&nbsp;<\/p>\n<ul>\n<li>Poids: 1000 kg<\/li>\n<li>Dimensions : 120 \u00d7 100 \u00d7 100 cm<\/li>\n<li>Livraison : Livraison \u00e0 domicile, Retrait en magasin<\/li>\n<li>Valeur calorifique; 0,57g:Mj<\/li>\n<li>Au repos: 0,5% \u2013 1,0%<\/li>\n<li>Soufre : \u2013 1%<\/li>\n<\/ul>\n","protected":false},"excerpt":{"rendered":"<div class=\"woocommerce-product-details__short-description\">\n<ul>\n<li><strong>Anthracite appropri\u00e9 pour chauffer un po\u00eale \u00e0 charbon avec un bec verseur (entonnoir)<\/strong><\/li>\n<li><strong>Taille: 12 \u2013 22 mm<\/strong><\/li>\n<li><strong>Vol: 7 \u2013 24%<\/strong><\/li>\n<li><strong>40 sacs de 25 kg<\/strong><\/li>\n<li><strong>Pour commander une demi-palette ou d\u2019autres quantit\u00e9s<\/strong><\/li>\n<\/ul>\n<\/div>\n<form class=\"cart\" action=\"https:\/\/johnen-bois.com\/product\/palette-de-charbon-100-anthracite-a12-22mm\/\" enctype=\"multipart\/form-data\" method=\"post\">\n<div class=\"quantity\">\n<p><label class=\"screen-reader-text\" for=\"quantity_6186003b1969c\">quantit\u00e9 de Palette de Charbon 100% Anthracite (A12-22mm)<\/label><\/p>\n<div class=\"woocommerce-product-details__short-description\">\n<ul>\n<li><strong>Anthracite appropri\u00e9 pour chauffer un po\u00eale \u00e0 charbon avec un bec verseur (entonnoir)<\/strong><\/li>\n<li><strong>Taille: 12 \u2013 22 mm<\/strong><\/li>\n<li><strong>Vol: 7 \u2013 24%<\/strong><\/li>\n<li><strong>40 sacs de 25 kg<\/strong><\/li>\n<li><strong>Pour commander une demi-palette ou d\u2019autres quantit\u00e9s<\/strong><\/li>\n<\/ul>\n<\/div>\n<\/div>\n<\/form>\n","protected":false},"featured_media":9264,"comment_status":"closed","ping_status":"closed","template":"","meta":[],"product_brand":[],"product_cat":[81,87],"product_tag":[],"class_list":{"0":"post-9225","1":"product","2":"type-product","3":"status-publish","4":"has-post-thumbnail","6":"product_cat-palette","7":"product_cat-palette-de-charbon","9":"first","10":"instock","11":"featured","12":"shipping-taxable","13":"purchasable","14":"product-type-simple"},"jetpack_sharing_enabled":true,"_links":{"self":[{"href":"https:\/\/troncybois.com\/index.php?rest_route=\/wp\/v2\/product\/9225","targetHints":{"allow":["GET"]}}],"collection":[{"href":"https:\/\/troncybois.com\/index.php?rest_route=\/wp\/v2\/product"}],"about":[{"href":"https:\/\/troncybois.com\/index.php?rest_route=\/wp\/v2\/types\/product"}],"replies":[{"embeddable":true,"href":"https:\/\/troncybois.com\/index.php?rest_route=%2Fwp%2Fv2%2Fcomments&post=9225"}],"version-history":[{"count":1,"href":"https:\/\/troncybois.com\/index.php?rest_route=\/wp\/v2\/product\/9225\/revisions"}],"predecessor-version":[{"id":9267,"href":"https:\/\/troncybois.com\/index.php?rest_route=\/wp\/v2\/product\/9225\/revisions\/9267"}],"wp:featuredmedia":[{"embeddable":true,"href":"https:\/\/troncybois.com\/index.php?rest_route=\/wp\/v2\/media\/9264"}],"wp:attachment":[{"href":"https:\/\/troncybois.com\/index.php?rest_route=%2Fwp%2Fv2%2Fmedia&parent=9225"}],"wp:term":[{"taxonomy":"product_brand","embeddable":true,"href":"https:\/\/troncybois.com\/index.php?rest_route=%2Fwp%2Fv2%2Fproduct_brand&post=9225"},{"taxonomy":"product_cat","embeddable":true,"href":"https:\/\/troncybois.com\/index.php?rest_route=%2Fwp%2Fv2%2Fproduct_cat&post=9225"},{"taxonomy":"product_tag","embeddable":true,"href":"https:\/\/troncybois.com\/index.php?rest_route=%2Fwp%2Fv2%2Fproduct_tag&post=9225"}],"curies":[{"name":"wp","href":"https:\/\/api.w.org\/{rel}","templated":true}]}}