{"id":9224,"date":"2022-10-24T14:11:23","date_gmt":"2022-10-24T12:11:23","guid":{"rendered":"https:\/\/antiquewhite-gerbil-448984.hostingersite.com\/?post_type=product&#038;p=9224"},"modified":"2024-05-29T23:39:06","modified_gmt":"2024-05-29T21:39:06","slug":"palette-de-charbon-100-anthracite-a20-30mm","status":"publish","type":"product","link":"https:\/\/troncybois.com\/?product=palette-de-charbon-100-anthracite-a20-30mm","title":{"rendered":"Palette de Charbon 100% Anthracite (A20-30mm)"},"content":{"rendered":"<p>Ces charbons sans fum\u00e9e proviennent de la soci\u00e9t\u00e9 allemande Ibbenb\u00fcren.<\/p>\n<p>Combustible naturel sans fum\u00e9e, id\u00e9al pour les po\u00eales, les chaudi\u00e8res et autres appareils ferm\u00e9s.<\/p>\n<p>Le charbon anthracite forme une masse qui cr\u00e9e un lit de combustion intense et durable, id\u00e9al si vous recherchez une chaleur efficace.<\/p>\n<p>Ces charbons sont un carburant de haute qualit\u00e9 qui br\u00fble avec une chaleur forte, une flamme basse et laisse tr\u00e8s peu de cendres.<\/p>\n<p>Gr\u00e2ce aux propri\u00e9t\u00e9s sans fum\u00e9e de l\u2019anthracite, ce charbon ne perturbe pas l\u2019environnement. Parce qu\u2019ils garantissent une combustion tr\u00e8s propre, ils peuvent \u00e9galement \u00eatre utilis\u00e9s dans les po\u00eales \u00e0 vitres.<\/p>\n<p>Ce charbon anthracite de qualit\u00e9 sup\u00e9rieure est reconnu comme un combustible fiable, solide et sans fum\u00e9e.<\/p>\n<p>En br\u00fblant, vous pouvez \u00eatre assur\u00e9 d\u2019une flamme uniforme et de temp\u00e9ratures toujours bonnes. Ils br\u00fblent plus chaud et plus longtemps que le charbon Ibbenb\u00fcren normal.<\/p>\n<h3><strong>PROPRI\u00c9T\u00c9S DU CHARBON 100% ANTHRACITE (A20-30MM)<\/strong><\/h3>\n<ul>\n<li><strong>Taille: 20 \u2013 30 mm<\/strong><\/li>\n<li>Anthracite appropri\u00e9 pour chauffer des po\u00eales \u00e0 charbon (appareils de chauffage continus plus grands) ou des cassettes int\u00e9gr\u00e9es<\/li>\n<li>40 sacs de 25 kg<\/li>\n<li><strong>Top qualit\u00e9 \u00e0 un prix comp\u00e9titif.<\/strong><\/li>\n<\/ul>\n<h3><strong>PRODUITS SP\u00c9CIFICATIONS<\/strong><\/h3>\n<ul>\n<li>Poids : 1000 kg<\/li>\n<li>Dimensions : 120 \u00d7 100 \u00d7 100 cm<\/li>\n<li>Livraison : Livraison \u00e0 domicile, Retrait en magasin<\/li>\n<li>Au repos : 0,5% \u2013 1,0%<\/li>\n<li>Soufre : \u2013 1%<\/li>\n<li>Valeur calorifique : 34000 kJ\/kg<\/li>\n<\/ul>\n","protected":false},"excerpt":{"rendered":"<ul>\n<li><strong>Calibre: 20 \u2013 30 mm<\/strong><\/li>\n<li><strong>Convient aux po\u00eales \u00e0 charbon (grands po\u00eales continus) ou aux cassettes int\u00e9gr\u00e9es<\/strong><\/li>\n<li><strong>40 sacs les 25 kg<\/strong><\/li>\n<li><strong>Pour commander une demi-palette ou d\u2019autres quantit\u00e9s.<\/strong><\/li>\n<li><strong>Pour commander une demi-palette ou d\u2019autres quantit\u00e9s,contactez-nous<\/strong><\/li>\n<\/ul>\n","protected":false},"featured_media":9264,"comment_status":"closed","ping_status":"closed","template":"","meta":[],"product_brand":[],"product_cat":[81,87],"product_tag":[],"class_list":{"0":"post-9224","1":"product","2":"type-product","3":"status-publish","4":"has-post-thumbnail","6":"product_cat-palette","7":"product_cat-palette-de-charbon","9":"first","10":"instock","11":"shipping-taxable","12":"purchasable","13":"product-type-simple"},"jetpack_sharing_enabled":true,"_links":{"self":[{"href":"https:\/\/troncybois.com\/index.php?rest_route=\/wp\/v2\/product\/9224","targetHints":{"allow":["GET"]}}],"collection":[{"href":"https:\/\/troncybois.com\/index.php?rest_route=\/wp\/v2\/product"}],"about":[{"href":"https:\/\/troncybois.com\/index.php?rest_route=\/wp\/v2\/types\/product"}],"replies":[{"embeddable":true,"href":"https:\/\/troncybois.com\/index.php?rest_route=%2Fwp%2Fv2%2Fcomments&post=9224"}],"version-history":[{"count":1,"href":"https:\/\/troncybois.com\/index.php?rest_route=\/wp\/v2\/product\/9224\/revisions"}],"predecessor-version":[{"id":9266,"href":"https:\/\/troncybois.com\/index.php?rest_route=\/wp\/v2\/product\/9224\/revisions\/9266"}],"wp:featuredmedia":[{"embeddable":true,"href":"https:\/\/troncybois.com\/index.php?rest_route=\/wp\/v2\/media\/9264"}],"wp:attachment":[{"href":"https:\/\/troncybois.com\/index.php?rest_route=%2Fwp%2Fv2%2Fmedia&parent=9224"}],"wp:term":[{"taxonomy":"product_brand","embeddable":true,"href":"https:\/\/troncybois.com\/index.php?rest_route=%2Fwp%2Fv2%2Fproduct_brand&post=9224"},{"taxonomy":"product_cat","embeddable":true,"href":"https:\/\/troncybois.com\/index.php?rest_route=%2Fwp%2Fv2%2Fproduct_cat&post=9224"},{"taxonomy":"product_tag","embeddable":true,"href":"https:\/\/troncybois.com\/index.php?rest_route=%2Fwp%2Fv2%2Fproduct_tag&post=9224"}],"curies":[{"name":"wp","href":"https:\/\/api.w.org\/{rel}","templated":true}]}}