{"id":9218,"date":"2022-10-24T14:11:22","date_gmt":"2022-10-24T12:11:22","guid":{"rendered":"https:\/\/antiquewhite-gerbil-448984.hostingersite.com\/?post_type=product&#038;p=9218"},"modified":"2022-10-24T14:11:24","modified_gmt":"2022-10-24T12:11:24","slug":"pellets-premium-crepito","status":"publish","type":"product","link":"https:\/\/troncybois.com\/?product=pellets-premium-crepito","title":{"rendered":"Pellets Premium Cre\u0301pito"},"content":{"rendered":"<p>Les granule\u0301s de bois Cre\u0301pito\u00ae Pellets Premium sont 100 % naturels et issus de la valorisation des co-produits de l\u2019industrie du bois. Leur fabrication est garantie sans additif, ni liant ajoute\u0301. Les granule\u0301s de bois Cre\u0301pito\u00ae offrent d\u2019excellentes performances calorifiques obtenues gra\u0302ce a\u0300 un contro\u0302le qualite\u0301 en temps re\u0301el du process, et des outils de fabrication, garantissant ainsi un rendement maximal des appareils de chauffage aux granule\u0301s.<\/p>\n<ul>\n<li><strong>100% NATUREL<\/strong><\/li>\n<\/ul>\n<p>Les granul\u00e9s de bois Cr\u00e9pito\u00ae Pellets Premium sont 100 % naturels et issus de la valorisation des co-produits de l\u2019industrie du bois. Leur fabrication est garantie sans additif, ni liant ajout\u00e9.<\/p>\n<ul>\n<li><strong>PERFORMANT<\/strong><\/li>\n<\/ul>\n<p>Les granul\u00e9s de bois Cr\u00e9pito\u00ae offrent\u00a0<strong>d\u2019excellentes performances calorifiques<\/strong>\u00a0obtenues gr\u00e2ce \u00e0 un contr\u00f4le qualit\u00e9 en temps r\u00e9el du process, et des outils de fabrication, garantissant ainsi\u00a0<strong>un rendement maximal des appareils de chauffage aux granul\u00e9s.<\/strong><\/p>\n<ul>\n<li><strong>CERTIFI\u00c9<\/strong><\/li>\n<\/ul>\n<p>Les Cr\u00e9pito\u00ae Pellets Premium sont certifi\u00e9s\u00a0<strong>DINplus et NF<\/strong>\u00a0garantissant\u00a0<strong>une s\u00e9curit\u00e9 et un confort d\u2019utilisation optimum.<\/strong>\u00a0Les granul\u00e9s s\u2019\u00e9coulent parfaitement via la vis sans fin dans le syst\u00e8me de l\u2019appareil gr\u00e2ce \u00e0 une granulom\u00e9trie constante et r\u00e9guli\u00e8re.<strong>\u00a0La tr\u00e8s faible teneur en poussi\u00e8re et en humidit\u00e9 des granul\u00e9s Cr\u00e9pito\u00ae, permet d\u2019\u00e9viter tout bourrage ou encrassage et garantit long\u00e9vit\u00e9 \u00e0 l\u2019appareil.<\/strong><\/p>\n<ul>\n<li><strong>LIVRAISON GRATUITE COMPRISE\u202f: 0.00\u20ac<\/strong><\/li>\n<\/ul>\n<p>Livraisons sous 48 heures (c\u2019est \u00e0 dire \u00e0 partir du second jour ouvrable suivant le virement des fonds). Vous choisissez la jour de la livraison et le transporteur vous informe le cr\u00e9neau horaire du la livraison.<\/p>\n<p>Livraison par camion \u00e0 hayon \u00e9quip\u00e9 d\u2019un moffet et\/ou d\u2019un transpalette tout-terrain (moins large et plus l\u00e9ger).<\/p>\n<ul>\n<li><strong>Dimensions du moffet\u202f:<\/strong><br \/>\n\u2022 Longueur 4m<br \/>\n\u2022 Largeur 2,50m<br \/>\n\u2022 Hauteur 2,60m<br \/>\n\u2022 Poids 2,5 tonnes<\/li>\n<\/ul>\n<p>Livraison de la palette assur\u00e9e jusqu\u2019\u00e0 votre lieu de stockage\u00a0<strong>\u00e0 condition de disposer d\u2019un acc\u00e8s pouvant accepter les dimensions du moffet<\/strong>. Le livreur est en mesure de franchir tous les obstacles, il peut passer \u00e0 travers des chemins en gravier, ou monter des pentes ou des bordures.<\/p>\n<ul>\n<li>72 sacs plastique de 15 kg de pellets = 990 kg par palette<\/li>\n<li>Sacs plastique tr\u00e8s robustes<\/li>\n<li>Palettes de bois, non cautionn\u00e9e et suffisamment large (les sacs ne d\u00e9passent pas de la palette et ne se d\u00e9chirent pas)<\/li>\n<li>Palette houss\u00e9e (prot\u00e8ge de la pluie)<\/li>\n<\/ul>\n<ul>\n<li><strong>CARACT\u00c9RISTIQUES TECHNIQUES<\/strong><br \/>\nCertification DINplus \u2013 NF<br \/>\nOrigine 100 % bois vierge<br \/>\nPCI sur brut 4,9 kWh.kg-1 \u2264 PCI \u2264 5,3 kWh.kg-1<br \/>\nTaux de fine &lt; 0,5 %<br \/>\nTaux de cendre<br \/>\n\u00e0 550 \u00b0C \u2264 0,5 %<br \/>\nHumidit\u00e9 \u2264 8 %<br \/>\nLongueur 3,15 mm &lt; Longueur &lt; 40 mm<br \/>\nDiam\u00e8tre 6 mm \u00b11<br \/>\nContr\u00f4le laboratoire CERIC<\/li>\n<\/ul>\n","protected":false},"excerpt":{"rendered":"<ul class=\"uavc-list\">\n<li>\n<div id=\"list-icon-wrap-5694\" class=\"uavc-list-content\"><span class=\"uavc-list-desc ult-responsive\" data-ultimate-target=\"#list-icon-wrap-5694 .uavc-list-desc\" data-responsive-json-new=\"{&quot;font-size&quot;:&quot;&quot;,&quot;line-height&quot;:&quot;&quot;}\"><strong>Origine :\u00a0<\/strong>100 % bois vierge<\/span><\/div>\n<\/li>\n<li>\n<div id=\"list-icon-wrap-7451\" class=\"uavc-list-content\">\n<div class=\"uavc-list-icon \" data-animation=\"\" data-animation-delay=\"03\">\n<div class=\"ult-just-icon-wrapper \">\n<div class=\"align-icon\">\n<div class=\"aio-icon none \"><span class=\"uavc-list-desc ult-responsive\" data-ultimate-target=\"#list-icon-wrap-7451 .uavc-list-desc\" data-responsive-json-new=\"{&quot;font-size&quot;:&quot;&quot;,&quot;line-height&quot;:&quot;&quot;}\"><strong>Dimensions :<\/strong>\u00a03,15 mm &lt; Longueur &lt; 40 mm<\/span><\/div>\n<\/div>\n<\/div>\n<\/div>\n<\/div>\n<\/li>\n<li>\n<div id=\"list-icon-wrap-1694\" class=\"uavc-list-content\">\n<div class=\"uavc-list-icon \" data-animation=\"\" data-animation-delay=\"03\">\n<div class=\"ult-just-icon-wrapper \">\n<div class=\"align-icon\">\n<div class=\"aio-icon none \"><span class=\"uavc-list-desc ult-responsive\" data-ultimate-target=\"#list-icon-wrap-1694 .uavc-list-desc\" data-responsive-json-new=\"{&quot;font-size&quot;:&quot;&quot;,&quot;line-height&quot;:&quot;&quot;}\"><strong>Quantit\u00e9 :<\/strong>\u00a015 kg par sac<\/span><\/div>\n<\/div>\n<\/div>\n<\/div>\n<\/div>\n<\/li>\n<li>\n<div id=\"list-icon-wrap-8152\" class=\"uavc-list-content\">\n<div class=\"uavc-list-icon \" data-animation=\"\" data-animation-delay=\"03\">\n<div class=\"ult-just-icon-wrapper \">\n<div class=\"align-icon\">\n<div class=\"aio-icon none \"><span class=\"uavc-list-desc ult-responsive\" data-ultimate-target=\"#list-icon-wrap-8152 .uavc-list-desc\" data-responsive-json-new=\"{&quot;font-size&quot;:&quot;&quot;,&quot;line-height&quot;:&quot;&quot;}\"><strong>Unit\u00e9 de vente :<\/strong>\u00a072 sacs par palette<\/span><\/div>\n<\/div>\n<\/div>\n<\/div>\n<\/div>\n<\/li>\n<\/ul>\n","protected":false},"featured_media":9246,"comment_status":"closed","ping_status":"closed","template":"","meta":[],"product_brand":[],"product_cat":[85],"product_tag":[],"class_list":{"0":"post-9218","1":"product","2":"type-product","3":"status-publish","4":"has-post-thumbnail","6":"product_cat-pellets","8":"first","9":"instock","10":"sale","11":"shipping-taxable","12":"purchasable","13":"product-type-simple"},"jetpack_sharing_enabled":true,"_links":{"self":[{"href":"https:\/\/troncybois.com\/index.php?rest_route=\/wp\/v2\/product\/9218","targetHints":{"allow":["GET"]}}],"collection":[{"href":"https:\/\/troncybois.com\/index.php?rest_route=\/wp\/v2\/product"}],"about":[{"href":"https:\/\/troncybois.com\/index.php?rest_route=\/wp\/v2\/types\/product"}],"replies":[{"embeddable":true,"href":"https:\/\/troncybois.com\/index.php?rest_route=%2Fwp%2Fv2%2Fcomments&post=9218"}],"version-history":[{"count":1,"href":"https:\/\/troncybois.com\/index.php?rest_route=\/wp\/v2\/product\/9218\/revisions"}],"predecessor-version":[{"id":9249,"href":"https:\/\/troncybois.com\/index.php?rest_route=\/wp\/v2\/product\/9218\/revisions\/9249"}],"wp:featuredmedia":[{"embeddable":true,"href":"https:\/\/troncybois.com\/index.php?rest_route=\/wp\/v2\/media\/9246"}],"wp:attachment":[{"href":"https:\/\/troncybois.com\/index.php?rest_route=%2Fwp%2Fv2%2Fmedia&parent=9218"}],"wp:term":[{"taxonomy":"product_brand","embeddable":true,"href":"https:\/\/troncybois.com\/index.php?rest_route=%2Fwp%2Fv2%2Fproduct_brand&post=9218"},{"taxonomy":"product_cat","embeddable":true,"href":"https:\/\/troncybois.com\/index.php?rest_route=%2Fwp%2Fv2%2Fproduct_cat&post=9218"},{"taxonomy":"product_tag","embeddable":true,"href":"https:\/\/troncybois.com\/index.php?rest_route=%2Fwp%2Fv2%2Fproduct_tag&post=9218"}],"curies":[{"name":"wp","href":"https:\/\/api.w.org\/{rel}","templated":true}]}}