{"id":9136,"date":"2022-10-24T14:09:00","date_gmt":"2022-10-24T12:09:00","guid":{"rendered":"https:\/\/antiquewhite-gerbil-448984.hostingersite.com\/?post_type=product&#038;p=9136"},"modified":"2024-05-30T18:19:49","modified_gmt":"2024-05-30T16:19:49","slug":"pellet-van-roje-palette-de-65-sacs-de-15-kg","status":"publish","type":"product","link":"https:\/\/troncybois.com\/?product=pellet-van-roje-palette-de-65-sacs-de-15-kg","title":{"rendered":"PELLET VAN ROJE &#8211; PALETTE DE 65 SACS DE 15 KG"},"content":{"rendered":"<p><strong>Le pellet VanRoje est notre pellet de bois le plus haut de gamme.<\/strong><\/p>\n<p>Le pellet de bois VANROJE d\u00e9passe les exigences des normes DIN Plus et EN Plus, il est \u00e9galement labellis\u00e9 PEFC (gestion durable des for\u00eats).<\/p>\n<p>Son pouvoir calorifique est 7% au-dessus de la norme DIN Plus.<\/p>\n<p>Il vous garantit 44 % de cendres en moins et 77 % de poussi\u00e8res en moins par rapport \u00e0 un pellet standard.<\/p>\n<p>100 % r\u00e9sineux, sans additif et neutre en CO2, ce pellet de bois est id\u00e9al pour votre po\u00eale ou chaudi\u00e8re.<\/p>\n<p>Il procure une mont\u00e9e rapide en temp\u00e9rature, garde une chaleur constante, vous consommerez moins de pellet qu\u2019avec une autre marque.<\/p>\n<p><strong>Un pellet de Haute qualit\u00e9 allemande !<\/strong><\/p>\n<p>Vous avez choisi d&rsquo;installer un syst\u00e8me de chauffage aux granul\u00e9s de bois et avez eu raison !! en plus d&rsquo;\u00eatre un chauffage \u00e0 \u00e9nergie renouvelable, il est aussi \u00e9conomique.<\/p>\n<p>Avec le pellet VANROJE, vous b\u00e9n\u00e9ficierez d&rsquo;une mont\u00e9e rapide en temp\u00e9rature et gr\u00e2ce \u00e0 ses faibles taux de poussi\u00e8res et de cendres, vous n&rsquo;aurez qu&rsquo;\u00e0 profiter de sa chaleur sans devoir le nettoyer tous les jours.<\/p>\n","protected":false},"excerpt":{"rendered":"<h5 class=\"h6\">La livraison se fait\u00a0jusque dans le lieu de stockage du produit \u00e0 l&rsquo;endroit voulu et le d\u00e9lai de la livraison est comprise entre 1 \u00e0 10 jours.<\/h5>\n","protected":false},"featured_media":9211,"comment_status":"closed","ping_status":"closed","template":"","meta":[],"product_brand":[],"product_cat":[82,85],"product_tag":[],"class_list":{"0":"post-9136","1":"product","2":"type-product","3":"status-publish","4":"has-post-thumbnail","6":"product_cat-granules","7":"product_cat-pellets","9":"first","10":"instock","11":"shipping-taxable","12":"purchasable","13":"product-type-simple"},"jetpack_sharing_enabled":true,"_links":{"self":[{"href":"https:\/\/troncybois.com\/index.php?rest_route=\/wp\/v2\/product\/9136","targetHints":{"allow":["GET"]}}],"collection":[{"href":"https:\/\/troncybois.com\/index.php?rest_route=\/wp\/v2\/product"}],"about":[{"href":"https:\/\/troncybois.com\/index.php?rest_route=\/wp\/v2\/types\/product"}],"replies":[{"embeddable":true,"href":"https:\/\/troncybois.com\/index.php?rest_route=%2Fwp%2Fv2%2Fcomments&post=9136"}],"version-history":[{"count":1,"href":"https:\/\/troncybois.com\/index.php?rest_route=\/wp\/v2\/product\/9136\/revisions"}],"predecessor-version":[{"id":9212,"href":"https:\/\/troncybois.com\/index.php?rest_route=\/wp\/v2\/product\/9136\/revisions\/9212"}],"wp:featuredmedia":[{"embeddable":true,"href":"https:\/\/troncybois.com\/index.php?rest_route=\/wp\/v2\/media\/9211"}],"wp:attachment":[{"href":"https:\/\/troncybois.com\/index.php?rest_route=%2Fwp%2Fv2%2Fmedia&parent=9136"}],"wp:term":[{"taxonomy":"product_brand","embeddable":true,"href":"https:\/\/troncybois.com\/index.php?rest_route=%2Fwp%2Fv2%2Fproduct_brand&post=9136"},{"taxonomy":"product_cat","embeddable":true,"href":"https:\/\/troncybois.com\/index.php?rest_route=%2Fwp%2Fv2%2Fproduct_cat&post=9136"},{"taxonomy":"product_tag","embeddable":true,"href":"https:\/\/troncybois.com\/index.php?rest_route=%2Fwp%2Fv2%2Fproduct_tag&post=9136"}],"curies":[{"name":"wp","href":"https:\/\/api.w.org\/{rel}","templated":true}]}}