{"id":9135,"date":"2022-10-24T14:09:00","date_gmt":"2022-10-24T12:09:00","guid":{"rendered":"https:\/\/antiquewhite-gerbil-448984.hostingersite.com\/?post_type=product&#038;p=9135"},"modified":"2024-05-30T18:17:54","modified_gmt":"2024-05-30T16:17:54","slug":"pellet-excellent-pellets-palette-de-65-sacs-de-15-kg","status":"publish","type":"product","link":"https:\/\/troncybois.com\/?product=pellet-excellent-pellets-palette-de-65-sacs-de-15-kg","title":{"rendered":"PELLET EXCELLENT PELLETS &#8211; PALETTE DE 65 SACS DE 15 KG"},"content":{"rendered":"<p style=\"text-align: justify;\">Ils sont fabriqu\u00e9s au sein d&rsquo;une tr\u00e8s grosse scierie, o\u00f9 les sciures sont directement utilis\u00e9es sur place pour fabriquer les granul\u00e9s. L\u2019utilisation de la sciure en circuit court permet de conserver sa grande fraicheur.<\/p>\n<p style=\"text-align: justify;\">Ces mati\u00e8res premi\u00e8res sont ensuite s\u00e9ch\u00e9es \u00e0 basse temp\u00e9rature (s\u00e9choir \u00e0 bande). Cette maitrise des mati\u00e8res premi\u00e8res permet l\u2019obtention d\u2019un faible taux de cendre et une temp\u00e9rature de d\u00e9formation des cendres \u00e9lev\u00e9e (\u00e9vite la formation de machefer).<\/p>\n<p style=\"text-align: justify;\">La duret\u00e9 importante du granul\u00e9 par un pressage haute densit\u00e9, le faible taux d\u2019humidit\u00e9 et enfin un tamisage effectu\u00e9e avant le remplissage de chaque sac permet un taux de poussi\u00e8re sortie usine tr\u00e8s faible.<\/p>\n<p style=\"text-align: justify;\">Ils d\u00e9passent les normes de qualit\u00e9 les plus strictes DIN Plus ou EN Plus.<\/p>\n<p style=\"text-align: justify;\">Ils conviennent parfaitement pour tous les syst\u00e8mes de chauffage aux granul\u00e9s de bois.<\/p>\n","protected":false},"excerpt":{"rendered":"<h5 class=\"h6\">La livraison se fait\u00a0jusque dans le lieu de stockage du produit \u00e0 l&rsquo;endroit voulu et le d\u00e9lai de la livraison est comprise entre 1 \u00e0 10 jours.<\/h5>\n<h3 class=\"h6\">Fiche technique<\/h3>\n<dl class=\"data-sheet\">\n<dt class=\"name\">Certificats<\/dt>\n<dd class=\"value\">DIN Plus, EN Plus A1<\/dd>\n<dt class=\"name\">Pouvoir Calorifique<\/dt>\n<dd class=\"value\">Inf\u00e9rieur \u00e0 4,9 kWh\/kg<\/dd>\n<dt class=\"name\">Taux D&rsquo;humidit\u00e9<\/dt>\n<dd class=\"value\">Inf\u00e9rieur \u00e0 8%<\/dd>\n<dt class=\"name\">Taux De Cendres<\/dt>\n<dd class=\"value\">Inf\u00e9rieur \u00e0 0,5%<\/dd>\n<dt class=\"name\">Taux De Poussi\u00e8re<\/dt>\n<dd class=\"value\">Inf\u00e9rieur \u00e0 0,21%<\/dd>\n<dt class=\"name\">Essence<\/dt>\n<dd class=\"value\">R\u00e9sineuses<\/dd>\n<dt class=\"name\">Type De Bois<\/dt>\n<dd class=\"value\">100% r\u00e9sineux<\/dd>\n<dt class=\"name\">Conditionnement<\/dt>\n<dd class=\"value\">Palette<\/dd>\n<dt class=\"name\">Origine<\/dt>\n<dd class=\"value\">Belgique<\/dd>\n<\/dl>\n","protected":false},"featured_media":9209,"comment_status":"closed","ping_status":"closed","template":"","meta":[],"product_brand":[],"product_cat":[82,85],"product_tag":[],"class_list":{"0":"post-9135","1":"product","2":"type-product","3":"status-publish","4":"has-post-thumbnail","6":"product_cat-granules","7":"product_cat-pellets","9":"first","10":"instock","11":"shipping-taxable","12":"purchasable","13":"product-type-simple"},"jetpack_sharing_enabled":true,"_links":{"self":[{"href":"https:\/\/troncybois.com\/index.php?rest_route=\/wp\/v2\/product\/9135","targetHints":{"allow":["GET"]}}],"collection":[{"href":"https:\/\/troncybois.com\/index.php?rest_route=\/wp\/v2\/product"}],"about":[{"href":"https:\/\/troncybois.com\/index.php?rest_route=\/wp\/v2\/types\/product"}],"replies":[{"embeddable":true,"href":"https:\/\/troncybois.com\/index.php?rest_route=%2Fwp%2Fv2%2Fcomments&post=9135"}],"version-history":[{"count":1,"href":"https:\/\/troncybois.com\/index.php?rest_route=\/wp\/v2\/product\/9135\/revisions"}],"predecessor-version":[{"id":9210,"href":"https:\/\/troncybois.com\/index.php?rest_route=\/wp\/v2\/product\/9135\/revisions\/9210"}],"wp:featuredmedia":[{"embeddable":true,"href":"https:\/\/troncybois.com\/index.php?rest_route=\/wp\/v2\/media\/9209"}],"wp:attachment":[{"href":"https:\/\/troncybois.com\/index.php?rest_route=%2Fwp%2Fv2%2Fmedia&parent=9135"}],"wp:term":[{"taxonomy":"product_brand","embeddable":true,"href":"https:\/\/troncybois.com\/index.php?rest_route=%2Fwp%2Fv2%2Fproduct_brand&post=9135"},{"taxonomy":"product_cat","embeddable":true,"href":"https:\/\/troncybois.com\/index.php?rest_route=%2Fwp%2Fv2%2Fproduct_cat&post=9135"},{"taxonomy":"product_tag","embeddable":true,"href":"https:\/\/troncybois.com\/index.php?rest_route=%2Fwp%2Fv2%2Fproduct_tag&post=9135"}],"curies":[{"name":"wp","href":"https:\/\/api.w.org\/{rel}","templated":true}]}}