{"id":9134,"date":"2022-10-24T14:09:00","date_gmt":"2022-10-24T12:09:00","guid":{"rendered":"https:\/\/antiquewhite-gerbil-448984.hostingersite.com\/?post_type=product&#038;p=9134"},"modified":"2024-06-04T20:26:44","modified_gmt":"2024-06-04T18:26:44","slug":"granules-de-bois-en-vrac-souffle-100-resineux-2","status":"publish","type":"product","link":"https:\/\/troncybois.com\/?product=granules-de-bois-en-vrac-souffle-100-resineux-2","title":{"rendered":"Granul\u00e9s de bois en vrac souffl\u00e9 100% r\u00e9sineux"},"content":{"rendered":"<blockquote>\n<h2>Granul\u00e9s de bois en vrac<\/h2>\n<\/blockquote>\n<p>La soci\u00e9t\u00e9 Bois Du Loing est \u00e9quip\u00e9e d\u2019un\u00a0camion avec caisson souffleur\u00a0afin de permettre\u00a0la<a href=\"https:\/\/www.piskorski-bois-energie.fr\/content\/1-livraison\"><strong>\u00a0livraison<\/strong>\u00a0\u00e0 domicile<\/a>\u00a0des granul\u00e9s en vrac dans des silos d\u00e9di\u00e9s au\u00a0<strong>pellet<\/strong>.<\/p>\n<p>Il peut effectuer des livraisons de\u00a01 \u00e0 20 tonnes de granul\u00e9s, avec une longueur maximum recommand\u00e9e de d\u00e9potage entre le camion et le silo de\u00a024 m\u00e8tres, il est possible toutefois de souffler jusqu&rsquo;\u00e0 40 m\u00e8tres, la quantit\u00e9 de poussi\u00e8re dans le silo d\u00e9pendra m\u00e9chaniquement de la distance entre le camion et le silo.<\/p>\n<p>La qualit\u00e9 des granul\u00e9s est essentielle pour ce mode de chauffage, c&rsquo;est pourquoi nous avons install\u00e9 en Juin 2015 un\u00a0<a href=\"https:\/\/www.piskorski-bois-energie.fr\/modules\/blockblog\/blockblog-post.php?post_id=7\">stockage de pellets en silos<\/a>\u00a0(1000 tonnes) avec un \u00e9quipement de d\u00e9poussi\u00e9rage au moment du chargement du camion de livraison. La quantit\u00e9 de\u00a0<strong>poussi\u00e8re<\/strong>\u00a0est ainsi<strong>\u00a0quasi nulle<\/strong>\u00a0dans le camion.<\/p>\n<p>Le pellet est 100% r\u00e9sineux et\u00a0<a href=\"http:\/\/www.propellet.fr\/page-la-qualite-du-granule-146.html\">certifi\u00e9 DIN+ et EN+A1<\/a>, les normes les plus restrictives europ\u00e9ennes et allemandes. Vous avez ainsi la garantie d&rsquo;un produit adapt\u00e9 \u00e0 votre chaudi\u00e8re \u00e0 pellets, avec un rendement \u00e9nerg\u00e9tique optimal<\/p>\n<p>La qualit\u00e9 du produit est un crit\u00e8re indispensable \u00e0 prendre en compte, en effet, une qualit\u00e9 inf\u00e9rieure des granul\u00e9s bois (qualit\u00e9 du bois, s\u00e9chage, conditionnement) pourra entra\u00eener :<\/p>\n<ul>\n<li>de nombreux dommages sur les appareils de chauffage\u00a0(encrassage, r\u00e9duction de la dur\u00e9e de vie des appareils de chauffage)<\/li>\n<li>une augmentation du co\u00fbt de chauffage\u00a0(augmentation de la consommation de combustible par une mauvaise combustion)<\/li>\n<li>une d\u00e9gradation de l\u2019environnement\u00a0(mauvaise combustion)<\/li>\n<\/ul>\n<p>Les pellets distribu\u00e9s par la soci\u00e9t\u00e9 Piskorski r\u00e9pondent \u00e0 toutes les exigeances en terme de qualit\u00e9 et de rendement \u00e9nerg\u00e9tique, pour tous les types d&rsquo;appareils au granul\u00e9 de bois.<\/p>\n<p>Fabricant:<strong>\u00a0IBV &amp; Cie s.a.<\/strong>\u00a0Num\u00e9ro d&rsquo;enregistrement DIN+:\u00a0<strong>7A145<\/strong><\/p>\n<p>&nbsp;<\/p>\n","protected":false},"excerpt":{"rendered":"<ul id=\"idTab2\" class=\"bullet\">\n<li>Pouvoir calorifique\u00a05000kWh\/kg<\/li>\n<li>Essences\u00a0R\u00e9sineux 100%<\/li>\n<li>Format\u00a0Vrac souffl\u00e9<\/li>\n<li>Livraison\u00a0Camion souffleur<\/li>\n<\/ul>\n","protected":false},"featured_media":9204,"comment_status":"closed","ping_status":"closed","template":"","meta":[],"product_brand":[],"product_cat":[82],"product_tag":[],"class_list":{"0":"post-9134","1":"product","2":"type-product","3":"status-publish","4":"has-post-thumbnail","6":"product_cat-granules","8":"first","9":"instock","10":"shipping-taxable","11":"purchasable","12":"product-type-simple"},"jetpack_sharing_enabled":true,"_links":{"self":[{"href":"https:\/\/troncybois.com\/index.php?rest_route=\/wp\/v2\/product\/9134","targetHints":{"allow":["GET"]}}],"collection":[{"href":"https:\/\/troncybois.com\/index.php?rest_route=\/wp\/v2\/product"}],"about":[{"href":"https:\/\/troncybois.com\/index.php?rest_route=\/wp\/v2\/types\/product"}],"replies":[{"embeddable":true,"href":"https:\/\/troncybois.com\/index.php?rest_route=%2Fwp%2Fv2%2Fcomments&post=9134"}],"version-history":[{"count":2,"href":"https:\/\/troncybois.com\/index.php?rest_route=\/wp\/v2\/product\/9134\/revisions"}],"predecessor-version":[{"id":14218,"href":"https:\/\/troncybois.com\/index.php?rest_route=\/wp\/v2\/product\/9134\/revisions\/14218"}],"wp:featuredmedia":[{"embeddable":true,"href":"https:\/\/troncybois.com\/index.php?rest_route=\/wp\/v2\/media\/9204"}],"wp:attachment":[{"href":"https:\/\/troncybois.com\/index.php?rest_route=%2Fwp%2Fv2%2Fmedia&parent=9134"}],"wp:term":[{"taxonomy":"product_brand","embeddable":true,"href":"https:\/\/troncybois.com\/index.php?rest_route=%2Fwp%2Fv2%2Fproduct_brand&post=9134"},{"taxonomy":"product_cat","embeddable":true,"href":"https:\/\/troncybois.com\/index.php?rest_route=%2Fwp%2Fv2%2Fproduct_cat&post=9134"},{"taxonomy":"product_tag","embeddable":true,"href":"https:\/\/troncybois.com\/index.php?rest_route=%2Fwp%2Fv2%2Fproduct_tag&post=9134"}],"curies":[{"name":"wp","href":"https:\/\/api.w.org\/{rel}","templated":true}]}}