{"id":9131,"date":"2022-10-24T14:09:00","date_gmt":"2022-10-24T12:09:00","guid":{"rendered":"https:\/\/antiquewhite-gerbil-448984.hostingersite.com\/?post_type=product&#038;p=9131"},"modified":"2024-05-30T18:13:00","modified_gmt":"2024-05-30T16:13:00","slug":"adagio-set-dentretien-poele-a-granules","status":"publish","type":"product","link":"https:\/\/troncybois.com\/?product=adagio-set-dentretien-poele-a-granules","title":{"rendered":"ADAGIO &#8211; Set d&rsquo;entretien po\u00eale \u00e0 granul\u00e9s"},"content":{"rendered":"<p>Set d\u2019entretien pour po\u00eale \u00e0 granul\u00e9s comprenant : pelle \u00e0 granul\u00e9s, \u00e9ponge microfibre pour nettoyer la vitre, balai \u00e0 cendres, pinceau pour d\u00e9poussi\u00e9rer l\u2019appareil<\/p>\n<p>Le set d&rsquo;entretien id\u00e9al pour les po\u00eales \u00e0 pellets, pratique et esthetique.<\/p>\n","protected":false},"excerpt":{"rendered":"<h5 class=\"h6\">La livraison se fait\u00a0jusque dans le lieu de stockage du produit \u00e0 l&rsquo;endroit voulu et le d\u00e9lai de la livraison est comprise entre 1 \u00e0 10 jours.<\/h5>\n","protected":false},"featured_media":9193,"comment_status":"closed","ping_status":"closed","template":"","meta":[],"product_brand":[],"product_cat":[82],"product_tag":[],"class_list":{"0":"post-9131","1":"product","2":"type-product","3":"status-publish","4":"has-post-thumbnail","6":"product_cat-granules","8":"first","9":"instock","10":"shipping-taxable","11":"purchasable","12":"product-type-simple"},"jetpack_sharing_enabled":true,"_links":{"self":[{"href":"https:\/\/troncybois.com\/index.php?rest_route=\/wp\/v2\/product\/9131","targetHints":{"allow":["GET"]}}],"collection":[{"href":"https:\/\/troncybois.com\/index.php?rest_route=\/wp\/v2\/product"}],"about":[{"href":"https:\/\/troncybois.com\/index.php?rest_route=\/wp\/v2\/types\/product"}],"replies":[{"embeddable":true,"href":"https:\/\/troncybois.com\/index.php?rest_route=%2Fwp%2Fv2%2Fcomments&post=9131"}],"version-history":[{"count":1,"href":"https:\/\/troncybois.com\/index.php?rest_route=\/wp\/v2\/product\/9131\/revisions"}],"predecessor-version":[{"id":9195,"href":"https:\/\/troncybois.com\/index.php?rest_route=\/wp\/v2\/product\/9131\/revisions\/9195"}],"wp:featuredmedia":[{"embeddable":true,"href":"https:\/\/troncybois.com\/index.php?rest_route=\/wp\/v2\/media\/9193"}],"wp:attachment":[{"href":"https:\/\/troncybois.com\/index.php?rest_route=%2Fwp%2Fv2%2Fmedia&parent=9131"}],"wp:term":[{"taxonomy":"product_brand","embeddable":true,"href":"https:\/\/troncybois.com\/index.php?rest_route=%2Fwp%2Fv2%2Fproduct_brand&post=9131"},{"taxonomy":"product_cat","embeddable":true,"href":"https:\/\/troncybois.com\/index.php?rest_route=%2Fwp%2Fv2%2Fproduct_cat&post=9131"},{"taxonomy":"product_tag","embeddable":true,"href":"https:\/\/troncybois.com\/index.php?rest_route=%2Fwp%2Fv2%2Fproduct_tag&post=9131"}],"curies":[{"name":"wp","href":"https:\/\/api.w.org\/{rel}","templated":true}]}}