{"id":9129,"date":"2022-10-24T14:09:00","date_gmt":"2022-10-24T12:09:00","guid":{"rendered":"https:\/\/antiquewhite-gerbil-448984.hostingersite.com\/?post_type=product&#038;p=9129"},"modified":"2024-05-30T18:12:15","modified_gmt":"2024-05-30T16:12:15","slug":"opus-rangement-a-granules","status":"publish","type":"product","link":"https:\/\/troncybois.com\/?product=opus-rangement-a-granules","title":{"rendered":"OPUS &#8211; Rangement \u00e0 granul\u00e9s"},"content":{"rendered":"<p>Rangement \u00e0 granul\u00e9s en acier d&rsquo;une contenance de 42kg avec visibilit\u00e9 du niveau de granul\u00e9s \u00e0 travers une vitre.<\/p>\n<p>Id\u00e9al pour ranger le granul\u00e9 \u00e0 proximit\u00e9 et faciliter le chargement du po\u00eale avec la pelle fournie.<\/p>\n<p>Couvercel en acier et mont\u00e9 sur roulettes.<\/p>\n<p>&nbsp;<\/p>\n<p><strong>Dimensions:<\/strong><\/p>\n<ul>\n<li>Hauteur: 66cm<\/li>\n<li>Largeur: 40cm<\/li>\n<li>Profondeur: 30cm<\/li>\n<\/ul>\n","protected":false},"excerpt":{"rendered":"<ul id=\"idTab2\" class=\"bullet\">\n<li>Hauteur\u00a066<\/li>\n<li>Largeur\u00a040<\/li>\n<li>Profondeur\u00a030<\/li>\n<\/ul>\n","protected":false},"featured_media":9185,"comment_status":"closed","ping_status":"closed","template":"","meta":[],"product_brand":[],"product_cat":[82],"product_tag":[],"class_list":{"0":"post-9129","1":"product","2":"type-product","3":"status-publish","4":"has-post-thumbnail","6":"product_cat-granules","8":"first","9":"instock","10":"shipping-taxable","11":"purchasable","12":"product-type-simple"},"jetpack_sharing_enabled":true,"_links":{"self":[{"href":"https:\/\/troncybois.com\/index.php?rest_route=\/wp\/v2\/product\/9129","targetHints":{"allow":["GET"]}}],"collection":[{"href":"https:\/\/troncybois.com\/index.php?rest_route=\/wp\/v2\/product"}],"about":[{"href":"https:\/\/troncybois.com\/index.php?rest_route=\/wp\/v2\/types\/product"}],"replies":[{"embeddable":true,"href":"https:\/\/troncybois.com\/index.php?rest_route=%2Fwp%2Fv2%2Fcomments&post=9129"}],"version-history":[{"count":1,"href":"https:\/\/troncybois.com\/index.php?rest_route=\/wp\/v2\/product\/9129\/revisions"}],"predecessor-version":[{"id":9188,"href":"https:\/\/troncybois.com\/index.php?rest_route=\/wp\/v2\/product\/9129\/revisions\/9188"}],"wp:featuredmedia":[{"embeddable":true,"href":"https:\/\/troncybois.com\/index.php?rest_route=\/wp\/v2\/media\/9185"}],"wp:attachment":[{"href":"https:\/\/troncybois.com\/index.php?rest_route=%2Fwp%2Fv2%2Fmedia&parent=9129"}],"wp:term":[{"taxonomy":"product_brand","embeddable":true,"href":"https:\/\/troncybois.com\/index.php?rest_route=%2Fwp%2Fv2%2Fproduct_brand&post=9129"},{"taxonomy":"product_cat","embeddable":true,"href":"https:\/\/troncybois.com\/index.php?rest_route=%2Fwp%2Fv2%2Fproduct_cat&post=9129"},{"taxonomy":"product_tag","embeddable":true,"href":"https:\/\/troncybois.com\/index.php?rest_route=%2Fwp%2Fv2%2Fproduct_tag&post=9129"}],"curies":[{"name":"wp","href":"https:\/\/api.w.org\/{rel}","templated":true}]}}