{"id":9125,"date":"2022-10-24T14:08:59","date_gmt":"2022-10-24T12:08:59","guid":{"rendered":"https:\/\/antiquewhite-gerbil-448984.hostingersite.com\/?post_type=product&#038;p=9125"},"modified":"2024-05-30T18:32:46","modified_gmt":"2024-05-30T16:32:46","slug":"fractio-rangement-a-granules","status":"publish","type":"product","link":"https:\/\/troncybois.com\/?product=fractio-rangement-a-granules","title":{"rendered":"FRACTIO &#8211; Rangement \u00e0 granul\u00e9s"},"content":{"rendered":"<p>Dot\u00e9, d&rsquo;un design d&rsquo;une grande sobri\u00e9t\u00e9, le rangement \u00e0 granul\u00e9s FRACTIO est avant tout pratique.<\/p>\n<p>Dot\u00e9 de 4 compartiments amovibles et facilement maniables, on peut y r\u00e9partir plus de 20kg de granul\u00e9s. Cela permet de remplir r\u00e9guli\u00e8rement le po\u00eale sans porter de lourdes charges.<\/p>\n<p>Les avantages produit:<\/p>\n<ul>\n<li><strong>4 compartiments<\/strong>\u00a0amovibles pouvant contenir plus de 5kg chacun<\/li>\n<li><strong>Sur roulettes<\/strong>\u00a0pour rapprocher le rangement le plus pr\u00e8s du point de stockage de granul\u00e9s<\/li>\n<li>Inclut un\u00a0<strong>couvercle en acier<\/strong><\/li>\n<li><strong>Poign\u00e9e<\/strong>\u00a0pour prendre en main chaque compartiment<\/li>\n<li>Bec verseur ergonomique<\/li>\n<li>Fond\u00a0<strong>anti-poussi\u00e8res<\/strong><\/li>\n<li><strong>Fabrication Fran\u00e7aise<\/strong><\/li>\n<\/ul>\n<p>&nbsp;<\/p>\n<ul>\n<li><span class=\"black\"><strong>Hauteur :<\/strong>\u00a055 cm<\/span><\/li>\n<li><span class=\"black\"><strong>Longueur :<\/strong>\u00a033 cm<\/span><\/li>\n<li><span class=\"black\"><strong>Profondeur :<\/strong>\u00a033 cm<\/span><\/li>\n<\/ul>\n","protected":false},"excerpt":{"rendered":"<h5 class=\"h6\">La livraison se fait\u00a0jusque dans le lieu de stockage du produit \u00e0 l&rsquo;endroit voulu et le d\u00e9lai de la livraison est comprise entre 1 \u00e0 10 jours.<\/h5>\n","protected":false},"featured_media":9172,"comment_status":"closed","ping_status":"closed","template":"","meta":[],"product_brand":[],"product_cat":[82],"product_tag":[],"class_list":{"0":"post-9125","1":"product","2":"type-product","3":"status-publish","4":"has-post-thumbnail","6":"product_cat-granules","8":"first","9":"instock","10":"shipping-taxable","11":"purchasable","12":"product-type-simple"},"jetpack_sharing_enabled":true,"_links":{"self":[{"href":"https:\/\/troncybois.com\/index.php?rest_route=\/wp\/v2\/product\/9125","targetHints":{"allow":["GET"]}}],"collection":[{"href":"https:\/\/troncybois.com\/index.php?rest_route=\/wp\/v2\/product"}],"about":[{"href":"https:\/\/troncybois.com\/index.php?rest_route=\/wp\/v2\/types\/product"}],"replies":[{"embeddable":true,"href":"https:\/\/troncybois.com\/index.php?rest_route=%2Fwp%2Fv2%2Fcomments&post=9125"}],"version-history":[{"count":1,"href":"https:\/\/troncybois.com\/index.php?rest_route=\/wp\/v2\/product\/9125\/revisions"}],"predecessor-version":[{"id":9175,"href":"https:\/\/troncybois.com\/index.php?rest_route=\/wp\/v2\/product\/9125\/revisions\/9175"}],"wp:featuredmedia":[{"embeddable":true,"href":"https:\/\/troncybois.com\/index.php?rest_route=\/wp\/v2\/media\/9172"}],"wp:attachment":[{"href":"https:\/\/troncybois.com\/index.php?rest_route=%2Fwp%2Fv2%2Fmedia&parent=9125"}],"wp:term":[{"taxonomy":"product_brand","embeddable":true,"href":"https:\/\/troncybois.com\/index.php?rest_route=%2Fwp%2Fv2%2Fproduct_brand&post=9125"},{"taxonomy":"product_cat","embeddable":true,"href":"https:\/\/troncybois.com\/index.php?rest_route=%2Fwp%2Fv2%2Fproduct_cat&post=9125"},{"taxonomy":"product_tag","embeddable":true,"href":"https:\/\/troncybois.com\/index.php?rest_route=%2Fwp%2Fv2%2Fproduct_tag&post=9125"}],"curies":[{"name":"wp","href":"https:\/\/api.w.org\/{rel}","templated":true}]}}