{"id":9120,"date":"2022-10-24T14:08:59","date_gmt":"2022-10-24T12:08:59","guid":{"rendered":"https:\/\/antiquewhite-gerbil-448984.hostingersite.com\/?post_type=product&#038;p=9120"},"modified":"2024-05-30T18:28:46","modified_gmt":"2024-05-30T16:28:46","slug":"palette-granules-sylva","status":"publish","type":"product","link":"https:\/\/troncybois.com\/?product=palette-granules-sylva","title":{"rendered":"PALETTE GRANUL\u00c9S SYLVA"},"content":{"rendered":"<p>Les granul\u00e9s SYLVA b\u00e9n\u00e9ficient d\u2019un\u00a0<strong>s\u00e9chage \u00e0 base temp\u00e9rature<\/strong>\u00a0 80\u00b0C garantissant un faible taux de cendres et un fort pouvoir\u00a0calorifique.<br \/>\n1er scieur FRANCAIS\u00a0fabricant de granul\u00e9s de bois certifi\u00e9 DIN\u00a0plus<br \/>\nIssu uniquement de la transformation de r\u00e9sineux (sciures et copeaux) les granul\u00e9s SYLVA sont garanti\u00a0100 % bois naturel<\/p>\n","protected":false},"excerpt":{"rendered":"<p>Les granul\u00e9s SYLVA b\u00e9n\u00e9ficient d\u2019un\u00a0s\u00e9chage \u00e0 base temp\u00e9rature\u00a0 80\u00b0C garantissant un faible taux de cendres et un fort pouvoir\u00a0calorifique. 1er<\/p>\n","protected":false},"featured_media":9157,"comment_status":"closed","ping_status":"closed","template":"","meta":[],"product_brand":[],"product_cat":[82],"product_tag":[],"class_list":{"0":"post-9120","1":"product","2":"type-product","3":"status-publish","4":"has-post-thumbnail","6":"product_cat-granules","8":"first","9":"instock","10":"sale","11":"shipping-taxable","12":"purchasable","13":"product-type-simple"},"jetpack_sharing_enabled":true,"_links":{"self":[{"href":"https:\/\/troncybois.com\/index.php?rest_route=\/wp\/v2\/product\/9120","targetHints":{"allow":["GET"]}}],"collection":[{"href":"https:\/\/troncybois.com\/index.php?rest_route=\/wp\/v2\/product"}],"about":[{"href":"https:\/\/troncybois.com\/index.php?rest_route=\/wp\/v2\/types\/product"}],"replies":[{"embeddable":true,"href":"https:\/\/troncybois.com\/index.php?rest_route=%2Fwp%2Fv2%2Fcomments&post=9120"}],"version-history":[{"count":1,"href":"https:\/\/troncybois.com\/index.php?rest_route=\/wp\/v2\/product\/9120\/revisions"}],"predecessor-version":[{"id":9158,"href":"https:\/\/troncybois.com\/index.php?rest_route=\/wp\/v2\/product\/9120\/revisions\/9158"}],"wp:featuredmedia":[{"embeddable":true,"href":"https:\/\/troncybois.com\/index.php?rest_route=\/wp\/v2\/media\/9157"}],"wp:attachment":[{"href":"https:\/\/troncybois.com\/index.php?rest_route=%2Fwp%2Fv2%2Fmedia&parent=9120"}],"wp:term":[{"taxonomy":"product_brand","embeddable":true,"href":"https:\/\/troncybois.com\/index.php?rest_route=%2Fwp%2Fv2%2Fproduct_brand&post=9120"},{"taxonomy":"product_cat","embeddable":true,"href":"https:\/\/troncybois.com\/index.php?rest_route=%2Fwp%2Fv2%2Fproduct_cat&post=9120"},{"taxonomy":"product_tag","embeddable":true,"href":"https:\/\/troncybois.com\/index.php?rest_route=%2Fwp%2Fv2%2Fproduct_tag&post=9120"}],"curies":[{"name":"wp","href":"https:\/\/api.w.org\/{rel}","templated":true}]}}