{"id":9119,"date":"2022-10-24T14:08:59","date_gmt":"2022-10-24T12:08:59","guid":{"rendered":"https:\/\/antiquewhite-gerbil-448984.hostingersite.com\/?post_type=product&#038;p=9119"},"modified":"2024-06-04T20:45:48","modified_gmt":"2024-06-04T18:45:48","slug":"palette-granules-bio-pellet","status":"publish","type":"product","link":"https:\/\/troncybois.com\/?product=palette-granules-bio-pellet","title":{"rendered":"PALETTE GRANUL\u00c9S BIO PELLET"},"content":{"rendered":"<div class=\"woocommerce-product-details__short-description\">\n<div class=\"woocommerce-product-details__short-description\">\n<div class=\"woocommerce-product-details__short-description\">\n<div class=\"woocommerce-product-details__short-description\">\n<p>Cette certification europ\u00e9enne\u00a0\u00a0\u00ab EN PLUS A1 \u00bb pr\u00e9sente sur les granul\u00e9s BIO PELLET, garantie une qualit\u00e9 de produits r\u00e9pondant aux performances requises de la norme EN14961-2. Des tests de qualit\u00e9 sont effectu\u00e9s au sein de laboratoires ind\u00e9pendants pour contr\u00f4ler tous les moyens mis en oeuvre pour le respect de la qualit\u00e9 de ces granul\u00e9s.<\/p>\n<\/div>\n<\/div>\n<form class=\"cart\" action=\"https:\/\/bois-erhan.com\/product\/palette-granules-bio-pellet\/\" enctype=\"multipart\/form-data\" method=\"post\">\n<div class=\"quantity\"><\/div>\n<\/form>\n<\/div>\n<\/div>\n","protected":false},"excerpt":{"rendered":"<div class=\"woocommerce-product-details__short-description\">\n<div class=\"woocommerce-product-details__short-description\">\n<p>Cette certification europ\u00e9enne\u00a0\u00a0\u00ab EN PLUS A1 \u00bb pr\u00e9sente sur les granul\u00e9s BIO PELLET, garantie une qualit\u00e9 de produits r\u00e9pondant aux performances requises de la norme EN14961-2. Des tests de qualit\u00e9 sont effectu\u00e9s au sein de laboratoires ind\u00e9pendants pour contr\u00f4ler tous les moyens mis en oeuvre pour le respect de la qualit\u00e9 de ces granul\u00e9s.<\/p>\n<\/div>\n<\/div>\n<form class=\"cart\" action=\"https:\/\/bois-erhan.com\/product\/palette-granules-bio-pellet\/\" enctype=\"multipart\/form-data\" method=\"post\">\n<div class=\"quantity\"><\/div>\n<\/form>\n","protected":false},"featured_media":9155,"comment_status":"closed","ping_status":"closed","template":"","meta":[],"product_brand":[],"product_cat":[82],"product_tag":[],"class_list":{"0":"post-9119","1":"product","2":"type-product","3":"status-publish","4":"has-post-thumbnail","6":"product_cat-granules","8":"first","9":"instock","10":"sale","11":"shipping-taxable","12":"purchasable","13":"product-type-simple"},"jetpack_sharing_enabled":true,"_links":{"self":[{"href":"https:\/\/troncybois.com\/index.php?rest_route=\/wp\/v2\/product\/9119","targetHints":{"allow":["GET"]}}],"collection":[{"href":"https:\/\/troncybois.com\/index.php?rest_route=\/wp\/v2\/product"}],"about":[{"href":"https:\/\/troncybois.com\/index.php?rest_route=\/wp\/v2\/types\/product"}],"replies":[{"embeddable":true,"href":"https:\/\/troncybois.com\/index.php?rest_route=%2Fwp%2Fv2%2Fcomments&post=9119"}],"version-history":[{"count":1,"href":"https:\/\/troncybois.com\/index.php?rest_route=\/wp\/v2\/product\/9119\/revisions"}],"predecessor-version":[{"id":9156,"href":"https:\/\/troncybois.com\/index.php?rest_route=\/wp\/v2\/product\/9119\/revisions\/9156"}],"wp:featuredmedia":[{"embeddable":true,"href":"https:\/\/troncybois.com\/index.php?rest_route=\/wp\/v2\/media\/9155"}],"wp:attachment":[{"href":"https:\/\/troncybois.com\/index.php?rest_route=%2Fwp%2Fv2%2Fmedia&parent=9119"}],"wp:term":[{"taxonomy":"product_brand","embeddable":true,"href":"https:\/\/troncybois.com\/index.php?rest_route=%2Fwp%2Fv2%2Fproduct_brand&post=9119"},{"taxonomy":"product_cat","embeddable":true,"href":"https:\/\/troncybois.com\/index.php?rest_route=%2Fwp%2Fv2%2Fproduct_cat&post=9119"},{"taxonomy":"product_tag","embeddable":true,"href":"https:\/\/troncybois.com\/index.php?rest_route=%2Fwp%2Fv2%2Fproduct_tag&post=9119"}],"curies":[{"name":"wp","href":"https:\/\/api.w.org\/{rel}","templated":true}]}}