{"id":9114,"date":"2022-10-24T14:08:59","date_gmt":"2022-10-24T12:08:59","guid":{"rendered":"https:\/\/antiquewhite-gerbil-448984.hostingersite.com\/?post_type=product&#038;p=9114"},"modified":"2024-05-30T18:23:45","modified_gmt":"2024-05-30T16:23:45","slug":"palette-de-granules-de-bois-pellets-66-sacs-de-15kg","status":"publish","type":"product","link":"https:\/\/troncybois.com\/?product=palette-de-granules-de-bois-pellets-66-sacs-de-15kg","title":{"rendered":"Palette de granul\u00e9s de bois pellets 66 sacs de 15kg"},"content":{"rendered":"<p><strong>Palette de granul\u00e9s de bois pellets 66 sacs de 15kg<\/strong><\/p>\n<p>Les granul\u00e9s de bois pellets BUTAGAZ sont 100% naturels et 100% r\u00e9sineux vous assurant une qualit\u00e9 de chauffage au bois optimal et efficace. Produits en respectant les normes europ\u00e9ennes les plus strictes, et notamment la certification DIN plus, vous avez la certitude d\u2019avoir un combustible de qualit\u00e9 premium pour votre po\u00eale \u00e0 granul\u00e9s.<\/p>\n","protected":false},"excerpt":{"rendered":"<div class=\"product-tabs-wrapper\">\n<div class=\"container\">\n<div class=\"row\">\n<div class=\"col-12 poduct-tabs-inner\">\n<div class=\"woocommerce-tabs wc-tabs-wrapper tabs-layout-tabs\" data-state=\"first\" data-layout=\"tabs\">\n<div class=\"wd-accordion-item\">\n<div id=\"tab-description\" class=\"entry-content woocommerce-Tabs-panel woocommerce-Tabs-panel--description wd-active panel wc-tab\" role=\"tabpanel\" aria-labelledby=\"tab-title-description\" data-accordion-index=\"description\">\n<div class=\"wc-tab-inner\">\n<p>Les granul\u00e9s de bois pellets BUTAGAZ sont 100% naturels et 100% r\u00e9sineux vous assurant une qualit\u00e9 de chauffage au bois optimal et efficace. Produits en respectant les normes europ\u00e9ennes les plus strictes, et notamment la certification DIN plus, vous avez la certitude d\u2019avoir un combustible de qualit\u00e9 premium pour votre po\u00eale \u00e0 granul\u00e9s.<\/p>\n<\/div>\n<\/div>\n<\/div>\n<div class=\"wd-accordion-item\"><\/div>\n<div class=\"wd-accordion-item\"><\/div>\n<div class=\"wd-accordion-item\"><\/div>\n<div class=\"wd-accordion-item\"><\/div>\n<\/div>\n<\/div>\n<\/div>\n<\/div>\n<\/div>\n<div class=\"container related-and-upsells\">\n<div class=\"related-products\"><\/div>\n<\/div>\n","protected":false},"featured_media":9145,"comment_status":"closed","ping_status":"closed","template":"","meta":[],"product_brand":[],"product_cat":[82],"product_tag":[],"class_list":{"0":"post-9114","1":"product","2":"type-product","3":"status-publish","4":"has-post-thumbnail","6":"product_cat-granules","8":"first","9":"instock","10":"shipping-taxable","11":"purchasable","12":"product-type-simple"},"jetpack_sharing_enabled":true,"_links":{"self":[{"href":"https:\/\/troncybois.com\/index.php?rest_route=\/wp\/v2\/product\/9114","targetHints":{"allow":["GET"]}}],"collection":[{"href":"https:\/\/troncybois.com\/index.php?rest_route=\/wp\/v2\/product"}],"about":[{"href":"https:\/\/troncybois.com\/index.php?rest_route=\/wp\/v2\/types\/product"}],"replies":[{"embeddable":true,"href":"https:\/\/troncybois.com\/index.php?rest_route=%2Fwp%2Fv2%2Fcomments&post=9114"}],"version-history":[{"count":1,"href":"https:\/\/troncybois.com\/index.php?rest_route=\/wp\/v2\/product\/9114\/revisions"}],"predecessor-version":[{"id":9146,"href":"https:\/\/troncybois.com\/index.php?rest_route=\/wp\/v2\/product\/9114\/revisions\/9146"}],"wp:featuredmedia":[{"embeddable":true,"href":"https:\/\/troncybois.com\/index.php?rest_route=\/wp\/v2\/media\/9145"}],"wp:attachment":[{"href":"https:\/\/troncybois.com\/index.php?rest_route=%2Fwp%2Fv2%2Fmedia&parent=9114"}],"wp:term":[{"taxonomy":"product_brand","embeddable":true,"href":"https:\/\/troncybois.com\/index.php?rest_route=%2Fwp%2Fv2%2Fproduct_brand&post=9114"},{"taxonomy":"product_cat","embeddable":true,"href":"https:\/\/troncybois.com\/index.php?rest_route=%2Fwp%2Fv2%2Fproduct_cat&post=9114"},{"taxonomy":"product_tag","embeddable":true,"href":"https:\/\/troncybois.com\/index.php?rest_route=%2Fwp%2Fv2%2Fproduct_tag&post=9114"}],"curies":[{"name":"wp","href":"https:\/\/api.w.org\/{rel}","templated":true}]}}