{"id":9110,"date":"2022-10-24T14:08:59","date_gmt":"2022-10-24T12:08:59","guid":{"rendered":"https:\/\/antiquewhite-gerbil-448984.hostingersite.com\/?post_type=product&#038;p=9110"},"modified":"2024-06-07T01:47:43","modified_gmt":"2024-06-06T23:47:43","slug":"granules-de-bois-total-pellet-premier-palette-990kg","status":"publish","type":"product","link":"https:\/\/troncybois.com\/?product=granules-de-bois-total-pellet-premier-palette-990kg","title":{"rendered":"GRANUL\u00c9S de bois total pellet PREMIER- palette 990KG"},"content":{"rendered":"<p>Le conditionnement en sacs des Pellets Premium de TotalEnergies fournit de nombreux avantages au consommateur L\u2019emballage \u00e9tanche permet de conserver la qualit\u00e9 des granul\u00e9s de bois ;<br \/>\nLe conditionnement en sacs ne produit aucune poussi\u00e8re dans votre lieu de stockage ;<br \/>\nLe stockage en lui-m\u00eame est facilit\u00e9 par le format pratique des sacs de pellets.<\/p>\n","protected":false},"excerpt":{"rendered":"<p><strong>GRANUL\u00c9S de bois total pellet PREMIER- palette 990KG<\/strong><\/p>\n<p>Le conditionnement en sacs des Pellets Premium de TotalEnergies fournit de nombreux avantages au consommateur :<\/p>\n<p>L\u2019emballage \u00e9tanche permet de conserver la qualit\u00e9 des granul\u00e9s de bois ;<br \/>\nLe conditionnement en sacs ne produit aucune poussi\u00e8re dans votre lieu de stockage ;<br \/>\nLe stockage en lui-m\u00eame est facilit\u00e9 par le format pratique des sacs de pellets.<\/p>\n","protected":false},"featured_media":9137,"comment_status":"closed","ping_status":"closed","template":"","meta":[],"product_brand":[],"product_cat":[82],"product_tag":[],"class_list":{"0":"post-9110","1":"product","2":"type-product","3":"status-publish","4":"has-post-thumbnail","6":"product_cat-granules","8":"first","9":"instock","10":"shipping-taxable","11":"purchasable","12":"product-type-simple"},"jetpack_sharing_enabled":true,"_links":{"self":[{"href":"https:\/\/troncybois.com\/index.php?rest_route=\/wp\/v2\/product\/9110","targetHints":{"allow":["GET"]}}],"collection":[{"href":"https:\/\/troncybois.com\/index.php?rest_route=\/wp\/v2\/product"}],"about":[{"href":"https:\/\/troncybois.com\/index.php?rest_route=\/wp\/v2\/types\/product"}],"replies":[{"embeddable":true,"href":"https:\/\/troncybois.com\/index.php?rest_route=%2Fwp%2Fv2%2Fcomments&post=9110"}],"version-history":[{"count":1,"href":"https:\/\/troncybois.com\/index.php?rest_route=\/wp\/v2\/product\/9110\/revisions"}],"predecessor-version":[{"id":9138,"href":"https:\/\/troncybois.com\/index.php?rest_route=\/wp\/v2\/product\/9110\/revisions\/9138"}],"wp:featuredmedia":[{"embeddable":true,"href":"https:\/\/troncybois.com\/index.php?rest_route=\/wp\/v2\/media\/9137"}],"wp:attachment":[{"href":"https:\/\/troncybois.com\/index.php?rest_route=%2Fwp%2Fv2%2Fmedia&parent=9110"}],"wp:term":[{"taxonomy":"product_brand","embeddable":true,"href":"https:\/\/troncybois.com\/index.php?rest_route=%2Fwp%2Fv2%2Fproduct_brand&post=9110"},{"taxonomy":"product_cat","embeddable":true,"href":"https:\/\/troncybois.com\/index.php?rest_route=%2Fwp%2Fv2%2Fproduct_cat&post=9110"},{"taxonomy":"product_tag","embeddable":true,"href":"https:\/\/troncybois.com\/index.php?rest_route=%2Fwp%2Fv2%2Fproduct_tag&post=9110"}],"curies":[{"name":"wp","href":"https:\/\/api.w.org\/{rel}","templated":true}]}}