{"id":9050,"date":"2022-10-24T14:08:45","date_gmt":"2022-10-24T12:08:45","guid":{"rendered":"https:\/\/antiquewhite-gerbil-448984.hostingersite.com\/?post_type=product&#038;p=9050"},"modified":"2024-06-07T01:35:37","modified_gmt":"2024-06-06T23:35:37","slug":"granules-de-bois-isko-palette-de-65-sacs-975kg","status":"publish","type":"product","link":"https:\/\/troncybois.com\/?product=granules-de-bois-isko-palette-de-65-sacs-975kg","title":{"rendered":"Granul\u00e9s de bois ISKO \u2013 Palette de 65 sacs 975kg"},"content":{"rendered":"<p>Cr\u00e9\u00e9e en 2019, la marque\u00a0<strong>ISKO<\/strong>\u00a0s\u2019inscrit pleinement dans\u00a0la d\u00e9marche de l\u2019entreprise\u00a0familiale Piskorski.<br \/>\nElle adopte le coeur\u00a0de son nom \u2013<strong>\u00a0ISKO<\/strong>\u00a0, qui\u00a0est l\u2019extraction de Piskorski.<br \/>\nElle repr\u00e9sente un produit\u00a0<strong>authentique et haut de gamme<\/strong>,\u00a0dans l\u2019esprit des valeurs\u00a0qui fondent l\u2019entreprise\u00a0depuis 1940.<\/p>\n<p>Le prix \u00a0emport\u00e9 est valable dans nos agences de Brieulles sur Meuse, de Metz et Ludres.<\/p>\n<ul>\n<li>Pouvoir calorifique: &gt; 5 kWh\/kg, &gt; 18,0 MJ\/kg<\/li>\n<li>6 mm de diam\u00e8tre<\/li>\n<li>30 mm de long<\/li>\n<li>&lt; 10 % d\u2019humidit\u00e9<\/li>\n<li>&lt; 0,5 % de cendres<\/li>\n<li>\u2265 97,5 % de durabilit\u00e9 m\u00e9canique<\/li>\n<li>&lt; 1,2 kg \/dm3 de densit\u00e9<\/li>\n<li>\u2264 1 % de taux de fines (au point de vente)<\/li>\n<\/ul>\n","protected":false},"excerpt":{"rendered":"<p><strong>ISKO, les\u00a0granul\u00e9s de bois par Piskorski.\u00a070\u00a0ann\u00e9es d\u2019exp\u00e9rience dans le\u00a0bois\u00a0sont synth\u00e9tis\u00e9es dans notre marque de granul\u00e9s<\/strong><\/p>\n<p>Palette de 65 Sacs de 15 kg de Granul\u00e9s de bois =\u00a0<em>975kg.<\/em><\/p>\n<p>Granul\u00e9s de bois\u00a0<strong>DIN+<\/strong>, 100% r\u00e9sineux.<\/p>\n","protected":false},"featured_media":9106,"comment_status":"closed","ping_status":"closed","template":"","meta":[],"product_brand":[],"product_cat":[82],"product_tag":[],"class_list":{"0":"post-9050","1":"product","2":"type-product","3":"status-publish","4":"has-post-thumbnail","6":"product_cat-granules","8":"first","9":"instock","10":"shipping-taxable","11":"purchasable","12":"product-type-simple"},"jetpack_sharing_enabled":true,"_links":{"self":[{"href":"https:\/\/troncybois.com\/index.php?rest_route=\/wp\/v2\/product\/9050","targetHints":{"allow":["GET"]}}],"collection":[{"href":"https:\/\/troncybois.com\/index.php?rest_route=\/wp\/v2\/product"}],"about":[{"href":"https:\/\/troncybois.com\/index.php?rest_route=\/wp\/v2\/types\/product"}],"replies":[{"embeddable":true,"href":"https:\/\/troncybois.com\/index.php?rest_route=%2Fwp%2Fv2%2Fcomments&post=9050"}],"version-history":[{"count":1,"href":"https:\/\/troncybois.com\/index.php?rest_route=\/wp\/v2\/product\/9050\/revisions"}],"predecessor-version":[{"id":9107,"href":"https:\/\/troncybois.com\/index.php?rest_route=\/wp\/v2\/product\/9050\/revisions\/9107"}],"wp:featuredmedia":[{"embeddable":true,"href":"https:\/\/troncybois.com\/index.php?rest_route=\/wp\/v2\/media\/9106"}],"wp:attachment":[{"href":"https:\/\/troncybois.com\/index.php?rest_route=%2Fwp%2Fv2%2Fmedia&parent=9050"}],"wp:term":[{"taxonomy":"product_brand","embeddable":true,"href":"https:\/\/troncybois.com\/index.php?rest_route=%2Fwp%2Fv2%2Fproduct_brand&post=9050"},{"taxonomy":"product_cat","embeddable":true,"href":"https:\/\/troncybois.com\/index.php?rest_route=%2Fwp%2Fv2%2Fproduct_cat&post=9050"},{"taxonomy":"product_tag","embeddable":true,"href":"https:\/\/troncybois.com\/index.php?rest_route=%2Fwp%2Fv2%2Fproduct_tag&post=9050"}],"curies":[{"name":"wp","href":"https:\/\/api.w.org\/{rel}","templated":true}]}}