{"id":9046,"date":"2022-10-24T14:08:45","date_gmt":"2022-10-24T12:08:45","guid":{"rendered":"https:\/\/antiquewhite-gerbil-448984.hostingersite.com\/?post_type=product&#038;p=9046"},"modified":"2024-05-30T18:47:31","modified_gmt":"2024-05-30T16:47:31","slug":"granules-de-bois-en-vrac","status":"publish","type":"product","link":"https:\/\/troncybois.com\/?product=granules-de-bois-en-vrac","title":{"rendered":"Granul\u00e9s de bois en vrac"},"content":{"rendered":"<p>es granul\u00e9s de bois que nous distribuons en vrac sont certifi\u00e9s EN+A1, DIN + ou NF haute performance.<br \/>\nCes produits, compatibles avec les po\u00eales et les inserts \u00e0 granul\u00e9s, vous garantissent un haut pouvoir calorifique et permettent ainsi de r\u00e9aliser des \u00e9conomies d\u2019\u00e9nergie. Ils ne contiennent aucun bois de recyclage.<br \/>\nG\u00e9n\u00e9rant peu de poussi\u00e8res, ces pellets augmentent la dur\u00e9e de vie de votre installation tout en pr\u00e9servant l\u2019air de votre logement. Ces granul\u00e9s sont respectueux de l\u2019environnement.<\/p>\n","protected":false},"excerpt":{"rendered":"<p>Les granul\u00e9s de bois que nous distribuons en Vrac sont exclusivement fabriqu\u00e9s \u00e0 partir de sciure de bois r\u00e9sineux. Ils sont certifi\u00e9s EN+A1, DIN+ ou NF haute performance. Livraison minimum : 2 tonnes Longueur maximum du tuyau : 35 m Un premier distributeur automatique de granul\u00e9s vrac est en place, station de lavage de l\u2019Elephant Bleu, rond point avenue Churchill \u00e0 Dreux.<\/p>\n","protected":false},"featured_media":9098,"comment_status":"closed","ping_status":"closed","template":"","meta":[],"product_brand":[],"product_cat":[82],"product_tag":[],"class_list":{"0":"post-9046","1":"product","2":"type-product","3":"status-publish","4":"has-post-thumbnail","6":"product_cat-granules","8":"first","9":"instock","10":"shipping-taxable","11":"purchasable","12":"product-type-simple"},"jetpack_sharing_enabled":true,"_links":{"self":[{"href":"https:\/\/troncybois.com\/index.php?rest_route=\/wp\/v2\/product\/9046","targetHints":{"allow":["GET"]}}],"collection":[{"href":"https:\/\/troncybois.com\/index.php?rest_route=\/wp\/v2\/product"}],"about":[{"href":"https:\/\/troncybois.com\/index.php?rest_route=\/wp\/v2\/types\/product"}],"replies":[{"embeddable":true,"href":"https:\/\/troncybois.com\/index.php?rest_route=%2Fwp%2Fv2%2Fcomments&post=9046"}],"version-history":[{"count":1,"href":"https:\/\/troncybois.com\/index.php?rest_route=\/wp\/v2\/product\/9046\/revisions"}],"predecessor-version":[{"id":9099,"href":"https:\/\/troncybois.com\/index.php?rest_route=\/wp\/v2\/product\/9046\/revisions\/9099"}],"wp:featuredmedia":[{"embeddable":true,"href":"https:\/\/troncybois.com\/index.php?rest_route=\/wp\/v2\/media\/9098"}],"wp:attachment":[{"href":"https:\/\/troncybois.com\/index.php?rest_route=%2Fwp%2Fv2%2Fmedia&parent=9046"}],"wp:term":[{"taxonomy":"product_brand","embeddable":true,"href":"https:\/\/troncybois.com\/index.php?rest_route=%2Fwp%2Fv2%2Fproduct_brand&post=9046"},{"taxonomy":"product_cat","embeddable":true,"href":"https:\/\/troncybois.com\/index.php?rest_route=%2Fwp%2Fv2%2Fproduct_cat&post=9046"},{"taxonomy":"product_tag","embeddable":true,"href":"https:\/\/troncybois.com\/index.php?rest_route=%2Fwp%2Fv2%2Fproduct_tag&post=9046"}],"curies":[{"name":"wp","href":"https:\/\/api.w.org\/{rel}","templated":true}]}}