{"id":9045,"date":"2022-10-24T14:08:45","date_gmt":"2022-10-24T12:08:45","guid":{"rendered":"https:\/\/antiquewhite-gerbil-448984.hostingersite.com\/?post_type=product&#038;p=9045"},"modified":"2024-06-07T01:10:27","modified_gmt":"2024-06-06T23:10:27","slug":"granules-de-bois-embraz-palette-68-sacs","status":"publish","type":"product","link":"https:\/\/troncybois.com\/?product=granules-de-bois-embraz-palette-68-sacs","title":{"rendered":"Granul\u00e9s de Bois EMBR\u2019AZ (Palette 68 sacs)"},"content":{"rendered":"<p>Qualit\u00e9 PREMIUM \u00ab Qualit\u00e9 Haute performance \u00bb<\/p>\n<p>Le pellet EMBRA\u2019Z\u00ae PREMIUM \u00ab Qualit\u00e9 Haute Performance \u00bb fabriqu\u00e9 dans les usines Normandes et Bretonnes pr\u00e9sente de nombreux avantages :<\/p>\n<p>\u2013 Pellet Eco certifi\u00e9 : PEFC, NF Biocombustibles solides et Din+<\/p>\n<p>\u2013 Bois naturel propre 100 % r\u00e9sineux dont la mati\u00e8re premi\u00e8re provient des scieries : sciure de qualit\u00e9 issue directement de la coupe de grumes<\/p>\n<p>\u2013 Un pellet qui chauffe : pouvoir calorifique inf\u00e9rieur sur sec &gt; 5 kWh\/kg<\/p>\n<p>\u2013 Pellet avec un taux d\u2019humidit\u00e9 faible &lt; 8%<\/p>\n<p>\u2013 Taux de cendre tr\u00e8s bas &lt; 1%<\/p>\n","protected":false},"excerpt":{"rendered":"<div class=\"woocommerce-product-details__short-description\">\n<p>Qualit\u00e9 PREMIUM \u00ab Qualit\u00e9 Haute performance \u00bb<\/p>\n<p>Le pellet EMBRA\u2019Z\u00ae PREMIUM \u00ab Qualit\u00e9 Haute Performance \u00bb fabriqu\u00e9 dans les usines Normandes et Bretonnes pr\u00e9sente de nombreux avantages :<\/p>\n<p>\u2013 Pellet Eco certifi\u00e9 : PEFC, NF Biocombustibles solides et Din+<\/p>\n<p>\u2013 Bois naturel propre 100 % r\u00e9sineux dont la mati\u00e8re premi\u00e8re provient des scieries : sciure de qualit\u00e9 issue directement de la coupe de grumes<\/p>\n<p>\u2013 Un pellet qui chauffe : pouvoir calorifique inf\u00e9rieur sur sec &gt; 5 kWh\/kg<\/p>\n<p>\u2013 Pellet avec un taux d\u2019humidit\u00e9 faible &lt; 8%<\/p>\n<p>\u2013 Taux de cendre tr\u00e8s bas &lt; 1%<\/p>\n<\/div>\n<form class=\"cart\" action=\"https:\/\/bois-erhan.com\/product\/granules-de-bois-embraz-palette-68-sacs-2\/\" enctype=\"multipart\/form-data\" method=\"post\">\n<div class=\"quantity\"><label class=\"screen-reader-text\" for=\"quantity_63390d9aa3a96\">quantit\u00e9 de Granul\u00e9s de Bois EMBR\u2019AZ (Palette 68 sacs)<\/label><\/div>\n<\/form>\n","protected":false},"featured_media":9096,"comment_status":"closed","ping_status":"closed","template":"","meta":[],"product_brand":[],"product_cat":[82],"product_tag":[],"class_list":{"0":"post-9045","1":"product","2":"type-product","3":"status-publish","4":"has-post-thumbnail","6":"product_cat-granules","8":"first","9":"instock","10":"sale","11":"shipping-taxable","12":"purchasable","13":"product-type-simple"},"jetpack_sharing_enabled":true,"_links":{"self":[{"href":"https:\/\/troncybois.com\/index.php?rest_route=\/wp\/v2\/product\/9045","targetHints":{"allow":["GET"]}}],"collection":[{"href":"https:\/\/troncybois.com\/index.php?rest_route=\/wp\/v2\/product"}],"about":[{"href":"https:\/\/troncybois.com\/index.php?rest_route=\/wp\/v2\/types\/product"}],"replies":[{"embeddable":true,"href":"https:\/\/troncybois.com\/index.php?rest_route=%2Fwp%2Fv2%2Fcomments&post=9045"}],"version-history":[{"count":1,"href":"https:\/\/troncybois.com\/index.php?rest_route=\/wp\/v2\/product\/9045\/revisions"}],"predecessor-version":[{"id":9097,"href":"https:\/\/troncybois.com\/index.php?rest_route=\/wp\/v2\/product\/9045\/revisions\/9097"}],"wp:featuredmedia":[{"embeddable":true,"href":"https:\/\/troncybois.com\/index.php?rest_route=\/wp\/v2\/media\/9096"}],"wp:attachment":[{"href":"https:\/\/troncybois.com\/index.php?rest_route=%2Fwp%2Fv2%2Fmedia&parent=9045"}],"wp:term":[{"taxonomy":"product_brand","embeddable":true,"href":"https:\/\/troncybois.com\/index.php?rest_route=%2Fwp%2Fv2%2Fproduct_brand&post=9045"},{"taxonomy":"product_cat","embeddable":true,"href":"https:\/\/troncybois.com\/index.php?rest_route=%2Fwp%2Fv2%2Fproduct_cat&post=9045"},{"taxonomy":"product_tag","embeddable":true,"href":"https:\/\/troncybois.com\/index.php?rest_route=%2Fwp%2Fv2%2Fproduct_tag&post=9045"}],"curies":[{"name":"wp","href":"https:\/\/api.w.org\/{rel}","templated":true}]}}